{"id":4058,"date":"2020-09-16T11:33:54","date_gmt":"2020-09-16T11:33:54","guid":{"rendered":"https:\/\/blogsaverroes.juntadeandalucia.es\/iesfrayluisdegranada\/?page_id=4058"},"modified":"2024-09-12T10:47:04","modified_gmt":"2024-09-12T10:47:04","slug":"jefatura-de-estudios","status":"publish","type":"page","link":"https:\/\/blogsaverroes.juntadeandalucia.es\/iesfrayluisdegranada\/equipo-directivo\/jefatura-de-estudios\/","title":{"rendered":"Jefatura de Estudios"},"content":{"rendered":"<p><a href=\"https:\/\/blogsaverroes.juntadeandalucia.es\/iesfrayluisdegranada\/files\/2021\/07\/Francisco-Dur\u00e1n-Ceacero-21.jpg\"><img decoding=\"async\" class=\"alignright size-full wp-image-5249\" src=\"https:\/\/blogsaverroes.juntadeandalucia.es\/iesfrayluisdegranada\/files\/2021\/07\/Francisco-Dur\u00e1n-Ceacero-21.jpg\" alt=\"\" width=\"150\" height=\"207\" srcset=\"https:\/\/blogsaverroes.juntadeandalucia.es\/iesfrayluisdegranada\/files\/2021\/07\/Francisco-Dur\u00e1n-Ceacero-21.jpg 472w, https:\/\/blogsaverroes.juntadeandalucia.es\/iesfrayluisdegranada\/files\/2021\/07\/Francisco-Dur\u00e1n-Ceacero-21-217x300.jpg 217w\" sizes=\"(max-width: 150px) 100vw, 150px\" \/><\/a>El Jefe de Estudios del IES Fray Luis de Granada es Francisco Dur\u00e1n Ceacero.<\/p>\n<p>Sus funciones principales son la organizaci\u00f3n lectiva, la coordinaci\u00f3n de las actividades acad\u00e9micas y de las tutor\u00edas y la gesti\u00f3n de la convivencia.<\/p>\n<p>Puedes navegar por las distintas secciones de la Jefatura de Estudios, haz clic a continuaci\u00f3n o a trav\u00e9s de todas las opciones del men\u00fa superior:<\/p>\n<ul>\n<li><a href=\"https:\/\/blogsaverroes.juntadeandalucia.es\/iesfrayluisdegranada\/solicitud-de-cambio-de-asignatura-o-grupo\/\">Solicitud de cambio de asignatura o grupo<\/a> (hasta el 20 de septiembre)<\/li>\n<li><a href=\"https:\/\/blogsaverroes.juntadeandalucia.es\/iesfrayluisdegranada\/normas-de-convivencia\/\">Normas de convivencia<\/a>.<\/li>\n<li><a href=\"https:\/\/blogsaverroes.juntadeandalucia.es\/iesfrayluisdegranada\/libros-de-texto\/\">Libros de texto<\/a>.<\/li>\n<li>Tutor\u00edas, profesorado y horarios (pueden consultarse en PASEN).<\/li>\n<li><a href=\"https:\/\/blogsaverroes.juntadeandalucia.es\/iesfrayluisdegranada\/orientaciones-para-la-presentacion-de-libretas-examenes-trabajos\/\">Normas para la presentaci\u00f3n de trabajos<\/a>.<\/li>\n<li><a href=\"https:\/\/blogsaverroes.juntadeandalucia.es\/iesfrayluisdegranada\/garantias-procedimentales-de-la-evaluacion\/\">Garant\u00edas procedimentales de la evaluaci\u00f3n<\/a>.<\/li>\n<\/ul>\n<p>\ud83d\udc49 <a href=\"https:\/\/blogsaverroes.juntadeandalucia.es\/iesfrayluisdegranada\/contactar\/\">Contacto<\/a>.<\/p>\n<p>&nbsp;<\/p>\n<p>&nbsp;<\/p>\n<p>&nbsp;<\/p>\n","protected":false},"excerpt":{"rendered":"<p>El Jefe de Estudios del IES Fray Luis de Granada es Francisco Dur\u00e1n Ceacero. Sus funciones principales son la organizaci\u00f3n lectiva, la coordinaci\u00f3n de las actividades acad\u00e9micas y de las tutor\u00edas y la gesti\u00f3n&#46;&#46;&#46;<\/p>\n","protected":false},"author":2185,"featured_media":0,"parent":42,"menu_order":0,"comment_status":"closed","ping_status":"closed","template":"","meta":{"ngg_post_thumbnail":0,"footnotes":""},"aioseo_notices":[],"_links":{"self":[{"href":"https:\/\/blogsaverroes.juntadeandalucia.es\/iesfrayluisdegranada\/wp-json\/wp\/v2\/pages\/4058"}],"collection":[{"href":"https:\/\/blogsaverroes.juntadeandalucia.es\/iesfrayluisdegranada\/wp-json\/wp\/v2\/pages"}],"about":[{"href":"https:\/\/blogsaverroes.juntadeandalucia.es\/iesfrayluisdegranada\/wp-json\/wp\/v2\/types\/page"}],"author":[{"embeddable":true,"href":"https:\/\/blogsaverroes.juntadeandalucia.es\/iesfrayluisdegranada\/wp-json\/wp\/v2\/users\/2185"}],"replies":[{"embeddable":true,"href":"https:\/\/blogsaverroes.juntadeandalucia.es\/iesfrayluisdegranada\/wp-json\/wp\/v2\/comments?post=4058"}],"version-history":[{"count":8,"href":"https:\/\/blogsaverroes.juntadeandalucia.es\/iesfrayluisdegranada\/wp-json\/wp\/v2\/pages\/4058\/revisions"}],"predecessor-version":[{"id":11176,"href":"https:\/\/blogsaverroes.juntadeandalucia.es\/iesfrayluisdegranada\/wp-json\/wp\/v2\/pages\/4058\/revisions\/11176"}],"up":[{"embeddable":true,"href":"https:\/\/blogsaverroes.juntadeandalucia.es\/iesfrayluisdegranada\/wp-json\/wp\/v2\/pages\/42"}],"wp:attachment":[{"href":"https:\/\/blogsaverroes.juntadeandalucia.es\/iesfrayluisdegranada\/wp-json\/wp\/v2\/media?parent=4058"}],"curies":[{"name":"wp","href":"https:\/\/api.w.org\/{rel}","templated":true}]}}