{"id":4126,"date":"2020-10-16T08:57:25","date_gmt":"2020-10-16T08:57:25","guid":{"rendered":"https:\/\/blogsaverroes.juntadeandalucia.es\/iesfrayluisdegranada\/?page_id=4126"},"modified":"2022-09-25T08:52:30","modified_gmt":"2022-09-25T08:52:30","slug":"pasen-autologgin-y-recuperacion-de-contrasena","status":"publish","type":"page","link":"https:\/\/blogsaverroes.juntadeandalucia.es\/iesfrayluisdegranada\/pasen\/pasen-autologgin-y-recuperacion-de-contrasena\/","title":{"rendered":"Autologin y recuperaci\u00f3n de CONTRASE\u00d1A"},"content":{"rendered":"<p>En estos v\u00eddeos se explica c\u00f3mo configurar PASEN en el dispositivo m\u00f3vil por primera vez y tambi\u00e9n c\u00f3mo recuperar la contrase\u00f1a o el usuario de acceso en caso de p\u00e9rdida u olvido de los mismos, bloqueo de la app o cualquier otra incidencia de \u00edndole similar.<\/p>\n<p>[youtube <a href=\"https:\/\/www.youtube.com\/watch?v=toQjQCEWVxQ\">https:\/\/www.youtube.com\/watch?v=OR7r9OcG8sE<\/a>]<br \/>\n&nbsp;<\/p>\n<p><iframe title=\"Autologin, recordar contrase\u00f1a y cambio de contrase\u00f1a\" width=\"500\" height=\"281\" src=\"https:\/\/www.youtube.com\/embed\/toQjQCEWVxQ?feature=oembed&#038;wmode=opaque\" frameborder=\"0\" allow=\"accelerometer; autoplay; clipboard-write; encrypted-media; gyroscope; picture-in-picture; web-share\" referrerpolicy=\"strict-origin-when-cross-origin\" allowfullscreen><\/iframe><\/p>\n<p>Hay que recordar que <strong>no es preciso contactar con el centro cada vez que se pierda la clave<\/strong> o \u00e9sta deje de funcionar. Solamente habr\u00e1 que requerir ayuda del instituto al cambiar de n\u00famero de tel\u00e9fono m\u00f3vil o cuando las credenciales no lleguen ni por SMS ni por correo electr\u00f3nico. En tales casos, la propia aplicaci\u00f3n mostrar\u00e1 un mensaje indicando que es necesario ponerse en contacto con el centro educativo.<\/p>\n","protected":false},"excerpt":{"rendered":"<p>En estos v\u00eddeos se explica c\u00f3mo configurar PASEN en el dispositivo m\u00f3vil por primera vez y tambi\u00e9n c\u00f3mo recuperar la contrase\u00f1a o el usuario de acceso en caso de p\u00e9rdida u olvido de los&#46;&#46;&#46;<\/p>\n","protected":false},"author":2185,"featured_media":0,"parent":4170,"menu_order":0,"comment_status":"closed","ping_status":"closed","template":"","meta":{"ngg_post_thumbnail":0,"footnotes":""},"aioseo_notices":[],"_links":{"self":[{"href":"https:\/\/blogsaverroes.juntadeandalucia.es\/iesfrayluisdegranada\/wp-json\/wp\/v2\/pages\/4126"}],"collection":[{"href":"https:\/\/blogsaverroes.juntadeandalucia.es\/iesfrayluisdegranada\/wp-json\/wp\/v2\/pages"}],"about":[{"href":"https:\/\/blogsaverroes.juntadeandalucia.es\/iesfrayluisdegranada\/wp-json\/wp\/v2\/types\/page"}],"author":[{"embeddable":true,"href":"https:\/\/blogsaverroes.juntadeandalucia.es\/iesfrayluisdegranada\/wp-json\/wp\/v2\/users\/2185"}],"replies":[{"embeddable":true,"href":"https:\/\/blogsaverroes.juntadeandalucia.es\/iesfrayluisdegranada\/wp-json\/wp\/v2\/comments?post=4126"}],"version-history":[{"count":16,"href":"https:\/\/blogsaverroes.juntadeandalucia.es\/iesfrayluisdegranada\/wp-json\/wp\/v2\/pages\/4126\/revisions"}],"predecessor-version":[{"id":6837,"href":"https:\/\/blogsaverroes.juntadeandalucia.es\/iesfrayluisdegranada\/wp-json\/wp\/v2\/pages\/4126\/revisions\/6837"}],"up":[{"embeddable":true,"href":"https:\/\/blogsaverroes.juntadeandalucia.es\/iesfrayluisdegranada\/wp-json\/wp\/v2\/pages\/4170"}],"wp:attachment":[{"href":"https:\/\/blogsaverroes.juntadeandalucia.es\/iesfrayluisdegranada\/wp-json\/wp\/v2\/media?parent=4126"}],"curies":[{"name":"wp","href":"https:\/\/api.w.org\/{rel}","templated":true}]}}