{"id":4149,"date":"2020-10-17T18:30:40","date_gmt":"2020-10-17T18:30:40","guid":{"rendered":"https:\/\/blogsaverroes.juntadeandalucia.es\/iesfrayluisdegranada\/?page_id=4149"},"modified":"2020-11-02T10:17:59","modified_gmt":"2020-11-02T10:17:59","slug":"comunicar-y-justificar-faltas","status":"publish","type":"page","link":"https:\/\/blogsaverroes.juntadeandalucia.es\/iesfrayluisdegranada\/pasen\/comunicar-y-justificar-faltas\/","title":{"rendered":"Comunicaci\u00f3n y justificaci\u00f3n de AUSENCIAS"},"content":{"rendered":"<p>En este v\u00eddeo se explica c\u00f3mo comunicar faltas y c\u00f3mo justificarlas. La comunicaci\u00f3n no es obligatoria, pero s\u00ed conveniente. Sin embargo, la justificaci\u00f3n de ausencias debe realizarse SIEMPRE que \u00e9stas se produzcan, por parte de los tutores legales del alumnado menor de edad.<\/p>\n<ul>\n<li>La <strong>comunicaci\u00f3n<\/strong> de ausencias al profesorado puede efectuarse antes de que \u00e9stas se produzcan.<\/li>\n<li>La <strong>justificaci\u00f3n<\/strong> de las ausencias por los tutores legales se realiza una vez que se ha producido la ausencia.<\/li>\n<\/ul>\n<p>En todo caso, debe quedar claro que, seg\u00fan establece nuestro reglamento (art. 4.4.4.), queda al criterio del profesorado la justificaci\u00f3n \u00faltima de la falta, en funci\u00f3n de la documentaci\u00f3n y explicaci\u00f3n aportada por la familia.<\/p>\n<p><iframe title=\"Comunicaci\u00f3n y justificaci\u00f3n ausencias con ipasen\" width=\"500\" height=\"281\" src=\"https:\/\/www.youtube.com\/embed\/PkQABCDUuds?feature=oembed&#038;wmode=opaque\" frameborder=\"0\" allow=\"accelerometer; autoplay; clipboard-write; encrypted-media; gyroscope; picture-in-picture; web-share\" referrerpolicy=\"strict-origin-when-cross-origin\" allowfullscreen><\/iframe><\/p>\n","protected":false},"excerpt":{"rendered":"<p>En este v\u00eddeo se explica c\u00f3mo comunicar faltas y c\u00f3mo justificarlas. La comunicaci\u00f3n no es obligatoria, pero s\u00ed conveniente. Sin embargo, la justificaci\u00f3n de ausencias debe realizarse SIEMPRE que \u00e9stas se produzcan, por parte&#46;&#46;&#46;<\/p>\n","protected":false},"author":2185,"featured_media":0,"parent":4170,"menu_order":0,"comment_status":"closed","ping_status":"closed","template":"","meta":{"ngg_post_thumbnail":0,"footnotes":""},"aioseo_notices":[],"_links":{"self":[{"href":"https:\/\/blogsaverroes.juntadeandalucia.es\/iesfrayluisdegranada\/wp-json\/wp\/v2\/pages\/4149"}],"collection":[{"href":"https:\/\/blogsaverroes.juntadeandalucia.es\/iesfrayluisdegranada\/wp-json\/wp\/v2\/pages"}],"about":[{"href":"https:\/\/blogsaverroes.juntadeandalucia.es\/iesfrayluisdegranada\/wp-json\/wp\/v2\/types\/page"}],"author":[{"embeddable":true,"href":"https:\/\/blogsaverroes.juntadeandalucia.es\/iesfrayluisdegranada\/wp-json\/wp\/v2\/users\/2185"}],"replies":[{"embeddable":true,"href":"https:\/\/blogsaverroes.juntadeandalucia.es\/iesfrayluisdegranada\/wp-json\/wp\/v2\/comments?post=4149"}],"version-history":[{"count":6,"href":"https:\/\/blogsaverroes.juntadeandalucia.es\/iesfrayluisdegranada\/wp-json\/wp\/v2\/pages\/4149\/revisions"}],"predecessor-version":[{"id":4239,"href":"https:\/\/blogsaverroes.juntadeandalucia.es\/iesfrayluisdegranada\/wp-json\/wp\/v2\/pages\/4149\/revisions\/4239"}],"up":[{"embeddable":true,"href":"https:\/\/blogsaverroes.juntadeandalucia.es\/iesfrayluisdegranada\/wp-json\/wp\/v2\/pages\/4170"}],"wp:attachment":[{"href":"https:\/\/blogsaverroes.juntadeandalucia.es\/iesfrayluisdegranada\/wp-json\/wp\/v2\/media?parent=4149"}],"curies":[{"name":"wp","href":"https:\/\/api.w.org\/{rel}","templated":true}]}}