{"id":4157,"date":"2020-10-17T18:45:33","date_gmt":"2020-10-17T18:45:33","guid":{"rendered":"https:\/\/blogsaverroes.juntadeandalucia.es\/iesfrayluisdegranada\/?page_id=4157"},"modified":"2022-01-27T11:19:13","modified_gmt":"2022-01-27T11:19:13","slug":"comunicaciones-de-familias-con-profesorado","status":"publish","type":"page","link":"https:\/\/blogsaverroes.juntadeandalucia.es\/iesfrayluisdegranada\/pasen\/comunicaciones-de-familias-con-profesorado\/","title":{"rendered":"MENSAJES y comunicaciones"},"content":{"rendered":"<p>En este v\u00eddeo se explica c\u00f3mo leer y enviar comunicaciones directas al profesorado, al tutor o tutora, a la madre o padre delegado del grupo o a otros miembros de la comunidad educativa.<\/p>\n<p><iframe title=\"Comunicaci\u00f3n familias con profesorado a trav\u00e9s de ipasen\" width=\"500\" height=\"281\" src=\"https:\/\/www.youtube.com\/embed\/wFPhplDvtXk?feature=oembed&#038;wmode=opaque\" frameborder=\"0\" allow=\"accelerometer; autoplay; clipboard-write; encrypted-media; gyroscope; picture-in-picture; web-share\" referrerpolicy=\"strict-origin-when-cross-origin\" allowfullscreen><\/iframe><\/p>\n<p>Al objeto de facilitar y agilizar la comunicaci\u00f3n entre el centro, las familias y el propio alumnado, a la hora de enviar una comunicaci\u00f3n por PASEN, por favor ten en cuenta estas indicaciones:<\/p>\n<ul>\n<li>En primer lugar, el <strong>mensaje<\/strong> en cuesti\u00f3n deber\u00e1 enviarse, exclusivamente, <strong>a un solo destinatario<\/strong>, evitando mandar la misma comunicaci\u00f3n a varios docentes o varios miembros del equipo directivo a la vez.<\/li>\n<li>En segundo lugar, al comienzo del mensaje es importante <strong>identificar al alumno o alumna en cuesti\u00f3n<\/strong> con nombre y apellidos, as\u00ed como el grupo en el que est\u00e1. Ello facilita enormemente nuestra labor posterior.<\/li>\n<\/ul>\n<p>Si existen dudas de a qu\u00e9 docente o miembro del equipo directivo debemos enviar el mensaje, se tendr\u00e1 en cuenta lo siguiente:<\/p>\n<ul>\n<li><strong>Docente de asignatura:<\/strong> cuestiones, dudas y aclaraciones sobre la asignatura en particular (nota de alg\u00fan examen, justificaci\u00f3n de faltas puntuales en horas de esa asignatura, etc.), libro de texto y materiales de la asignatura.<\/li>\n<li><strong>Tutor o tutora:<\/strong> marcha acad\u00e9mica general del alumnado, din\u00e1micas del grupo en cuanto a relaciones y convivencia, problemas de convivencia, comportamiento o rendimiento escolar, coordinaci\u00f3n del equipo docente, calendario de ex\u00e1menes y actividades del grupo, justificaci\u00f3n de ausencias prolongadas o a d\u00edas completos (<a href=\"https:\/\/blogsaverroes.juntadeandalucia.es\/iesfrayluisdegranada\/escuela-de-familias\/pasen\/comunicar-y-justificar-faltas\/\" target=\"_blank\" rel=\"noopener noreferrer\">tienen su propio apartado de comunicaci\u00f3n\/justificaci\u00f3n<\/a>), etc.<\/li>\n<li><strong>Orientadora:<\/strong> rendimiento acad\u00e9mico, orientaci\u00f3n escolar, mediaci\u00f3n entre alumnado de distintos grupos, ayuda y apoyo emocional, programas de refuerzo, etc.<\/li>\n<li><strong>Jefe de Estudios:<\/strong> organizaci\u00f3n y coordinaci\u00f3n lectiva, calendario escolar, resultados acad\u00e9micos, tutor\u00edas, convivencia escolar, medidas correctoras o sancionadoras, etc.<\/li>\n<li><strong>Vicedirecci\u00f3n:<\/strong> Actividades Complementarias y Extraescolares, salidas y eventos del centro, relaciones exteriores, medios de comunicaci\u00f3n y redes sociales, protocolo COVID-19, comunicaciones y consultas sobre COVID-19.<\/li>\n<li><strong>Secretar\u00eda:<\/strong> gesti\u00f3n econ\u00f3mica y de infraestructuras, documentaci\u00f3n acad\u00e9mica del alumnado (certificados y t\u00edtulos oficiales), admisi\u00f3n y matr\u00edcula del alumnado, cheque-libros, pago del seguro escolar, etc.<\/li>\n<li><strong>Direcci\u00f3n:<\/strong> coordinaci\u00f3n, organizaci\u00f3n y liderazgo pedag\u00f3gico, jefatura de personal del centro, representaci\u00f3n de la Administraci\u00f3n en el centro educativo, responsabilidad y representaci\u00f3n del centro, coordinaci\u00f3n y relaciones con otras instituciones y con otros centros educativos.<\/li>\n<li><strong>Respeta siempre la jerarqu\u00eda<\/strong> a la hora de resolver alg\u00fan problema:\n<ul>\n<li>profesor \u2192 tutor \u2192 jefe de estudios \u2192 director.<\/li>\n<\/ul>\n<\/li>\n<\/ul>\n","protected":false},"excerpt":{"rendered":"<p>En este v\u00eddeo se explica c\u00f3mo leer y enviar comunicaciones directas al profesorado, al tutor o tutora, a la madre o padre delegado del grupo o a otros miembros de la comunidad educativa. Al&#46;&#46;&#46;<\/p>\n","protected":false},"author":2185,"featured_media":0,"parent":4170,"menu_order":0,"comment_status":"closed","ping_status":"closed","template":"","meta":{"ngg_post_thumbnail":0,"footnotes":""},"aioseo_notices":[],"_links":{"self":[{"href":"https:\/\/blogsaverroes.juntadeandalucia.es\/iesfrayluisdegranada\/wp-json\/wp\/v2\/pages\/4157"}],"collection":[{"href":"https:\/\/blogsaverroes.juntadeandalucia.es\/iesfrayluisdegranada\/wp-json\/wp\/v2\/pages"}],"about":[{"href":"https:\/\/blogsaverroes.juntadeandalucia.es\/iesfrayluisdegranada\/wp-json\/wp\/v2\/types\/page"}],"author":[{"embeddable":true,"href":"https:\/\/blogsaverroes.juntadeandalucia.es\/iesfrayluisdegranada\/wp-json\/wp\/v2\/users\/2185"}],"replies":[{"embeddable":true,"href":"https:\/\/blogsaverroes.juntadeandalucia.es\/iesfrayluisdegranada\/wp-json\/wp\/v2\/comments?post=4157"}],"version-history":[{"count":16,"href":"https:\/\/blogsaverroes.juntadeandalucia.es\/iesfrayluisdegranada\/wp-json\/wp\/v2\/pages\/4157\/revisions"}],"predecessor-version":[{"id":5819,"href":"https:\/\/blogsaverroes.juntadeandalucia.es\/iesfrayluisdegranada\/wp-json\/wp\/v2\/pages\/4157\/revisions\/5819"}],"up":[{"embeddable":true,"href":"https:\/\/blogsaverroes.juntadeandalucia.es\/iesfrayluisdegranada\/wp-json\/wp\/v2\/pages\/4170"}],"wp:attachment":[{"href":"https:\/\/blogsaverroes.juntadeandalucia.es\/iesfrayluisdegranada\/wp-json\/wp\/v2\/media?parent=4157"}],"curies":[{"name":"wp","href":"https:\/\/api.w.org\/{rel}","templated":true}]}}