{"id":4162,"date":"2020-10-19T08:39:28","date_gmt":"2020-10-19T08:39:28","guid":{"rendered":"https:\/\/blogsaverroes.juntadeandalucia.es\/iesfrayluisdegranada\/?page_id=4162"},"modified":"2025-10-18T10:10:48","modified_gmt":"2025-10-18T10:10:48","slug":"plan-de-autoproteccion","status":"publish","type":"page","link":"https:\/\/blogsaverroes.juntadeandalucia.es\/iesfrayluisdegranada\/innovacion\/plan-de-autoproteccion\/","title":{"rendered":"Plan de Autoprotecci\u00f3n"},"content":{"rendered":"<p>El Plan de Autoprotecci\u00f3n aborda la identificaci\u00f3n y evaluaci\u00f3n de los riesgos, las medidas necesarias para su prevenci\u00f3n y las de protecci\u00f3n, as\u00ed como otras actuaciones a adoptar en caso de emergencia.<\/p>\n<p>Este plan afecta a todas las personas que puedan estar presentes en el Centro durante una<br \/>\nsituaci\u00f3n de emergencia.<\/p>\n<p>Sus principales objetivos son:<\/p>\n<ul>\n<li>La protecci\u00f3n de las personas y los bienes del centro, estableciendo unos procedimientos que aseguren las respuestas m\u00e1s adecuadas ante las posibles emergencias.<\/li>\n<li>Concienciar y sensibilizar a la comunidad educativa sobre la importancia de establecer protocolos de actuaci\u00f3n y h\u00e1bitos de entrenamiento para solventar situaciones de emergencia.<\/li>\n<li>Conocer el centro y su entorno (edificio e instalaciones), los focos de peligro reales, los medios disponibles y las normas de actuaci\u00f3n en el caso de que ocurra un siniestro, estudiar las v\u00edas de evacuaci\u00f3n, y adoptar las medidas preventivas necesarias.<\/li>\n<li>Mantener a todos los miembros del Centro informados, organizados y adiestrados para que se garanticen rapidez y eficacia en las acciones a emprender ante las emergencias.<\/li>\n<li>Facilitar la detecci\u00f3n de los riesgos y un mantenimiento preventivo para su eliminaci\u00f3n.<\/li>\n<li>Posibilitar la coordinaci\u00f3n entre los medios de emergencias externos y el centro, para<br \/>\noptimizar los procedimientos de prevenci\u00f3n, protecci\u00f3n e intervenci\u00f3n.<\/li>\n<li>Crear un ambiente de prevenci\u00f3n y de informaci\u00f3n en temas de seguridad, d\u00e1ndose a<br \/>\nconocer este Plan a todo el personal.<\/li>\n<\/ul>\n<p>El Plan es documento vivo, por tanto se revisar\u00e1 peri\u00f3dicamente para adaptarlo a los posibles cambios que puedan producirse, especialmente cada vez que haya alguna reforma o modificaci\u00f3n en las condiciones del edificio (o edificios) y de los medios de protecci\u00f3n disponibles, y para incorporar las mejoras que resulten de la experiencia acumulada.<\/p>\n<p><a href=\"https:\/\/www.dropbox.com\/s\/vhcrjk4aipsudwb\/plan_autoproteccion.pdf\">Puede consultarse el Plan de Autoprotecci\u00f3n en su totalidad en este enlace<\/a>.<\/p>\n","protected":false},"excerpt":{"rendered":"<p>El Plan de Autoprotecci\u00f3n aborda la identificaci\u00f3n y evaluaci\u00f3n de los riesgos, las medidas necesarias para su prevenci\u00f3n y las de protecci\u00f3n, as\u00ed como otras actuaciones a adoptar en caso de emergencia. Este plan&#46;&#46;&#46;<\/p>\n","protected":false},"author":2185,"featured_media":0,"parent":44,"menu_order":0,"comment_status":"closed","ping_status":"closed","template":"","meta":{"ngg_post_thumbnail":0,"footnotes":""},"aioseo_notices":[],"_links":{"self":[{"href":"https:\/\/blogsaverroes.juntadeandalucia.es\/iesfrayluisdegranada\/wp-json\/wp\/v2\/pages\/4162"}],"collection":[{"href":"https:\/\/blogsaverroes.juntadeandalucia.es\/iesfrayluisdegranada\/wp-json\/wp\/v2\/pages"}],"about":[{"href":"https:\/\/blogsaverroes.juntadeandalucia.es\/iesfrayluisdegranada\/wp-json\/wp\/v2\/types\/page"}],"author":[{"embeddable":true,"href":"https:\/\/blogsaverroes.juntadeandalucia.es\/iesfrayluisdegranada\/wp-json\/wp\/v2\/users\/2185"}],"replies":[{"embeddable":true,"href":"https:\/\/blogsaverroes.juntadeandalucia.es\/iesfrayluisdegranada\/wp-json\/wp\/v2\/comments?post=4162"}],"version-history":[{"count":1,"href":"https:\/\/blogsaverroes.juntadeandalucia.es\/iesfrayluisdegranada\/wp-json\/wp\/v2\/pages\/4162\/revisions"}],"predecessor-version":[{"id":4163,"href":"https:\/\/blogsaverroes.juntadeandalucia.es\/iesfrayluisdegranada\/wp-json\/wp\/v2\/pages\/4162\/revisions\/4163"}],"up":[{"embeddable":true,"href":"https:\/\/blogsaverroes.juntadeandalucia.es\/iesfrayluisdegranada\/wp-json\/wp\/v2\/pages\/44"}],"wp:attachment":[{"href":"https:\/\/blogsaverroes.juntadeandalucia.es\/iesfrayluisdegranada\/wp-json\/wp\/v2\/media?parent=4162"}],"curies":[{"name":"wp","href":"https:\/\/api.w.org\/{rel}","templated":true}]}}