{"id":4170,"date":"2020-10-24T20:26:38","date_gmt":"2020-10-24T20:26:38","guid":{"rendered":"https:\/\/blogsaverroes.juntadeandalucia.es\/iesfrayluisdegranada\/?page_id=4170"},"modified":"2023-07-14T08:21:42","modified_gmt":"2023-07-14T08:21:42","slug":"pasen","status":"publish","type":"page","link":"https:\/\/blogsaverroes.juntadeandalucia.es\/iesfrayluisdegranada\/pasen\/","title":{"rendered":"Uso de PASEN"},"content":{"rendered":"<ul>\n<li><a href=\"https:\/\/blogsaverroes.juntadeandalucia.es\/iesfrayluisdegranada\/pasen-autologgin-y-recuperacion-de-contrasena\/\">Autologin y recuperaci\u00f3n de contrase\u00f1a.<\/a><\/li>\n<li><a href=\"https:\/\/blogsaverroes.juntadeandalucia.es\/iesfrayluisdegranada\/consultar-tablon-de-anuncios-muro\/\">Consultar tabl\u00f3n de anuncios.<\/a><\/li>\n<li><a href=\"https:\/\/blogsaverroes.juntadeandalucia.es\/iesfrayluisdegranada\/comunicar-y-justificar-faltas\/\">Comunicaci\u00f3n y justificaci\u00f3n de ausencias.<\/a><\/li>\n<li><a href=\"https:\/\/blogsaverroes.juntadeandalucia.es\/iesfrayluisdegranada\/comunicaciones-de-familias-con-profesorado\/\">Mensajes entre profesorado, familias y alumnado.<\/a><\/li>\n<li><a href=\"https:\/\/blogsaverroes.juntadeandalucia.es\/iesfrayluisdegranada\/observaciones-del-alumno\/\">Observaciones del alumno.<\/a><\/li>\n<li><a href=\"https:\/\/blogsaverroes.juntadeandalucia.es\/iesfrayluisdegranada\/ver-notas-de-evaluaciones-y-observaciones\/\">Notas de evaluaci\u00f3n y observaciones.<\/a><\/li>\n<li><a href=\"https:\/\/blogsaverroes.juntadeandalucia.es\/iesfrayluisdegranada\/boletines-y-punto-de-recogida\/\">Notas, Boletines y Punto de Recogida.<\/a><\/li>\n<li><a href=\"https:\/\/www.juntadeandalucia.es\/educacion\/portalseneca\/web\/pasen\/inicio\">Acceso a PASEN versi\u00f3n web.<\/a><\/li>\n<li><a href=\"https:\/\/www.youtube.com\/playlist?list=PL8De6Amws90UybbpFSewM6Lxo_UQ539T3\" target=\"_blank\" rel=\"noopener noreferrer\">LISTA DE TODOS LOS V\u00cdDEOS EN YOUTUBE<\/a><\/li>\n<\/ul>\n","protected":false},"excerpt":{"rendered":"<p>Autologin y recuperaci\u00f3n de contrase\u00f1a. Consultar tabl\u00f3n de anuncios. Comunicaci\u00f3n y justificaci\u00f3n de ausencias. Mensajes entre profesorado, familias y alumnado. Observaciones del alumno. Notas de evaluaci\u00f3n y observaciones. Notas, Boletines y Punto de Recogida.&#46;&#46;&#46;<\/p>\n","protected":false},"author":2185,"featured_media":0,"parent":0,"menu_order":0,"comment_status":"closed","ping_status":"closed","template":"","meta":{"ngg_post_thumbnail":0,"footnotes":""},"aioseo_notices":[],"_links":{"self":[{"href":"https:\/\/blogsaverroes.juntadeandalucia.es\/iesfrayluisdegranada\/wp-json\/wp\/v2\/pages\/4170"}],"collection":[{"href":"https:\/\/blogsaverroes.juntadeandalucia.es\/iesfrayluisdegranada\/wp-json\/wp\/v2\/pages"}],"about":[{"href":"https:\/\/blogsaverroes.juntadeandalucia.es\/iesfrayluisdegranada\/wp-json\/wp\/v2\/types\/page"}],"author":[{"embeddable":true,"href":"https:\/\/blogsaverroes.juntadeandalucia.es\/iesfrayluisdegranada\/wp-json\/wp\/v2\/users\/2185"}],"replies":[{"embeddable":true,"href":"https:\/\/blogsaverroes.juntadeandalucia.es\/iesfrayluisdegranada\/wp-json\/wp\/v2\/comments?post=4170"}],"version-history":[{"count":10,"href":"https:\/\/blogsaverroes.juntadeandalucia.es\/iesfrayluisdegranada\/wp-json\/wp\/v2\/pages\/4170\/revisions"}],"predecessor-version":[{"id":9168,"href":"https:\/\/blogsaverroes.juntadeandalucia.es\/iesfrayluisdegranada\/wp-json\/wp\/v2\/pages\/4170\/revisions\/9168"}],"wp:attachment":[{"href":"https:\/\/blogsaverroes.juntadeandalucia.es\/iesfrayluisdegranada\/wp-json\/wp\/v2\/media?parent=4170"}],"curies":[{"name":"wp","href":"https:\/\/api.w.org\/{rel}","templated":true}]}}