{"id":4191,"date":"2020-10-28T11:05:11","date_gmt":"2020-10-28T11:05:11","guid":{"rendered":"https:\/\/blogsaverroes.juntadeandalucia.es\/iesfrayluisdegranada\/?page_id=4191"},"modified":"2020-10-28T11:33:52","modified_gmt":"2020-10-28T11:33:52","slug":"nuestros-hijos-y-el-movil","status":"publish","type":"page","link":"https:\/\/blogsaverroes.juntadeandalucia.es\/iesfrayluisdegranada\/nuestros-hijos-y-el-movil\/","title":{"rendered":"Nuestros hijos y el M\u00d3VIL"},"content":{"rendered":"<p><span style=\"color: #ff0000\"><strong>\u00bfEs la primera vez que tu hijo-a va a tener m\u00f3vil? <span style=\"color: #333300\">\u00bfTiene ya m\u00f3vil pero te surgen dudas como padre\/madre sobre el uso que hace de \u00e9l, o sobre la necesidad de que lo tenga o no lo tenga?<\/span><\/strong><\/span><\/p>\n<p>Cuando hablamos de m\u00f3viles, debemos saber que detr\u00e1s de esos dispositivos est\u00e1 el mundo social, en el que nuestros hijos-as depositan deseos, ilusiones pero tambi\u00e9n sus miedos, inseguridades y riesgos derivados del mal uso.<\/p>\n<p>No debes permitir que usen su primer m\u00f3vil \u00f3 Tablet sin que t\u00fa antes puedas destinar el tiempo necesario a explicarles en qu\u00e9 consisten y que lo hagan contigo y bajo tu supervisi\u00f3n habiendo consensuado las normas.<\/p>\n<h3>1. \u00bfQu\u00e9 tipo de uso haces t\u00fa como adulto-a de las tecnolog\u00edas?<\/h3>\n<p>\u00bfCu\u00e1ntas horas destinas? \u00bfqu\u00e9 importancia tiene para t\u00ed? \u00bfpara qu\u00e9 lo empleas? Cuando est\u00e1s compartiendo tu tiempo con la familia y amigos, \u00bfest\u00e1s m\u00e1s pendiente del m\u00f3vil que de la conversaci\u00f3n con ellos?<br \/>\n<span style=\"color: #0000ff\"><strong>Debes saber que t\u00fa eres un modelo de referencia para tus hijo-as y que la gesti\u00f3n correcta del m\u00f3vil y las tecnolog\u00edas, empieza por t\u00ed mismo-a.<\/strong><\/span><\/p>\n<h3>2. \u00bfQu\u00e9 tipo de uso hace tu hijo-a del m\u00f3vil?<\/h3>\n<p>Las cuestiones que nos ayudar\u00e1n a interpretar la situaci\u00f3n, analizarla y encontrar soluciones ser\u00edan \u00bfqu\u00e9 quiere conseguir mi hijo-a con el m\u00f3vil? \u00bfpara qu\u00e9 lo necesita?<br \/>\nPasar demasiado tiempo jugando a videojuegos individuales o en red puede provocar aislamiento y evasi\u00f3n de las preocupaciones del mundo real.<\/p>\n<p><span style=\"color: #0000ff\"><strong>Es necesario pautar<\/strong><\/span> desde el inicio con nuestro-a hijo-a ese tiempo para que pueda organizarse y avisar a sus amigos-as de cu\u00e1ndo van a estar disponibles. As\u00ed podemos ense\u00f1arles a estructurarse y autorregularse.<\/p>\n<p>Para aprender a ser aut\u00f3nomos y gestionar bien su tiempo, tienen que saber los l\u00edmites dentro de los que se puede mover. Esto les evitar\u00e1 una ansiedad dif\u00edcil de controlar.<\/p>\n<h3>3. \u00bfTiene tu hijo-a una buena red social en la vida real?<\/h3>\n<p>\u00bfdisfruta de las amistades que tiene? \u00bfcomparte ocio con otras personas? \u00bfcu\u00e1nto tiempo destina a estar con ellos-as? \u00bftiene dificultades en sus relaciones sociales?<\/p>\n<p>Si las respuestas a estas preguntas es que nuestro hijo-a tiene dificultades en las relaciones sociales, queremos que comprendas que tambi\u00e9n tiene una gran probabilidad de exportar sus d\u00e9ficits a las redes sociales y exponerse a importantes peligros. En ese caso te recomendamos ponerte en contacto con un psic\u00f3logo experto para que te ayude a valorar la mejor soluci\u00f3n.<\/p>\n<p>Si en la vida real encuentra obst\u00e1culos para hacer amistades, podr\u00eda refugiarse en el mundo virtual y utilizar las redes sociales o chats para entablar contactos con personas, a veces desconocidas, y confundir las relaciones del mundo real con las relaciones virtuales.<\/p>\n<p>Sin embargo, hay que entender que puede usarlo para comunicarse y relacionarse con las amistades de su centro escolar, del barrio, etc.<\/p>\n<p>Si tienes dudas sobre este problema o cualquier otro que afecte a un menor de edad, puedes consultar de forma gratuita, an\u00f3nima y confidencial en el Tel\u00e9fono ANAR del Adulto y la Familia 600 50 51 52, o en el Chat ANAR a trav\u00e9s de su web.<\/p>\n<p>&nbsp;<\/p>\n<p>Informaci\u00f3n por cortes\u00eda de <strong>Fundaci\u00f3n ANAR:<\/strong><\/p>\n<p><a href=\"https:\/\/www.anar.org\/category\/granada\/\">https:\/\/www.anar.org\/category\/granada\/<\/a><\/p>\n","protected":false},"excerpt":{"rendered":"<p>\u00bfEs la primera vez que tu hijo-a va a tener m\u00f3vil? \u00bfTiene ya m\u00f3vil pero te surgen dudas como padre\/madre sobre el uso que hace de \u00e9l, o sobre la necesidad de que lo&#46;&#46;&#46;<\/p>\n","protected":false},"author":2185,"featured_media":0,"parent":0,"menu_order":0,"comment_status":"closed","ping_status":"closed","template":"","meta":{"ngg_post_thumbnail":0,"footnotes":""},"aioseo_notices":[],"_links":{"self":[{"href":"https:\/\/blogsaverroes.juntadeandalucia.es\/iesfrayluisdegranada\/wp-json\/wp\/v2\/pages\/4191"}],"collection":[{"href":"https:\/\/blogsaverroes.juntadeandalucia.es\/iesfrayluisdegranada\/wp-json\/wp\/v2\/pages"}],"about":[{"href":"https:\/\/blogsaverroes.juntadeandalucia.es\/iesfrayluisdegranada\/wp-json\/wp\/v2\/types\/page"}],"author":[{"embeddable":true,"href":"https:\/\/blogsaverroes.juntadeandalucia.es\/iesfrayluisdegranada\/wp-json\/wp\/v2\/users\/2185"}],"replies":[{"embeddable":true,"href":"https:\/\/blogsaverroes.juntadeandalucia.es\/iesfrayluisdegranada\/wp-json\/wp\/v2\/comments?post=4191"}],"version-history":[{"count":8,"href":"https:\/\/blogsaverroes.juntadeandalucia.es\/iesfrayluisdegranada\/wp-json\/wp\/v2\/pages\/4191\/revisions"}],"predecessor-version":[{"id":4200,"href":"https:\/\/blogsaverroes.juntadeandalucia.es\/iesfrayluisdegranada\/wp-json\/wp\/v2\/pages\/4191\/revisions\/4200"}],"wp:attachment":[{"href":"https:\/\/blogsaverroes.juntadeandalucia.es\/iesfrayluisdegranada\/wp-json\/wp\/v2\/media?parent=4191"}],"curies":[{"name":"wp","href":"https:\/\/api.w.org\/{rel}","templated":true}]}}