{"id":4505,"date":"2021-03-11T16:52:08","date_gmt":"2021-03-11T16:52:08","guid":{"rendered":"https:\/\/blogsaverroes.juntadeandalucia.es\/iesfrayluisdegranada\/?page_id=4505"},"modified":"2025-10-18T10:01:51","modified_gmt":"2025-10-18T10:01:51","slug":"solicitud-de-certificados","status":"publish","type":"page","link":"https:\/\/blogsaverroes.juntadeandalucia.es\/iesfrayluisdegranada\/secretaria\/solicitud-de-certificados\/","title":{"rendered":"Solicitud de certificados"},"content":{"rendered":"<p><span style=\"color: #ff0000\"><em>IMPORTANTE: no se firmar\u00e1n o sellar\u00e1n documentos que no hayan sido <strong>expedidos por el propio centro educativo<\/strong>, tales como formularios, informes o modelos de otras administraciones o instituciones, aportados por los propios interesados.<\/em><\/span><\/p>\n<p>Si su hijo est\u00e1 actualmente matriculado en el instituto, \u00e9ste puede solicitar y recoger el certificado personalmente en la Secretar\u00eda del centro durante el tiempo de los recreos.<\/p>\n<p>&nbsp;<\/p>\n<p><iframe src=\"https:\/\/docs.google.com\/forms\/d\/e\/1FAIpQLSdqWLWChFtd9ffq_2WsGA_dKkoNoy4vlPOqyEYRPzKQHXlL0w\/viewform?embedded=true\" width=\"640\" height=\"721\" frameborder=\"0\" marginwidth=\"0\" marginheight=\"0\">Cargando\u2026<\/iframe><\/p>\n","protected":false},"excerpt":{"rendered":"<p>IMPORTANTE: no se firmar\u00e1n o sellar\u00e1n documentos que no hayan sido expedidos por el propio centro educativo, tales como formularios, informes o modelos de otras administraciones o instituciones, aportados por los propios interesados. Si&#46;&#46;&#46;<\/p>\n","protected":false},"author":2185,"featured_media":0,"parent":77,"menu_order":0,"comment_status":"closed","ping_status":"closed","template":"","meta":{"ngg_post_thumbnail":0,"footnotes":""},"aioseo_notices":[],"_links":{"self":[{"href":"https:\/\/blogsaverroes.juntadeandalucia.es\/iesfrayluisdegranada\/wp-json\/wp\/v2\/pages\/4505"}],"collection":[{"href":"https:\/\/blogsaverroes.juntadeandalucia.es\/iesfrayluisdegranada\/wp-json\/wp\/v2\/pages"}],"about":[{"href":"https:\/\/blogsaverroes.juntadeandalucia.es\/iesfrayluisdegranada\/wp-json\/wp\/v2\/types\/page"}],"author":[{"embeddable":true,"href":"https:\/\/blogsaverroes.juntadeandalucia.es\/iesfrayluisdegranada\/wp-json\/wp\/v2\/users\/2185"}],"replies":[{"embeddable":true,"href":"https:\/\/blogsaverroes.juntadeandalucia.es\/iesfrayluisdegranada\/wp-json\/wp\/v2\/comments?post=4505"}],"version-history":[{"count":20,"href":"https:\/\/blogsaverroes.juntadeandalucia.es\/iesfrayluisdegranada\/wp-json\/wp\/v2\/pages\/4505\/revisions"}],"predecessor-version":[{"id":8320,"href":"https:\/\/blogsaverroes.juntadeandalucia.es\/iesfrayluisdegranada\/wp-json\/wp\/v2\/pages\/4505\/revisions\/8320"}],"up":[{"embeddable":true,"href":"https:\/\/blogsaverroes.juntadeandalucia.es\/iesfrayluisdegranada\/wp-json\/wp\/v2\/pages\/77"}],"wp:attachment":[{"href":"https:\/\/blogsaverroes.juntadeandalucia.es\/iesfrayluisdegranada\/wp-json\/wp\/v2\/media?parent=4505"}],"curies":[{"name":"wp","href":"https:\/\/api.w.org\/{rel}","templated":true}]}}