{"id":5639,"date":"2021-11-22T17:59:45","date_gmt":"2021-11-22T17:59:45","guid":{"rendered":"https:\/\/blogsaverroes.juntadeandalucia.es\/iesfrayluisdegranada\/?page_id=5639"},"modified":"2021-11-22T17:59:45","modified_gmt":"2021-11-22T17:59:45","slug":"normas-para-el-uso-de-recursos-telematicos","status":"publish","type":"page","link":"https:\/\/blogsaverroes.juntadeandalucia.es\/iesfrayluisdegranada\/normas-para-el-uso-de-recursos-telematicos\/","title":{"rendered":"Normas para el uso de recursos telem\u00e1ticos"},"content":{"rendered":"<ol>\n<li><strong>Respetaremos a los dem\u00e1s<\/strong>, sea cual sea su condici\u00f3n religiosa, ideol\u00f3gica, f\u00edsica, de g\u00e9nero o \u00e9tnica.<\/li>\n<li><strong>Respetaremos<\/strong> la autoridad y las orientaciones del <strong>profesorado<\/strong>.<\/li>\n<li>Usaremos los<strong> recursos online<\/strong> propuestos por el profesor de forma adecuada, respetando las normas de etiqueta en la red. Suplantar la identidad de un compa\u00f1ero o adoptar una identidad falsa en videoconferencias, grupos de whatsapp u otros foros educativos se considerar\u00e1 una falta grave.<\/li>\n<li><strong>Seremos puntuales<\/strong> y en el transcurso de una videoconferencia permaneceremos en todo momento junto al ordenador o el dispositivo que se est\u00e9 utilizando y con la c\u00e1mara encendida, hasta que esta termine.<\/li>\n<li>Guardaremos <strong>silencio<\/strong> durante una videoconferencia, respetando el turno de palabra y cerrando el micr\u00f3fono cuando no vayamos a intervenir.<\/li>\n<li>Trabajaremos en clase siguiendo las <strong>indicaciones del profesorado<\/strong>. Permaneceremos sentados correctamente, pidiendo permiso para intervenir o levantarnos.<\/li>\n<li>Asistiremos a una videoconferencia <strong>vestidos y aseados correctamente<\/strong>, seg\u00fan se establece en los apartados 4.13 y 3.10.5 del ROF.<\/li>\n<li>No comeremos, beberemos o masticaremos <strong>chicle<\/strong> durante una videoconferencia.<\/li>\n<li>El alumnado har\u00e1 las tareas encomendadas por el profesorado de forma aut\u00f3noma.<\/li>\n<li>Haremos los<strong> ex\u00e1menes a distancia<\/strong> respetando las normas establecidas por el profesor. Si se detecta que el alumno ha copiado o usado recursos no autorizados, se obtendr\u00e1, autom\u00e1ticamente, un cero. Si la copia es de alg\u00fan compa\u00f1ero, se considerar\u00e1 la posibilidad de anular tambi\u00e9n las actividades del que se deje copiar.<\/li>\n<li>Ante cualquier sospecha de copia o no autor\u00eda de las actividades o ex\u00e1menes realizados, el alumno deber\u00e1 defenderlos de forma oral, por videoconferencia o de forma presencial, si pueden garantizarse las condiciones sanitarias adecuadas.<\/li>\n<\/ol>\n<p>Ante cualquier problema de <strong>ciber-acoso<\/strong>, amenazas, humillaciones en la red&#8230; el alumnado deber\u00e1 dirigirse de forma privada a cualquier profesor o profesora, que lo atender\u00e1 de forma discreta.<\/p>\n<h1>&nbsp;<\/h1>\n","protected":false},"excerpt":{"rendered":"<p>Respetaremos a los dem\u00e1s, sea cual sea su condici\u00f3n religiosa, ideol\u00f3gica, f\u00edsica, de g\u00e9nero o \u00e9tnica. Respetaremos la autoridad y las orientaciones del profesorado. Usaremos los recursos online propuestos por el profesor de forma&#46;&#46;&#46;<\/p>\n","protected":false},"author":2185,"featured_media":0,"parent":0,"menu_order":0,"comment_status":"closed","ping_status":"closed","template":"","meta":{"ngg_post_thumbnail":0,"footnotes":""},"aioseo_notices":[],"_links":{"self":[{"href":"https:\/\/blogsaverroes.juntadeandalucia.es\/iesfrayluisdegranada\/wp-json\/wp\/v2\/pages\/5639"}],"collection":[{"href":"https:\/\/blogsaverroes.juntadeandalucia.es\/iesfrayluisdegranada\/wp-json\/wp\/v2\/pages"}],"about":[{"href":"https:\/\/blogsaverroes.juntadeandalucia.es\/iesfrayluisdegranada\/wp-json\/wp\/v2\/types\/page"}],"author":[{"embeddable":true,"href":"https:\/\/blogsaverroes.juntadeandalucia.es\/iesfrayluisdegranada\/wp-json\/wp\/v2\/users\/2185"}],"replies":[{"embeddable":true,"href":"https:\/\/blogsaverroes.juntadeandalucia.es\/iesfrayluisdegranada\/wp-json\/wp\/v2\/comments?post=5639"}],"version-history":[{"count":1,"href":"https:\/\/blogsaverroes.juntadeandalucia.es\/iesfrayluisdegranada\/wp-json\/wp\/v2\/pages\/5639\/revisions"}],"predecessor-version":[{"id":5640,"href":"https:\/\/blogsaverroes.juntadeandalucia.es\/iesfrayluisdegranada\/wp-json\/wp\/v2\/pages\/5639\/revisions\/5640"}],"wp:attachment":[{"href":"https:\/\/blogsaverroes.juntadeandalucia.es\/iesfrayluisdegranada\/wp-json\/wp\/v2\/media?parent=5639"}],"curies":[{"name":"wp","href":"https:\/\/api.w.org\/{rel}","templated":true}]}}