{"id":5781,"date":"2022-01-19T10:34:22","date_gmt":"2022-01-19T10:34:22","guid":{"rendered":"https:\/\/blogsaverroes.juntadeandalucia.es\/iesfrayluisdegranada\/?page_id=5781"},"modified":"2022-01-19T10:42:18","modified_gmt":"2022-01-19T10:42:18","slug":"recogida-de-titulos","status":"publish","type":"page","link":"https:\/\/blogsaverroes.juntadeandalucia.es\/iesfrayluisdegranada\/secretaria\/recogida-de-titulos\/","title":{"rendered":"Recogida de t\u00edtulos"},"content":{"rendered":"<h2 style=\"text-align: center\">Recogida de t\u00edtulos de ESO, Bachillerato y Formaci\u00f3n Profesional<\/h2>\n<p>Para retirar el t\u00edtulo o t\u00edtulos es preciso personarse en la Secretar\u00eda del instituto provisto del DNI, en horario de 9 a 13 horas.<\/p>\n<p>Previamente, se deber\u00e1 solicitar cita previa a trav\u00e9s de los n\u00fameros <strong>958980307<\/strong> o <strong>671538568<\/strong>.<\/p>\n<p>Si no puede hacerlo personalmente, podr\u00e1 autorizar a otra persona, preferentemente un familiar, que tambi\u00e9n deber\u00e1 exhibir su DNI.<\/p>\n<p>En el escrito de autorizaci\u00f3n deber\u00e1 figurar el nombre y apellidos de la persona autorizada y su n\u00famero de DNI. A dicho escrito se adjuntar\u00e1 una fotocopia simple del DNI del alumno o alumna que autoriza a retirar su t\u00edtulo. El escrito deber\u00e1 presentarse, inexcusablemente, firmado por la persona que autoriza.<\/p>\n<p>Tiene un plazo de cinco a\u00f1os para retirar su t\u00edtulo. Transcurrido ese tiempo, la Consejer\u00eda de Educaci\u00f3n, mediante resoluci\u00f3n que se publicar\u00e1 en BOJA, otorgar\u00e1 un plazo de un mes para su retirada, con la advertencia de que el t\u00edtulo ser\u00e1 anulado, si no se recoge en dicho plazo.<\/p>\n<p>Si reside en una localidad diferente a la de este centro, puede solicitar por escrito la remisi\u00f3n del t\u00edtulo a la Delegaci\u00f3n Territorial m\u00e1s pr\u00f3xima a su lugar de residencia.<\/p>\n","protected":false},"excerpt":{"rendered":"<p>Recogida de t\u00edtulos de ESO, Bachillerato y Formaci\u00f3n Profesional Para retirar el t\u00edtulo o t\u00edtulos es preciso personarse en la Secretar\u00eda del instituto provisto del DNI, en horario de 9 a 13 horas. Previamente,&#46;&#46;&#46;<\/p>\n","protected":false},"author":2185,"featured_media":0,"parent":77,"menu_order":0,"comment_status":"closed","ping_status":"closed","template":"","meta":{"ngg_post_thumbnail":0,"footnotes":""},"aioseo_notices":[],"_links":{"self":[{"href":"https:\/\/blogsaverroes.juntadeandalucia.es\/iesfrayluisdegranada\/wp-json\/wp\/v2\/pages\/5781"}],"collection":[{"href":"https:\/\/blogsaverroes.juntadeandalucia.es\/iesfrayluisdegranada\/wp-json\/wp\/v2\/pages"}],"about":[{"href":"https:\/\/blogsaverroes.juntadeandalucia.es\/iesfrayluisdegranada\/wp-json\/wp\/v2\/types\/page"}],"author":[{"embeddable":true,"href":"https:\/\/blogsaverroes.juntadeandalucia.es\/iesfrayluisdegranada\/wp-json\/wp\/v2\/users\/2185"}],"replies":[{"embeddable":true,"href":"https:\/\/blogsaverroes.juntadeandalucia.es\/iesfrayluisdegranada\/wp-json\/wp\/v2\/comments?post=5781"}],"version-history":[{"count":3,"href":"https:\/\/blogsaverroes.juntadeandalucia.es\/iesfrayluisdegranada\/wp-json\/wp\/v2\/pages\/5781\/revisions"}],"predecessor-version":[{"id":5785,"href":"https:\/\/blogsaverroes.juntadeandalucia.es\/iesfrayluisdegranada\/wp-json\/wp\/v2\/pages\/5781\/revisions\/5785"}],"up":[{"embeddable":true,"href":"https:\/\/blogsaverroes.juntadeandalucia.es\/iesfrayluisdegranada\/wp-json\/wp\/v2\/pages\/77"}],"wp:attachment":[{"href":"https:\/\/blogsaverroes.juntadeandalucia.es\/iesfrayluisdegranada\/wp-json\/wp\/v2\/media?parent=5781"}],"curies":[{"name":"wp","href":"https:\/\/api.w.org\/{rel}","templated":true}]}}