{"id":5798,"date":"2025-01-14T12:46:46","date_gmt":"2025-01-14T12:46:46","guid":{"rendered":"https:\/\/blogsaverroes.juntadeandalucia.es\/iesfrayluisdegranada\/?page_id=5798"},"modified":"2025-01-14T12:15:56","modified_gmt":"2025-01-14T12:15:56","slug":"escolarizacion-2023-2024","status":"publish","type":"page","link":"https:\/\/blogsaverroes.juntadeandalucia.es\/iesfrayluisdegranada\/secretaria\/admision\/escolarizacion-2023-2024\/","title":{"rendered":"Escolarizaci\u00f3n 2025-2026"},"content":{"rendered":"<h3><a href=\"https:\/\/blogsaverroes.juntadeandalucia.es\/iesfrayluisdegranada\/files\/2025\/01\/escola_25-26.jpg\"><img fetchpriority=\"high\" decoding=\"async\" class=\"alignright wp-image-11668 size-full\" src=\"https:\/\/blogsaverroes.juntadeandalucia.es\/iesfrayluisdegranada\/files\/2025\/01\/escola_25-26.jpg\" alt=\"\" width=\"1192\" height=\"874\" srcset=\"https:\/\/blogsaverroes.juntadeandalucia.es\/iesfrayluisdegranada\/files\/2025\/01\/escola_25-26.jpg 1192w, https:\/\/blogsaverroes.juntadeandalucia.es\/iesfrayluisdegranada\/files\/2025\/01\/escola_25-26-300x220.jpg 300w, https:\/\/blogsaverroes.juntadeandalucia.es\/iesfrayluisdegranada\/files\/2025\/01\/escola_25-26-1024x751.jpg 1024w, https:\/\/blogsaverroes.juntadeandalucia.es\/iesfrayluisdegranada\/files\/2025\/01\/escola_25-26-768x563.jpg 768w, https:\/\/blogsaverroes.juntadeandalucia.es\/iesfrayluisdegranada\/files\/2025\/01\/escola_25-26-1024x751-220x160.jpg 220w\" sizes=\"(max-width: 1192px) 100vw, 1192px\" \/><\/a><\/h3>\n<h3>&nbsp;<\/h3>\n<h3>&nbsp;<\/h3>\n<h3>REUNIONES FAMILIAS 6\u00ba PRIMARIA DE COLEGIOS ADSCRITOS:<\/h3>\n<p><span style=\"color: #0000ff\"><strong>Lunes <span style=\"text-decoration: underline\">3 de febrero de 2025<\/span> a las 17.30 h, en el IES Fray Luis de Granada:<\/strong><\/span><\/p>\n<ul>\n<li>CEIP La Almohada (Belicena)<\/li>\n<li>CEIP Nuestra Sra. de los Remedios (Ambroz)<\/li>\n<li>CEIP Virgen de los Dolores (Purchil)<\/li>\n<\/ul>\n<p><strong style=\"color: #0000ff\">Lunes <span style=\"text-decoration: underline\">10 de febrero de 2025<\/span> a las 17.30 h, en el IES Fray Luis de Granada:<\/strong><\/p>\n<ul>\n<li>CEIP Genil (Granada)<\/li>\n<li>CEIP Jard\u00edn de la Reina (Granada)<\/li>\n<li>CEIP Tierno Galv\u00e1n (Granada)<\/li>\n<\/ul>\n<h3>&nbsp;<\/h3>\n<h3>REUNIONES FAMILIAS 4\u00ba ESO COLEGIO JESUITINAS SANTA MAR\u00cdA:<\/h3>\n<p><span style=\"color: #0000ff\"><strong>Lunes <span style=\"text-decoration: underline\">10 de febrero de 2025<\/span> a las 17.30 h, en el IES Fray Luis de Granada.<\/strong><\/span><\/p>\n<p>&nbsp;<\/p>\n<p>Toda la informaci\u00f3n sobre el proceso de admisi\u00f3n para el curso pr\u00f3ximo en <a href=\"https:\/\/blogsaverroes.juntadeandalucia.es\/iesfrayluisdegranada\/secretaria\/admision\/\">SECRETAR\u00cdA \/ Admisi\u00f3n ESO-BCH 25-26<\/a><\/p>\n","protected":false},"excerpt":{"rendered":"<p>&nbsp; &nbsp; REUNIONES FAMILIAS 6\u00ba PRIMARIA DE COLEGIOS ADSCRITOS: Lunes 3 de febrero de 2025 a las 17.30 h, en el IES Fray Luis de Granada: CEIP La Almohada (Belicena) CEIP Nuestra Sra. de&#46;&#46;&#46;<\/p>\n","protected":false},"author":2185,"featured_media":7925,"parent":141,"menu_order":0,"comment_status":"closed","ping_status":"closed","template":"","meta":{"ngg_post_thumbnail":0,"footnotes":""},"aioseo_notices":[],"_links":{"self":[{"href":"https:\/\/blogsaverroes.juntadeandalucia.es\/iesfrayluisdegranada\/wp-json\/wp\/v2\/pages\/5798"}],"collection":[{"href":"https:\/\/blogsaverroes.juntadeandalucia.es\/iesfrayluisdegranada\/wp-json\/wp\/v2\/pages"}],"about":[{"href":"https:\/\/blogsaverroes.juntadeandalucia.es\/iesfrayluisdegranada\/wp-json\/wp\/v2\/types\/page"}],"author":[{"embeddable":true,"href":"https:\/\/blogsaverroes.juntadeandalucia.es\/iesfrayluisdegranada\/wp-json\/wp\/v2\/users\/2185"}],"replies":[{"embeddable":true,"href":"https:\/\/blogsaverroes.juntadeandalucia.es\/iesfrayluisdegranada\/wp-json\/wp\/v2\/comments?post=5798"}],"version-history":[{"count":15,"href":"https:\/\/blogsaverroes.juntadeandalucia.es\/iesfrayluisdegranada\/wp-json\/wp\/v2\/pages\/5798\/revisions"}],"predecessor-version":[{"id":11671,"href":"https:\/\/blogsaverroes.juntadeandalucia.es\/iesfrayluisdegranada\/wp-json\/wp\/v2\/pages\/5798\/revisions\/11671"}],"up":[{"embeddable":true,"href":"https:\/\/blogsaverroes.juntadeandalucia.es\/iesfrayluisdegranada\/wp-json\/wp\/v2\/pages\/141"}],"wp:featuredmedia":[{"embeddable":true,"href":"https:\/\/blogsaverroes.juntadeandalucia.es\/iesfrayluisdegranada\/wp-json\/wp\/v2\/media\/7925"}],"wp:attachment":[{"href":"https:\/\/blogsaverroes.juntadeandalucia.es\/iesfrayluisdegranada\/wp-json\/wp\/v2\/media?parent=5798"}],"curies":[{"name":"wp","href":"https:\/\/api.w.org\/{rel}","templated":true}]}}