{"id":9458,"date":"2023-10-09T14:47:27","date_gmt":"2023-10-09T14:47:27","guid":{"rendered":"https:\/\/blogsaverroes.juntadeandalucia.es\/iesfrayluisdegranada\/?page_id=9458"},"modified":"2023-10-09T14:47:27","modified_gmt":"2023-10-09T14:47:27","slug":"derechos-y-obligaciones-de-las-familias","status":"publish","type":"page","link":"https:\/\/blogsaverroes.juntadeandalucia.es\/iesfrayluisdegranada\/derechos-y-obligaciones-de-las-familias\/","title":{"rendered":"Derechos y obligaciones de las familias"},"content":{"rendered":"<h2>Derechos y obligaciones de las familias<\/h2>\n<p>La participaci\u00f3n de los padres y madres, junto con sus derechos y obligaciones, est\u00e1 regulada en el art\u00edculo 12 del Decreto 327\/2010 que regula el Reglamento Org\u00e1nico de los Centros. En nuestro Reglamento de Organizaci\u00f3n y Funcionamiento (web: EL CENTRO \u2192 Plan de Centro \u2192 ROF) est\u00e1 concretado en el punto 1.3.<\/p>\n<p>A continuaci\u00f3n, un breve extracto de ese punto:<\/p>\n<p>\u201cEsta colaboraci\u00f3n [de las familias] se concreta en:<\/p>\n<ol>\n<li>Estimular a sus hijos e hijas en la realizaci\u00f3n de las actividades escolares para la consolidaci\u00f3n de su aprendizaje que les hayan sido asignadas por el profesorado.<\/li>\n<li>Respetar la autoridad y orientaciones del profesorado.<\/li>\n<li>Respetar las normas de organizaci\u00f3n, convivencia y disciplina del instituto.<\/li>\n<li>Procurar que sus hijos e hijas conserven y mantengan en buen estado los libros de texto y el material did\u00e1ctico cedido por los institutos de educaci\u00f3n secundaria.<\/li>\n<li>Cumplir con las obligaciones contra\u00eddas en los compromisos educativos y de convivencia que hubieran suscrito con el instituto.\u201d<\/li>\n<\/ol>\n<h2 class=\"western\">Funciones de las personas delegadas de los padres y madres en cada grupo<\/h2>\n<p class=\"western\">Es interesante participar <span lang=\"es-ES\">en este foro<\/span>, pues s\u00f3lo hay <b>tres reuniones<\/b> de la junta de delegados <b>en todo el curso<\/b>, una por trimestre. <span lang=\"es-ES\">All\u00ed se recibe informaci\u00f3n de primera mano por parte del equipo directivo y se atienden demandas y sugerencias de cada grupo, <\/span><span lang=\"es-ES\">se <\/span><span lang=\"es-ES\">revisa el transcurso de la evaluaci\u00f3n y la programaci\u00f3n de actividades. <\/span><\/p>\n<p class=\"western\">La <b>comunicaci\u00f3n<\/b> con las familias del grupo puede realizarse de varias formas, aunque se sugieren la v\u00eda de <b>PASEN<\/b> (cualquier padre puede mandar por ah\u00ed un mensaje a su delegado).<\/p>\n<p class=\"western\">Se desaconsejan los grupos de Whatsapp, pues generan debates est\u00e9riles y p\u00e9rdida de informaci\u00f3n entre mensajes poco relevantes.<\/p>\n<p class=\"western\">Las personas delegadas de los padres y madres en cada grupo tendr\u00e1n las siguientes funciones:<a class=\"sdfootnoteanc\" href=\"#sdfootnote1sym\" name=\"sdfootnote1anc\"><sup>1<\/sup><\/a><\/p>\n<ol type=\"A\">\n<li>\n<p class=\"western\">Representar a las madres y los padres del alumnado del grupo, recogiendo sus inquietudes, intereses y expectativas y dando traslado de los mismos al profesorado tutor.<\/p>\n<\/li>\n<li>\n<p class=\"western\">Asesorar a las familias del alumnado del grupo en el ejercicio de sus derechos y obligaciones.<\/p>\n<\/li>\n<li>\n<p class=\"western\">Implicar a las familias en la mejora de la convivencia y de la actividad docente en el grupo y en el centro e impulsar su participaci\u00f3n en las actividades que se organicen.<\/p>\n<\/li>\n<li>\n<p class=\"western\">Fomentar y facilitar la comunicaci\u00f3n de las madres y los padres del alumnado con el tutor o tutora del grupo y con el resto del profesorado que imparte docencia al mismo.<\/p>\n<\/li>\n<li>\n<p class=\"western\">Facilitar la relaci\u00f3n entre las familias del alumnado del grupo y el equipo directivo, la asociaci\u00f3n de padres y madres del alumnado y los representantes de este sector en el Consejo Escolar.<\/p>\n<\/li>\n<li>\n<p class=\"western\">Colaborar en el desarrollo de las actividades programadas por el centro para informar a las familias del alumnado del grupo y para estimular su participaci\u00f3n en el proceso educativo de sus hijos e hijas, especialmente en las recogidas en los art\u00edculos 7 y 18.<\/p>\n<\/li>\n<li>\n<p class=\"western\">Mediar en la resoluci\u00f3n pac\u00edfica de conflictos entre el propio alumnado del grupo o entre \u00e9ste y cualquier miembro de la comunidad educativa, de acuerdo con lo que, a tales efectos, disponga el plan de convivencia.<\/p>\n<\/li>\n<li>\n<p class=\"western\">Colaborar en el establecimiento y seguimiento de los compromisos educativos y de convivencia que se suscriban con las familias del alumnado del grupo.<\/p>\n<\/li>\n<li>\n<p class=\"western\">Cualesquiera otras que les sean atribuidas en el plan de convivencia del centro.<\/p>\n<\/li>\n<\/ol>\n<div id=\"sdfootnote1\">\n<p class=\"sdfootnote-western\" align=\"justify\"><a class=\"sdfootnotesym\" href=\"#sdfootnote1anc\" name=\"sdfootnote1sym\">1<\/a>Seg\u00fan se establece en la Orden de 20 de junio de 2011, por la que se adoptan medidas para la promoci\u00f3n de la convivencia en los centros docentes sostenidos con fondos p\u00fablicos y se regula el derecho de las familias a participar en el proceso educativo de sus hijos e hijas.<\/p>\n<\/div>\n","protected":false},"excerpt":{"rendered":"<p>Derechos y obligaciones de las familias La participaci\u00f3n de los padres y madres, junto con sus derechos y obligaciones, est\u00e1 regulada en el art\u00edculo 12 del Decreto 327\/2010 que regula el Reglamento Org\u00e1nico de&#46;&#46;&#46;<\/p>\n","protected":false},"author":2185,"featured_media":0,"parent":0,"menu_order":0,"comment_status":"closed","ping_status":"closed","template":"","meta":{"ngg_post_thumbnail":0,"footnotes":""},"aioseo_notices":[],"_links":{"self":[{"href":"https:\/\/blogsaverroes.juntadeandalucia.es\/iesfrayluisdegranada\/wp-json\/wp\/v2\/pages\/9458"}],"collection":[{"href":"https:\/\/blogsaverroes.juntadeandalucia.es\/iesfrayluisdegranada\/wp-json\/wp\/v2\/pages"}],"about":[{"href":"https:\/\/blogsaverroes.juntadeandalucia.es\/iesfrayluisdegranada\/wp-json\/wp\/v2\/types\/page"}],"author":[{"embeddable":true,"href":"https:\/\/blogsaverroes.juntadeandalucia.es\/iesfrayluisdegranada\/wp-json\/wp\/v2\/users\/2185"}],"replies":[{"embeddable":true,"href":"https:\/\/blogsaverroes.juntadeandalucia.es\/iesfrayluisdegranada\/wp-json\/wp\/v2\/comments?post=9458"}],"version-history":[{"count":1,"href":"https:\/\/blogsaverroes.juntadeandalucia.es\/iesfrayluisdegranada\/wp-json\/wp\/v2\/pages\/9458\/revisions"}],"predecessor-version":[{"id":9459,"href":"https:\/\/blogsaverroes.juntadeandalucia.es\/iesfrayluisdegranada\/wp-json\/wp\/v2\/pages\/9458\/revisions\/9459"}],"wp:attachment":[{"href":"https:\/\/blogsaverroes.juntadeandalucia.es\/iesfrayluisdegranada\/wp-json\/wp\/v2\/media?parent=9458"}],"curies":[{"name":"wp","href":"https:\/\/api.w.org\/{rel}","templated":true}]}}