{"id":113,"date":"2015-03-16T08:06:00","date_gmt":"2015-03-16T08:06:00","guid":{"rendered":"http:\/\/blogsaverroes.juntadeandalucia.es\/pre\/ceip\/?page_id=113"},"modified":"2024-01-22T22:04:37","modified_gmt":"2024-01-22T20:04:37","slug":"biblioteca","status":"publish","type":"page","link":"https:\/\/blogsaverroes.juntadeandalucia.es\/iesfuentebuena\/biblioteca\/","title":{"rendered":"Biblioteca \u00abMar\u00eda Ram\u00edrez\u00bb"},"content":{"rendered":"<p><a href=\"https:\/\/blogsaverroes.juntadeandalucia.es\/iesfuentebuena\/files\/2019\/12\/LOGO-BIBLIO.jpg\"><img loading=\"lazy\" decoding=\"async\" class=\"size-medium wp-image-4068 aligncenter\" src=\"https:\/\/blogsaverroes.juntadeandalucia.es\/iesfuentebuena\/files\/2019\/12\/LOGO-BIBLIO-190x300.jpg\" alt=\"\" width=\"190\" height=\"300\" srcset=\"https:\/\/blogsaverroes.juntadeandalucia.es\/iesfuentebuena\/files\/2019\/12\/LOGO-BIBLIO-190x300.jpg 190w, https:\/\/blogsaverroes.juntadeandalucia.es\/iesfuentebuena\/files\/2019\/12\/LOGO-BIBLIO-768x1212.jpg 768w, https:\/\/blogsaverroes.juntadeandalucia.es\/iesfuentebuena\/files\/2019\/12\/LOGO-BIBLIO-649x1024.jpg 649w, https:\/\/blogsaverroes.juntadeandalucia.es\/iesfuentebuena\/files\/2019\/12\/LOGO-BIBLIO-15x24.jpg 15w, https:\/\/blogsaverroes.juntadeandalucia.es\/iesfuentebuena\/files\/2019\/12\/LOGO-BIBLIO-23x36.jpg 23w, https:\/\/blogsaverroes.juntadeandalucia.es\/iesfuentebuena\/files\/2019\/12\/LOGO-BIBLIO-30x48.jpg 30w, https:\/\/blogsaverroes.juntadeandalucia.es\/iesfuentebuena\/files\/2019\/12\/LOGO-BIBLIO.jpg 1013w\" sizes=\"(max-width: 190px) 100vw, 190px\" \/><\/a><\/p>\n<p style=\"text-align: center\">Bienvenidos\/as a la <strong>Biblioteca \u00abMar\u00eda Ram\u00edrez\u00bb<\/strong> del IES Fuentebuena.<\/p>\n<table style=\"border-collapse: collapse;width: 100%\">\n<tbody>\n<tr>\n<td style=\"width: 50%\">\n<h2 style=\"text-align: center\"><a href=\"https:\/\/blogsaverroes.juntadeandalucia.es\/iesfuentebuena\/category\/planes-y-programas\/biblioteca-plan-lector\/\">\u00daLTIMAS ACTIVIDADES<\/a><\/h2>\n<\/td>\n<td style=\"width: 50%\">\n<h2 style=\"text-align: center\"><a href=\"https:\/\/www.juntadeandalucia.es\/educacion\/senecav2\/seneca\/biblioweb\/portal\/23700608\" target=\"_blank\" rel=\"noopener noreferrer\">BIBLIOWEB<\/a><br \/>\n<a href=\"https:\/\/www.juntadeandalucia.es\/educacion\/senecav2\/seneca\/biblioweb\/portal\/23700608\">Cat\u00e1logo, reservas y desideratas<\/a><\/h2>\n<\/td>\n<\/tr>\n<tr>\n<td style=\"width: 50%\">\n<h2 style=\"text-align: center\"><a href=\"https:\/\/www.instagram.com\/biblioteca_ies_fuentebuena\/\" target=\"_blank\" rel=\"noopener noreferrer\">Instagram de la Biblioteca<\/a> &nbsp; <a href=\"https:\/\/www.instagram.com\/biblioteca_ies_fuentebuena\/\"><img loading=\"lazy\" decoding=\"async\" class=\"alignnone wp-image-9252\" src=\"https:\/\/blogsaverroes.juntadeandalucia.es\/iesfuentebuena\/files\/2024\/01\/logoInst.png\" alt=\"\" width=\"35\" height=\"35\" srcset=\"https:\/\/blogsaverroes.juntadeandalucia.es\/iesfuentebuena\/files\/2024\/01\/logoInst.png 184w, https:\/\/blogsaverroes.juntadeandalucia.es\/iesfuentebuena\/files\/2024\/01\/logoInst-150x150.png 150w\" sizes=\"(max-width: 35px) 100vw, 35px\" \/><\/a><\/h2>\n<\/td>\n<td style=\"width: 50%\">\n<h2 style=\"text-align: center\"><a href=\"https:\/\/blogsaverroes.juntadeandalucia.es\/iesfuentebuena\/files\/2020\/11\/Antolog\u00eda-Mar\u00eda-Ram\u00edrez.pdf\">Conoce a Mar\u00eda Ram\u00edrez<\/a><\/h2>\n<\/td>\n<\/tr>\n<\/tbody>\n<\/table>\n<p>&nbsp;<\/p>\n<p><a href=\"https:\/\/blogsaverroes.juntadeandalucia.es\/iesfuentebuena\/files\/2021\/07\/Biblioteca01-scaled.jpg\"><img loading=\"lazy\" decoding=\"async\" class=\"wp-image-6086 alignleft\" src=\"https:\/\/blogsaverroes.juntadeandalucia.es\/iesfuentebuena\/files\/2021\/07\/Biblioteca01-scaled.jpg\" alt=\"\" width=\"475\" height=\"315\" srcset=\"https:\/\/blogsaverroes.juntadeandalucia.es\/iesfuentebuena\/files\/2021\/07\/Biblioteca01-scaled.jpg 1600w, https:\/\/blogsaverroes.juntadeandalucia.es\/iesfuentebuena\/files\/2021\/07\/Biblioteca01-300x199.jpg 300w, https:\/\/blogsaverroes.juntadeandalucia.es\/iesfuentebuena\/files\/2021\/07\/Biblioteca01-1024x680.jpg 1024w, https:\/\/blogsaverroes.juntadeandalucia.es\/iesfuentebuena\/files\/2021\/07\/Biblioteca01-768x510.jpg 768w, https:\/\/blogsaverroes.juntadeandalucia.es\/iesfuentebuena\/files\/2021\/07\/Biblioteca01-1536x1020.jpg 1536w, https:\/\/blogsaverroes.juntadeandalucia.es\/iesfuentebuena\/files\/2021\/07\/Biblioteca01-2048x1360.jpg 2048w\" sizes=\"(max-width: 475px) 100vw, 475px\" \/><\/a><a href=\"https:\/\/blogsaverroes.juntadeandalucia.es\/iesfuentebuena\/files\/2021\/07\/Biblioteca03-scaled.jpg\"><img loading=\"lazy\" decoding=\"async\" class=\"wp-image-6088 alignright\" src=\"https:\/\/blogsaverroes.juntadeandalucia.es\/iesfuentebuena\/files\/2021\/07\/Biblioteca03-scaled.jpg\" alt=\"\" width=\"471\" height=\"314\" srcset=\"https:\/\/blogsaverroes.juntadeandalucia.es\/iesfuentebuena\/files\/2021\/07\/Biblioteca03-scaled.jpg 1600w, https:\/\/blogsaverroes.juntadeandalucia.es\/iesfuentebuena\/files\/2021\/07\/Biblioteca03-300x199.jpg 300w, https:\/\/blogsaverroes.juntadeandalucia.es\/iesfuentebuena\/files\/2021\/07\/Biblioteca03-1024x680.jpg 1024w, https:\/\/blogsaverroes.juntadeandalucia.es\/iesfuentebuena\/files\/2021\/07\/Biblioteca03-768x510.jpg 768w, https:\/\/blogsaverroes.juntadeandalucia.es\/iesfuentebuena\/files\/2021\/07\/Biblioteca03-1536x1020.jpg 1536w, https:\/\/blogsaverroes.juntadeandalucia.es\/iesfuentebuena\/files\/2021\/07\/Biblioteca03-2048x1360.jpg 2048w\" sizes=\"(max-width: 471px) 100vw, 471px\" \/><\/a><\/p>\n<p>&nbsp;<\/p>\n<p>&nbsp;<\/p>\n<p>&nbsp;<\/p>\n<p>&nbsp;<\/p>\n<p>&nbsp;<\/p>\n<p>&nbsp;<\/p>\n<p>&nbsp;<br \/>\n&nbsp;&nbsp;&nbsp;<\/p>\n<p>&nbsp;<\/p>\n<p><a href=\"https:\/\/blogsaverroes.juntadeandalucia.es\/iesfuentebuena\/files\/2021\/07\/Biblioteca02-scaled.jpg\"><img loading=\"lazy\" decoding=\"async\" class=\"wp-image-6087 alignleft\" src=\"https:\/\/blogsaverroes.juntadeandalucia.es\/iesfuentebuena\/files\/2021\/07\/Biblioteca02-scaled.jpg\" alt=\"\" width=\"501\" height=\"332\" srcset=\"https:\/\/blogsaverroes.juntadeandalucia.es\/iesfuentebuena\/files\/2021\/07\/Biblioteca02-scaled.jpg 1600w, https:\/\/blogsaverroes.juntadeandalucia.es\/iesfuentebuena\/files\/2021\/07\/Biblioteca02-300x199.jpg 300w, https:\/\/blogsaverroes.juntadeandalucia.es\/iesfuentebuena\/files\/2021\/07\/Biblioteca02-1024x680.jpg 1024w, https:\/\/blogsaverroes.juntadeandalucia.es\/iesfuentebuena\/files\/2021\/07\/Biblioteca02-768x510.jpg 768w, https:\/\/blogsaverroes.juntadeandalucia.es\/iesfuentebuena\/files\/2021\/07\/Biblioteca02-1536x1020.jpg 1536w, https:\/\/blogsaverroes.juntadeandalucia.es\/iesfuentebuena\/files\/2021\/07\/Biblioteca02-2048x1360.jpg 2048w\" sizes=\"(max-width: 501px) 100vw, 501px\" \/><\/a><\/p>\n<p><a href=\"https:\/\/blogsaverroes.juntadeandalucia.es\/iesfuentebuena\/files\/2021\/03\/SoniaTirado-08.jpg\"><img loading=\"lazy\" decoding=\"async\" class=\"wp-image-5353 alignright\" src=\"https:\/\/blogsaverroes.juntadeandalucia.es\/iesfuentebuena\/files\/2021\/03\/SoniaTirado-08.jpg\" alt=\"\" width=\"456\" height=\"539\" srcset=\"https:\/\/blogsaverroes.juntadeandalucia.es\/iesfuentebuena\/files\/2021\/03\/SoniaTirado-08.jpg 493w, https:\/\/blogsaverroes.juntadeandalucia.es\/iesfuentebuena\/files\/2021\/03\/SoniaTirado-08-254x300.jpg 254w\" sizes=\"(max-width: 456px) 100vw, 456px\" \/><\/a><\/p>\n<p>&nbsp;<\/p>\n<p>&nbsp;<\/p>\n<p>&nbsp;<\/p>\n<p>&nbsp;<\/p>\n<p>&nbsp;<\/p>\n<p>&nbsp;<\/p>\n<p>&nbsp;<\/p>\n<p>&nbsp;<\/p>\n<p>&nbsp;<\/p>\n<p><a href=\"https:\/\/blogsaverroes.juntadeandalucia.es\/iesfuentebuena\/files\/2021\/07\/Biblioteca05.jpg\"><img loading=\"lazy\" decoding=\"async\" class=\"wp-image-6092 alignleft\" src=\"https:\/\/blogsaverroes.juntadeandalucia.es\/iesfuentebuena\/files\/2021\/07\/Biblioteca05.jpg\" alt=\"\" width=\"501\" height=\"358\" srcset=\"https:\/\/blogsaverroes.juntadeandalucia.es\/iesfuentebuena\/files\/2021\/07\/Biblioteca05.jpg 1142w, https:\/\/blogsaverroes.juntadeandalucia.es\/iesfuentebuena\/files\/2021\/07\/Biblioteca05-300x214.jpg 300w, https:\/\/blogsaverroes.juntadeandalucia.es\/iesfuentebuena\/files\/2021\/07\/Biblioteca05-1024x731.jpg 1024w, https:\/\/blogsaverroes.juntadeandalucia.es\/iesfuentebuena\/files\/2021\/07\/Biblioteca05-768x548.jpg 768w\" sizes=\"(max-width: 501px) 100vw, 501px\" \/><\/a><\/p>\n","protected":false},"excerpt":{"rendered":"<p>Bienvenidos\/as a la Biblioteca \u00abMar\u00eda Ram\u00edrez\u00bb del IES Fuentebuena. \u00daLTIMAS ACTIVIDADES BIBLIOWEB Cat\u00e1logo, reservas y desideratas Instagram de la Biblioteca &nbsp; Conoce a Mar\u00eda Ram\u00edrez&hellip;<\/p>\n","protected":false},"author":1,"featured_media":0,"parent":0,"menu_order":0,"comment_status":"closed","ping_status":"open","template":"page-c.php","meta":{"ngg_post_thumbnail":0,"footnotes":""},"aioseo_notices":[],"_links":{"self":[{"href":"https:\/\/blogsaverroes.juntadeandalucia.es\/iesfuentebuena\/wp-json\/wp\/v2\/pages\/113"}],"collection":[{"href":"https:\/\/blogsaverroes.juntadeandalucia.es\/iesfuentebuena\/wp-json\/wp\/v2\/pages"}],"about":[{"href":"https:\/\/blogsaverroes.juntadeandalucia.es\/iesfuentebuena\/wp-json\/wp\/v2\/types\/page"}],"author":[{"embeddable":true,"href":"https:\/\/blogsaverroes.juntadeandalucia.es\/iesfuentebuena\/wp-json\/wp\/v2\/users\/1"}],"replies":[{"embeddable":true,"href":"https:\/\/blogsaverroes.juntadeandalucia.es\/iesfuentebuena\/wp-json\/wp\/v2\/comments?post=113"}],"version-history":[{"count":21,"href":"https:\/\/blogsaverroes.juntadeandalucia.es\/iesfuentebuena\/wp-json\/wp\/v2\/pages\/113\/revisions"}],"predecessor-version":[{"id":9254,"href":"https:\/\/blogsaverroes.juntadeandalucia.es\/iesfuentebuena\/wp-json\/wp\/v2\/pages\/113\/revisions\/9254"}],"wp:attachment":[{"href":"https:\/\/blogsaverroes.juntadeandalucia.es\/iesfuentebuena\/wp-json\/wp\/v2\/media?parent=113"}],"curies":[{"name":"wp","href":"https:\/\/api.w.org\/{rel}","templated":true}]}}