{"id":2545,"date":"2017-01-24T13:25:30","date_gmt":"2017-01-24T13:25:30","guid":{"rendered":"http:\/\/blogsaverroes.juntadeandalucia.es\/iesfuentebuena\/?page_id=2545"},"modified":"2025-09-08T18:13:55","modified_gmt":"2025-09-08T16:13:55","slug":"claustro-de-profesorado","status":"publish","type":"page","link":"https:\/\/blogsaverroes.juntadeandalucia.es\/iesfuentebuena\/claustro-de-profesorado\/","title":{"rendered":"Claustro de Profesorado"},"content":{"rendered":"<h1>&nbsp;<\/h1>\n<h1 style=\"text-align: center\">CLAUSTRO DE PROFESORADO &#8211; CURSO 2025\/2026<\/h1>\n<table style=\"width: 98%;height: 247px\">\n<tbody>\n<tr style=\"height: 27px\">\n<td class=\"widget-title\" style=\"height: 27px\">\n<h4>DEPARTAMENTO<\/h4>\n<\/td>\n<td class=\"widget-title\" style=\"height: 27px\">\n<h4>MIEMBROS (ESPECIALIDAD)<\/h4>\n<\/td>\n<\/tr>\n<tr style=\"height: 36px\">\n<td style=\"height: 36px\">Matem\u00e1ticas<\/td>\n<td style=\"height: 36px\">Margarita G. P. (Matem\u00e1ticas &#8211; jefa de departamento)<br \/>\nMario L. S. (Matem\u00e1ticas)<\/td>\n<\/tr>\n<tr style=\"height: 68px\">\n<td style=\"height: 10px\">Ciencias y Tecnolog\u00eda<\/td>\n<td style=\"height: 10px\">Alfonso E. D. (Tecnolog\u00eda)<br \/>\nJuan G. D. (Biolog\u00eda y Geolog\u00eda)<br \/>\nMaribel B. \u00c1. (F\u00edsica y Qu\u00edmica &#8211; jefa de departamento)<\/td>\n<\/tr>\n<tr style=\"height: 66.6px\">\n<td style=\"height: 10px\">Idiomas<\/td>\n<td style=\"height: 10px\">Pilar M. C. (Ingl\u00e9s\/Franc\u00e9s)<br \/>\nAlicia M. A. (Ingl\u00e9s &#8211; jefa de departamento)<\/td>\n<\/tr>\n<tr style=\"height: 68px\">\n<td style=\"height: 68px\">Humanidades y CC. Sociales<\/td>\n<td style=\"height: 68px\">Carmen P. M. (Lengua Castellana y Literatura)<br \/>\nMar\u00eda Jos\u00e9 C. A. (Lengua Castellana y Literatura)<br \/>\nJuan G. R. (Geograf\u00eda e Historia &#8211; jefe de departamento)<\/td>\n<\/tr>\n<tr style=\"height: 68px\">\n<td style=\"height: 50px\">Artes y Vida Activa<\/td>\n<td style=\"height: 50px\">Julia C. B. (M\u00fasica)<br \/>\nSergio C. V. (Educaci\u00f3n F\u00edsica &#8211; jefe de departamento)<\/td>\n<\/tr>\n<tr style=\"height: 22px\">\n<td style=\"height: 22px\">Orientaci\u00f3n<\/td>\n<td style=\"height: 22px\">Sagrario S. M. (Orientaci\u00f3n Educativa &#8211; jefa de departamento)<br \/>\nFelicidad M. S. (Pedagog\u00eda Terap\u00e9utica)<br \/>\nNazaret R. V. (Pedagog\u00eda Terap\u00e9utica)<br \/>\nTeresa V. C. (Pedagog\u00eda Terap\u00e9utica)&nbsp;<\/td>\n<\/tr>\n<tr style=\"height: 24px\">\n<td style=\"height: 24px\"><em>Itinerantes<\/em><\/td>\n<td style=\"height: 24px\">Antonio M. M. (Religi\u00f3n)<br \/>\n&#8212;&#8212;&#8212;&#8212;&#8212;&#8211; (Audici\u00f3n y Lenguaje)<\/td>\n<\/tr>\n<\/tbody>\n<\/table>\n<p>&nbsp;<\/p>\n<table style=\"width: 80.7205%;height: 162px\">\n<tbody>\n<tr style=\"height: 66px\">\n<td class=\"widget-title\" style=\"width: 29.6992%;height: 66px\">\n<h4>\u00c1REA DE COMPETENCIAS<\/h4>\n<\/td>\n<td class=\"widget-title\" style=\"width: 40.7301%;height: 66px\">\n<h4>DEPARTAMENTOS QUE LA INTEGRAN<\/h4>\n<\/td>\n<td class=\"widget-title\" style=\"width: 28.5681%;height: 66px\">\n<h4>COORDINADOR\/A<\/h4>\n<\/td>\n<\/tr>\n<tr style=\"height: 48px\">\n<td style=\"width: 29.6992%;height: 48px\">Socio-ling\u00fc\u00edstica<\/td>\n<td style=\"width: 40.7301%;height: 48px\">Idiomas&nbsp; \/\/&nbsp; Humanidades y CC.Sociales<\/td>\n<td style=\"width: 28.5681%;height: 48px\">Juan G. R.<\/td>\n<\/tr>\n<tr style=\"height: 24px\">\n<td style=\"width: 29.6992%;height: 24px\">Cient\u00edfico-tecnol\u00f3gica<\/td>\n<td style=\"width: 40.7301%;height: 24px\">Matem\u00e1ticas \/\/ Ciencias y Tecnolog\u00eda<\/td>\n<td style=\"width: 28.5681%;height: 24px\">Maribel B. A.<\/td>\n<\/tr>\n<tr style=\"height: 24px\">\n<td style=\"width: 29.6992%;height: 24px\">Art\u00edstica<\/td>\n<td style=\"width: 40.7301%;height: 24px\">Artes y Vida Activa<\/td>\n<td style=\"width: 28.5681%;height: 24px\">Sergio C. V.<\/td>\n<\/tr>\n<\/tbody>\n<\/table>\n<h1>&nbsp;<\/h1>\n<h1>\u00bfQu\u00e9 es el Claustro?<\/h1>\n<p>El Claustro del profesorado es el m\u00e1ximo \u00f3rgano para el debate y la toma de decisiones sobre todos los aspectos pedag\u00f3gicos en el Instituto.<br \/>\nEs el \u00f3rgano propio de participaci\u00f3n del profesorado en el control y gesti\u00f3n del Centro y tiene la responsabilidad de planificar, coordinar, informar y, en su caso, decidir sobre todos los aspectos docentes del Centro.<\/p>\n<p>El claustro se reunir\u00e1 una vez al trimestre y siempre que lo convoque el Director o lo solicite un tercio, al menos, de sus miembros. Adem\u00e1s se realizar\u00e1 una sesi\u00f3n de claustro a principio de curso y otra al finalizar este. Cualquier miembro del Claustro podr\u00e1 realizar propuestas para su aprobaci\u00f3n y los documentos que se vayan a debatir se adjuntar\u00e1n o se har\u00e1n p\u00fablicos en la sala del profesorado. Los acuerdos se tomar\u00e1n por mayor\u00eda simple.<\/p>\n<p>El Claustro del profesorado es presidido por el Director del Centro y est\u00e1 integrado por la totalidad del profesorado que presta servicios en el mismo.&nbsp;<\/p>\n<h1>&nbsp;<\/h1>\n<h1>\u00bfCu\u00e1les son sus funciones?<\/h1>\n<p>El Claustro del profesorado tiene las siguientes competencias:<\/p>\n<ol>\n<li>Formular al Equipo Directivo y al Consejo Escolar propuestas para la elaboraci\u00f3n de los proyectos del centro y de la programaci\u00f3n general anual.<\/li>\n<li>Aprobar y evaluar la concreci\u00f3n del curr\u00edculo y todos los aspectos educativos de los proyectos y de la programaci\u00f3n general anual.<br \/>\nFijar los criterios referentes a la orientaci\u00f3n, tutor\u00eda, evaluaci\u00f3n y recuperaci\u00f3n del alumnado.<br \/>\nPromover iniciativas en el \u00e1mbito de la experimentaci\u00f3n y de la investigaci\u00f3n pedag\u00f3gica y en la formaci\u00f3n del profesorado del Centro.<\/li>\n<li>Elegir sus representantes en el Consejo Escolar del centro y participar en la selecci\u00f3n del\/la director\/a en los t\u00e9rminos establecidos por la Ley.<\/li>\n<li>Conocer las candidaturas a la Direcci\u00f3n y los proyectos de direcci\u00f3n presentados por los\/as candidatos\/as.<br \/>\nAnalizar y valorar el funcionamiento general del Centro, la evoluci\u00f3n del rendimiento escolar y los resultados de las evaluaciones internas y externas en las que participe el Centro.<\/li>\n<li>Informar las normas de organizaci\u00f3n y funcionamiento del centro.<br \/>\nConocer la resoluci\u00f3n de conflictos disciplinarios y la imposici\u00f3n de sanciones y velar por que \u00e9stas se atengan a la Normativa vigente.<\/li>\n<li>Proponer medidas e iniciativas que favorezcan la convivencia en el Centro.<\/li>\n<li>Cualesquiera otras que le sean atribuidas por la Administraci\u00f3n educativa o por las respectivas normas de organizaci\u00f3n y funcionamiento.<\/li>\n<\/ol>\n<p>&nbsp;<\/p>\n","protected":false},"excerpt":{"rendered":"<p>&nbsp; CLAUSTRO DE PROFESORADO &#8211; CURSO 2025\/2026 DEPARTAMENTO MIEMBROS (ESPECIALIDAD) Matem\u00e1ticas Margarita G. P. (Matem\u00e1ticas &#8211; jefa de departamento) Mario L. S. (Matem\u00e1ticas) Ciencias y&hellip;<\/p>\n","protected":false},"author":4472,"featured_media":0,"parent":0,"menu_order":0,"comment_status":"closed","ping_status":"closed","template":"","meta":{"ngg_post_thumbnail":0,"footnotes":""},"aioseo_notices":[],"_links":{"self":[{"href":"https:\/\/blogsaverroes.juntadeandalucia.es\/iesfuentebuena\/wp-json\/wp\/v2\/pages\/2545"}],"collection":[{"href":"https:\/\/blogsaverroes.juntadeandalucia.es\/iesfuentebuena\/wp-json\/wp\/v2\/pages"}],"about":[{"href":"https:\/\/blogsaverroes.juntadeandalucia.es\/iesfuentebuena\/wp-json\/wp\/v2\/types\/page"}],"author":[{"embeddable":true,"href":"https:\/\/blogsaverroes.juntadeandalucia.es\/iesfuentebuena\/wp-json\/wp\/v2\/users\/4472"}],"replies":[{"embeddable":true,"href":"https:\/\/blogsaverroes.juntadeandalucia.es\/iesfuentebuena\/wp-json\/wp\/v2\/comments?post=2545"}],"version-history":[{"count":51,"href":"https:\/\/blogsaverroes.juntadeandalucia.es\/iesfuentebuena\/wp-json\/wp\/v2\/pages\/2545\/revisions"}],"predecessor-version":[{"id":10165,"href":"https:\/\/blogsaverroes.juntadeandalucia.es\/iesfuentebuena\/wp-json\/wp\/v2\/pages\/2545\/revisions\/10165"}],"wp:attachment":[{"href":"https:\/\/blogsaverroes.juntadeandalucia.es\/iesfuentebuena\/wp-json\/wp\/v2\/media?parent=2545"}],"curies":[{"name":"wp","href":"https:\/\/api.w.org\/{rel}","templated":true}]}}