{"id":3327,"date":"2018-02-02T12:40:40","date_gmt":"2018-02-02T12:40:40","guid":{"rendered":"http:\/\/blogsaverroes.juntadeandalucia.es\/iesfuentebuena\/?page_id=3327"},"modified":"2023-07-02T14:34:31","modified_gmt":"2023-07-02T12:34:31","slug":"ipasen","status":"publish","type":"page","link":"https:\/\/blogsaverroes.juntadeandalucia.es\/iesfuentebuena\/ipasen\/","title":{"rendered":"iPasen"},"content":{"rendered":"<p><a href=\"https:\/\/blogsaverroes.juntadeandalucia.es\/iesfuentebuena\/files\/2021\/06\/iPasen.jpg\"><img loading=\"lazy\" decoding=\"async\" class=\"aligncenter wp-image-5813\" src=\"https:\/\/blogsaverroes.juntadeandalucia.es\/iesfuentebuena\/files\/2021\/06\/iPasen-300x275.jpg\" alt=\"\" width=\"202\" height=\"185\" srcset=\"https:\/\/blogsaverroes.juntadeandalucia.es\/iesfuentebuena\/files\/2021\/06\/iPasen-300x275.jpg 300w, https:\/\/blogsaverroes.juntadeandalucia.es\/iesfuentebuena\/files\/2021\/06\/iPasen.jpg 356w\" sizes=\"(max-width: 202px) 100vw, 202px\" \/><\/a><\/p>\n<div style=\"width: 100%\">\n<div style=\"padding-bottom: 56.25%;padding-top: 0;height: 0\">\n<div class=\"container-wrapper-genially\" style=\"min-height: 400px;max-width: 100%\">\n<p>Web oficial de la plataforma iPasen:&nbsp; <a href=\"https:\/\/www.juntadeandalucia.es\/educacion\/portalseneca\/web\/pasen\/inicio\">Pincha aqu\u00ed<\/a>.<\/p>\n<ul>\n<li><strong>QU\u00c9 HACER SI NO TENGO ACCESO:<\/strong> Utilizar la opci\u00f3n \u00bfHas olvidado tu contrase\u00f1a? e introduce tu DNI. En unos instantes recibir\u00e1s tu usuario y contrase\u00f1a por SMS.<\/li>\n<\/ul>\n<p>Para cualquier duda puede consultar en el Centro.<\/p>\n<\/div>\n<\/div>\n<\/div>\n","protected":false},"excerpt":{"rendered":"<p>Web oficial de la plataforma iPasen:&nbsp; Pincha aqu\u00ed. QU\u00c9 HACER SI NO TENGO ACCESO: Utilizar la opci\u00f3n \u00bfHas olvidado tu contrase\u00f1a? e introduce tu DNI.&hellip;<\/p>\n","protected":false},"author":4472,"featured_media":3322,"parent":0,"menu_order":0,"comment_status":"closed","ping_status":"closed","template":"page-c.php","meta":{"ngg_post_thumbnail":0,"footnotes":""},"aioseo_notices":[],"_links":{"self":[{"href":"https:\/\/blogsaverroes.juntadeandalucia.es\/iesfuentebuena\/wp-json\/wp\/v2\/pages\/3327"}],"collection":[{"href":"https:\/\/blogsaverroes.juntadeandalucia.es\/iesfuentebuena\/wp-json\/wp\/v2\/pages"}],"about":[{"href":"https:\/\/blogsaverroes.juntadeandalucia.es\/iesfuentebuena\/wp-json\/wp\/v2\/types\/page"}],"author":[{"embeddable":true,"href":"https:\/\/blogsaverroes.juntadeandalucia.es\/iesfuentebuena\/wp-json\/wp\/v2\/users\/4472"}],"replies":[{"embeddable":true,"href":"https:\/\/blogsaverroes.juntadeandalucia.es\/iesfuentebuena\/wp-json\/wp\/v2\/comments?post=3327"}],"version-history":[{"count":13,"href":"https:\/\/blogsaverroes.juntadeandalucia.es\/iesfuentebuena\/wp-json\/wp\/v2\/pages\/3327\/revisions"}],"predecessor-version":[{"id":8376,"href":"https:\/\/blogsaverroes.juntadeandalucia.es\/iesfuentebuena\/wp-json\/wp\/v2\/pages\/3327\/revisions\/8376"}],"wp:featuredmedia":[{"embeddable":true,"href":"https:\/\/blogsaverroes.juntadeandalucia.es\/iesfuentebuena\/wp-json\/wp\/v2\/media\/3322"}],"wp:attachment":[{"href":"https:\/\/blogsaverroes.juntadeandalucia.es\/iesfuentebuena\/wp-json\/wp\/v2\/media?parent=3327"}],"curies":[{"name":"wp","href":"https:\/\/api.w.org\/{rel}","templated":true}]}}