{"id":3513,"date":"2018-12-14T09:00:02","date_gmt":"2018-12-14T09:00:02","guid":{"rendered":"http:\/\/blogsaverroes.juntadeandalucia.es\/iesfuentebuena\/?page_id=3513"},"modified":"2020-02-28T21:59:34","modified_gmt":"2020-02-28T19:59:34","slug":"proyecto-stars","status":"publish","type":"page","link":"https:\/\/blogsaverroes.juntadeandalucia.es\/iesfuentebuena\/proyecto-stars\/","title":{"rendered":"Programa Europeo Stars"},"content":{"rendered":"<p><a href=\"https:\/\/blogsaverroes.juntadeandalucia.es\/iesfuentebuena\/files\/2019\/09\/logostars-e1569529441909.png\"><img loading=\"lazy\" decoding=\"async\" class=\"size-medium wp-image-3930 aligncenter\" src=\"https:\/\/blogsaverroes.juntadeandalucia.es\/iesfuentebuena\/files\/2019\/09\/logostars-300x126.png\" alt=\"\" width=\"300\" height=\"126\"><\/a><\/p>\n<p>El IES Fuentebuena, en colaboraci\u00f3n con el <strong>Ayuntamiento de Arroyo del Ojanco<\/strong>, la <strong>Diputaci\u00f3n de Ja\u00e9n<\/strong> y la <strong>Direcci\u00f3n General de Tr\u00e1fico<\/strong>, se ha comprometido a promover y desarrollar en el curso escolar 2019\/2020, acciones ligadas al <strong>Programa Europeo STARS<\/strong>, (Sustainable Travel Accreditation and Recognition for Schools), el cual promociona los desplazamientos activos y sostenibles entre el alumnado y y el personal a los centros educativos.<\/p>\n<p>Algunos de los<strong> objetivos <\/strong>del <strong>programa STARS <\/strong>son:<\/p>\n<ul>\n<li>Aumentar el n\u00famero de ni\u00f1os y adolescentes que realizan desplazamientos activos al colegio o al instituto, es decir que van en bici o andando a su centro de estudios<\/li>\n<li>Fomentar la autonom\u00eda de la infancia en la ciudad.<\/li>\n<li>Promover el compromiso de los j\u00f3venes con el espacio p\u00fablico.<\/li>\n<li>Promover estilos de vida saludables y cuidar el medio ambiente.<\/li>\n<\/ul>\n<p>Ya el curso pasado se desarrollaron algunas iniciativas, lo que nos vali\u00f3 la condecoraci\u00f3n PLATA, que tenemos colgada con orgullo a la entrada de nuestro Centro.<\/p>\n<p><a href=\"https:\/\/blogsaverroes.juntadeandalucia.es\/iesfuentebuena\/files\/2019\/09\/20190926_190440.jpg\"><img loading=\"lazy\" decoding=\"async\" class=\"wp-image-3929 aligncenter\" src=\"https:\/\/blogsaverroes.juntadeandalucia.es\/iesfuentebuena\/files\/2019\/09\/20190926_190440-218x300.jpg\" alt=\"\" width=\"333\" height=\"459\" srcset=\"https:\/\/blogsaverroes.juntadeandalucia.es\/iesfuentebuena\/files\/2019\/09\/20190926_190440-218x300.jpg 218w, https:\/\/blogsaverroes.juntadeandalucia.es\/iesfuentebuena\/files\/2019\/09\/20190926_190440-768x1059.jpg 768w, https:\/\/blogsaverroes.juntadeandalucia.es\/iesfuentebuena\/files\/2019\/09\/20190926_190440-743x1024.jpg 743w, https:\/\/blogsaverroes.juntadeandalucia.es\/iesfuentebuena\/files\/2019\/09\/20190926_190440-17x24.jpg 17w, https:\/\/blogsaverroes.juntadeandalucia.es\/iesfuentebuena\/files\/2019\/09\/20190926_190440-26x36.jpg 26w, https:\/\/blogsaverroes.juntadeandalucia.es\/iesfuentebuena\/files\/2019\/09\/20190926_190440-35x48.jpg 35w, https:\/\/blogsaverroes.juntadeandalucia.es\/iesfuentebuena\/files\/2019\/09\/20190926_190440.jpg 1161w\" sizes=\"(max-width: 333px) 100vw, 333px\" \/><\/a><\/p>\n<p>El presente curso queremos reforzar las mismas, as\u00ed como lograr un mayor grado de concienciaci\u00f3n en nuestra Comunidad Educativa, en particular, y en nuestra localidad, en general. Para ello estamos organizando y desarrollando diversas actividades e intervenciones pedag\u00f3gicas.<\/p>\n<p>Novedades y actividades realizadas en el Centro:&nbsp;<a href=\"https:\/\/blogsaverroes.juntadeandalucia.es\/iesfuentebuena\/category\/planes-y-programas\/stars\/\">Pincha aqu\u00ed<\/a><\/p>\n<p>Web oficial del Programa Stars:&nbsp;<a href=\"http:\/\/www.starsespa\u00f1a.com\/\">Pincha aqu\u00ed<\/a><\/p>\n","protected":false},"excerpt":{"rendered":"<p>El IES Fuentebuena, en colaboraci\u00f3n con el Ayuntamiento de Arroyo del Ojanco, la Diputaci\u00f3n de Ja\u00e9n y la Direcci\u00f3n General de Tr\u00e1fico, se ha comprometido&hellip;<\/p>\n","protected":false},"author":4472,"featured_media":0,"parent":0,"menu_order":0,"comment_status":"closed","ping_status":"closed","template":"page-c.php","meta":{"ngg_post_thumbnail":0,"footnotes":""},"aioseo_notices":[],"_links":{"self":[{"href":"https:\/\/blogsaverroes.juntadeandalucia.es\/iesfuentebuena\/wp-json\/wp\/v2\/pages\/3513"}],"collection":[{"href":"https:\/\/blogsaverroes.juntadeandalucia.es\/iesfuentebuena\/wp-json\/wp\/v2\/pages"}],"about":[{"href":"https:\/\/blogsaverroes.juntadeandalucia.es\/iesfuentebuena\/wp-json\/wp\/v2\/types\/page"}],"author":[{"embeddable":true,"href":"https:\/\/blogsaverroes.juntadeandalucia.es\/iesfuentebuena\/wp-json\/wp\/v2\/users\/4472"}],"replies":[{"embeddable":true,"href":"https:\/\/blogsaverroes.juntadeandalucia.es\/iesfuentebuena\/wp-json\/wp\/v2\/comments?post=3513"}],"version-history":[{"count":12,"href":"https:\/\/blogsaverroes.juntadeandalucia.es\/iesfuentebuena\/wp-json\/wp\/v2\/pages\/3513\/revisions"}],"predecessor-version":[{"id":4429,"href":"https:\/\/blogsaverroes.juntadeandalucia.es\/iesfuentebuena\/wp-json\/wp\/v2\/pages\/3513\/revisions\/4429"}],"wp:attachment":[{"href":"https:\/\/blogsaverroes.juntadeandalucia.es\/iesfuentebuena\/wp-json\/wp\/v2\/media?parent=3513"}],"curies":[{"name":"wp","href":"https:\/\/api.w.org\/{rel}","templated":true}]}}