{"id":4734,"date":"2020-07-10T20:50:12","date_gmt":"2020-07-10T18:50:12","guid":{"rendered":"http:\/\/blogsaverroes.juntadeandalucia.es\/iesfuentebuena\/?page_id=4734"},"modified":"2025-12-08T15:54:06","modified_gmt":"2025-12-08T13:54:06","slug":"departamento-de-idiomas","status":"publish","type":"page","link":"https:\/\/blogsaverroes.juntadeandalucia.es\/iesfuentebuena\/departamento-de-idiomas\/","title":{"rendered":"Departamento de Idiomas"},"content":{"rendered":"<h3 style=\"text-align: center\"><a href=\"https:\/\/blogsaverroes.juntadeandalucia.es\/iesfuentebuena\/files\/2017\/02\/log_ing.png\"><img loading=\"lazy\" decoding=\"async\" class=\"wp-image-2831 size-full alignnone\" src=\"https:\/\/blogsaverroes.juntadeandalucia.es\/iesfuentebuena\/files\/2017\/02\/log_ing.png\" alt=\"\" width=\"150\" height=\"150\" srcset=\"https:\/\/blogsaverroes.juntadeandalucia.es\/iesfuentebuena\/files\/2017\/02\/log_ing.png 150w, https:\/\/blogsaverroes.juntadeandalucia.es\/iesfuentebuena\/files\/2017\/02\/log_ing-100x100.png 100w, https:\/\/blogsaverroes.juntadeandalucia.es\/iesfuentebuena\/files\/2017\/02\/log_ing-24x24.png 24w, https:\/\/blogsaverroes.juntadeandalucia.es\/iesfuentebuena\/files\/2017\/02\/log_ing-36x36.png 36w, https:\/\/blogsaverroes.juntadeandalucia.es\/iesfuentebuena\/files\/2017\/02\/log_ing-48x48.png 48w, https:\/\/blogsaverroes.juntadeandalucia.es\/iesfuentebuena\/files\/2017\/02\/log_ing-50x50.png 50w\" sizes=\"(max-width: 150px) 100vw, 150px\" \/><\/a><img loading=\"lazy\" decoding=\"async\" class=\"wp-image-2830 size-full alignnone\" style=\"font-family: Arimo, sans-serif;font-size: 15px\" src=\"https:\/\/blogsaverroes.juntadeandalucia.es\/iesfuentebuena\/files\/2017\/02\/log_fra.png\" alt=\"\" width=\"150\" height=\"150\" srcset=\"https:\/\/blogsaverroes.juntadeandalucia.es\/iesfuentebuena\/files\/2017\/02\/log_fra.png 150w, https:\/\/blogsaverroes.juntadeandalucia.es\/iesfuentebuena\/files\/2017\/02\/log_fra-100x100.png 100w, https:\/\/blogsaverroes.juntadeandalucia.es\/iesfuentebuena\/files\/2017\/02\/log_fra-24x24.png 24w, https:\/\/blogsaverroes.juntadeandalucia.es\/iesfuentebuena\/files\/2017\/02\/log_fra-36x36.png 36w, https:\/\/blogsaverroes.juntadeandalucia.es\/iesfuentebuena\/files\/2017\/02\/log_fra-48x48.png 48w, https:\/\/blogsaverroes.juntadeandalucia.es\/iesfuentebuena\/files\/2017\/02\/log_fra-50x50.png 50w\" sizes=\"(max-width: 150px) 100vw, 150px\" \/><\/h3>\n<h3>&nbsp;<\/h3>\n<table style=\"width: 95.6638%;height: 96px\">\n<tbody>\n<tr style=\"height: 24px\">\n<td class=\"widget-title\" style=\"width: 28.4061%;height: 24px\">Profesor\/a<\/td>\n<td class=\"widget-title\" style=\"width: 46.6017%;height: 24px\">Asignatura<\/td>\n<td class=\"widget-title\" style=\"width: 267.881%;height: 24px\">Curso<\/td>\n<\/tr>\n<tr style=\"height: 24px\">\n<td style=\"width: 28.4061%;height: 24px\">Pilar M. C.<\/td>\n<td style=\"width: 46.6017%;height: 24px\">Ingl\u00e9s<br \/>\nFranc\u00e9s<br \/>\nAtenci\u00f3n Educativa<\/td>\n<td style=\"width: 267.881%;height: 24px\">1\u00ba ESO&nbsp; \/\/&nbsp; 3\u00ba ESO<br \/>\n1\u00ba ESO<br \/>\n3\u00ba ESO<\/td>\n<\/tr>\n<tr style=\"height: 24px\">\n<td style=\"width: 28.4061%;height: 24px\">Alicia M. A.<br \/>\n<em>(jefa de departamento)<\/em><\/td>\n<td style=\"width: 46.6017%;height: 24px\">Ingl\u00e9s<br \/>\nAtenci\u00f3n Educativa<br \/>\nOratoria y Debate<br \/>\nEducaci\u00f3n en Valores C\u00edvicos y \u00c9ticos<\/td>\n<td style=\"width: 267.881%;height: 24px\">2\u00ba ESO&nbsp; \/\/&nbsp; 4\u00ba ESO<br \/>\n4\u00ba ESO<br \/>\n2\u00ba ESO<br \/>\n2\u00ba ESO<\/td>\n<\/tr>\n<\/tbody>\n<\/table>\n<p>&nbsp;<\/p>\n<div class=\"pt-cv-wrapper\"><div class=\"pt-cv-view pt-cv-grid pt-cv-colsys\" id=\"pt-cv-view-3a15a1altn\"><div data-id=\"pt-cv-page-1\" class=\"pt-cv-page\" data-cvc=\"3\"><div class=\"col-md-4 col-sm-4 col-xs-12 pt-cv-content-item pt-cv-1-col\" ><div class='pt-cv-ifield'><a href=\"https:\/\/blogsaverroes.juntadeandalucia.es\/iesfuentebuena\/2026\/01\/29\/qui-est-ce\/\" class=\"_self pt-cv-href-thumbnail pt-cv-thumb-default\" target=\"_self\" ><img loading=\"lazy\" decoding=\"async\" width=\"225\" height=\"300\" src=\"https:\/\/blogsaverroes.juntadeandalucia.es\/iesfuentebuena\/files\/2026\/01\/2026-quienEsQuienFrances-03-225x300.jpeg\" class=\"pt-cv-thumbnail\" alt=\"\" srcset=\"https:\/\/blogsaverroes.juntadeandalucia.es\/iesfuentebuena\/files\/2026\/01\/2026-quienEsQuienFrances-03-225x300.jpeg 225w, https:\/\/blogsaverroes.juntadeandalucia.es\/iesfuentebuena\/files\/2026\/01\/2026-quienEsQuienFrances-03-768x1024.jpeg 768w, https:\/\/blogsaverroes.juntadeandalucia.es\/iesfuentebuena\/files\/2026\/01\/2026-quienEsQuienFrances-03-1152x1536.jpeg 1152w, https:\/\/blogsaverroes.juntadeandalucia.es\/iesfuentebuena\/files\/2026\/01\/2026-quienEsQuienFrances-03.jpeg 1200w\" sizes=\"(max-width: 225px) 100vw, 225px\" \/><\/a>\n<h4 class=\"pt-cv-title\"><a href=\"https:\/\/blogsaverroes.juntadeandalucia.es\/iesfuentebuena\/2026\/01\/29\/qui-est-ce\/\" class=\"_self\" target=\"_self\" >Qui est-ce?<\/a><\/h4>\n<div class=\"pt-cv-content\">Esta ma\u00f1ana, nuestro\/as chicos\/as de franc\u00e9s de 1\u00ba de ESO han estado practicando su expresi\u00f3n jugando al famoso juego: \u00bfQui\u00e9n es Qui\u00e9n? ...<br \/><div class=\"pt-cv-rmwrap\"><a href=\"https:\/\/blogsaverroes.juntadeandalucia.es\/iesfuentebuena\/2026\/01\/29\/qui-est-ce\/\" class=\"_self pt-cv-readmore btn btn-success\" target=\"_self\">Leer m\u00e1s<\/a><\/div><\/div><\/div><\/div>\n<div class=\"col-md-4 col-sm-4 col-xs-12 pt-cv-content-item pt-cv-1-col\" ><div class='pt-cv-ifield'><a href=\"https:\/\/blogsaverroes.juntadeandalucia.es\/iesfuentebuena\/2025\/10\/31\/halloween-stories-4o-eso\/\" class=\"_self pt-cv-href-thumbnail pt-cv-thumb-default\" target=\"_self\" ><img loading=\"lazy\" decoding=\"async\" width=\"300\" height=\"229\" src=\"https:\/\/blogsaverroes.juntadeandalucia.es\/iesfuentebuena\/files\/2025\/11\/2025-Halloween-stories-300x229.jpg\" class=\"pt-cv-thumbnail\" alt=\"\" srcset=\"https:\/\/blogsaverroes.juntadeandalucia.es\/iesfuentebuena\/files\/2025\/11\/2025-Halloween-stories-300x229.jpg 300w, https:\/\/blogsaverroes.juntadeandalucia.es\/iesfuentebuena\/files\/2025\/11\/2025-Halloween-stories-1024x780.jpg 1024w, https:\/\/blogsaverroes.juntadeandalucia.es\/iesfuentebuena\/files\/2025\/11\/2025-Halloween-stories-768x585.jpg 768w, https:\/\/blogsaverroes.juntadeandalucia.es\/iesfuentebuena\/files\/2025\/11\/2025-Halloween-stories.jpg 1134w\" sizes=\"(max-width: 300px) 100vw, 300px\" \/><\/a>\n<h4 class=\"pt-cv-title\"><a href=\"https:\/\/blogsaverroes.juntadeandalucia.es\/iesfuentebuena\/2025\/10\/31\/halloween-stories-4o-eso\/\" class=\"_self\" target=\"_self\" >Halloween stories &#8211; 4\u00ba ESO<\/a><\/h4>\n<div class=\"pt-cv-content\">Escalofriantes los cortos de terror que ha elaborado nuestro alumnado de 4\u00ba de ESO. Congratulations on all your hard work! The challenge of the farmhouse The haunted forest The horror behind the camera The whispering room ...<br \/><div class=\"pt-cv-rmwrap\"><a href=\"https:\/\/blogsaverroes.juntadeandalucia.es\/iesfuentebuena\/2025\/10\/31\/halloween-stories-4o-eso\/\" class=\"_self pt-cv-readmore btn btn-success\" target=\"_self\">Leer m\u00e1s<\/a><\/div><\/div><\/div><\/div>\n<div class=\"col-md-4 col-sm-4 col-xs-12 pt-cv-content-item pt-cv-1-col\" ><div class='pt-cv-ifield'><a href=\"https:\/\/blogsaverroes.juntadeandalucia.es\/iesfuentebuena\/2025\/10\/31\/happy-halloween-2\/\" class=\"_self pt-cv-href-thumbnail pt-cv-thumb-default\" target=\"_self\" ><img loading=\"lazy\" decoding=\"async\" width=\"300\" height=\"216\" src=\"https:\/\/blogsaverroes.juntadeandalucia.es\/iesfuentebuena\/files\/2025\/11\/2025-Halloween-300x216.jpg\" class=\"pt-cv-thumbnail\" alt=\"\" srcset=\"https:\/\/blogsaverroes.juntadeandalucia.es\/iesfuentebuena\/files\/2025\/11\/2025-Halloween-300x216.jpg 300w, https:\/\/blogsaverroes.juntadeandalucia.es\/iesfuentebuena\/files\/2025\/11\/2025-Halloween-1024x737.jpg 1024w, https:\/\/blogsaverroes.juntadeandalucia.es\/iesfuentebuena\/files\/2025\/11\/2025-Halloween-768x553.jpg 768w, https:\/\/blogsaverroes.juntadeandalucia.es\/iesfuentebuena\/files\/2025\/11\/2025-Halloween-1536x1105.jpg 1536w, https:\/\/blogsaverroes.juntadeandalucia.es\/iesfuentebuena\/files\/2025\/11\/2025-Halloween-2048x1474.jpg 2048w, https:\/\/blogsaverroes.juntadeandalucia.es\/iesfuentebuena\/files\/2025\/11\/2025-Halloween.jpg 1600w\" sizes=\"(max-width: 300px) 100vw, 300px\" \/><\/a>\n<h4 class=\"pt-cv-title\"><a href=\"https:\/\/blogsaverroes.juntadeandalucia.es\/iesfuentebuena\/2025\/10\/31\/happy-halloween-2\/\" class=\"_self\" target=\"_self\" >Happy Halloween!!<\/a><\/h4>\n<div class=\"pt-cv-content\">\u00a1Compartimos las terror\u00edficas fotos (y v\u00eddeo) del Halloween de este a\u00f1o! ...<br \/><div class=\"pt-cv-rmwrap\"><a href=\"https:\/\/blogsaverroes.juntadeandalucia.es\/iesfuentebuena\/2025\/10\/31\/happy-halloween-2\/\" class=\"_self pt-cv-readmore btn btn-success\" target=\"_self\">Leer m\u00e1s<\/a><\/div><\/div><\/div><\/div><\/div><\/div>\n<div class=\" pt-cv-pagination-wrapper\"><ul class=\"pt-cv-pagination pt-cv-ajax pagination\" data-totalpages=\"17\" data-currentpage=\"1\" data-sid=\"3a15a1altn\" data-unid=\"\" data-isblock=\"\" data-postid=\"\"><li class=\"active\"><a href=\"#\">1<\/a><\/li>\n\t<li ><a class=\"\" href=\"https:\/\/blogsaverroes.juntadeandalucia.es\/iesfuentebuena\/wp-json\/wp\/v2\/pages\/4734\/?_page=2\">2<\/a><\/li>\n\t<li ><a class=\"\" href=\"https:\/\/blogsaverroes.juntadeandalucia.es\/iesfuentebuena\/wp-json\/wp\/v2\/pages\/4734\/?_page=3\">3<\/a><\/li>\n\t<li ><a href=\"#\">&hellip;<\/a><\/li>\n\t<li ><a class=\"\" href=\"https:\/\/blogsaverroes.juntadeandalucia.es\/iesfuentebuena\/wp-json\/wp\/v2\/pages\/4734\/?_page=17\">17<\/a><\/li>\n\t<li ><a class=\" \" href=\"https:\/\/blogsaverroes.juntadeandalucia.es\/iesfuentebuena\/wp-json\/wp\/v2\/pages\/4734\/?_page=2\">&rsaquo;<\/a><\/li>\n\t<\/ul><img loading=\"lazy\" decoding=\"async\" width=\"15\" height=\"15\" class=\"pt-cv-spinner\" alt=\"Cargando...\" src=\"data:image\/gif;base64,R0lGODlhDwAPALMPAMrKygwMDJOTkz09PZWVla+vr3p6euTk5M7OzuXl5TMzMwAAAJmZmWZmZszMzP\/\/\/yH\/C05FVFNDQVBFMi4wAwEAAAAh+QQFCgAPACwAAAAADwAPAAAEQvDJaZaZOIcV8iQK8VRX4iTYoAwZ4iCYoAjZ4RxejhVNoT+mRGP4cyF4Pp0N98sBGIBMEMOotl6YZ3S61Bmbkm4mAgAh+QQFCgAPACwAAAAADQANAAAENPDJSRSZeA418itN8QiK8BiLITVsFiyBBIoYqnoewAD4xPw9iY4XLGYSjkQR4UAUD45DLwIAIfkEBQoADwAsAAAAAA8ACQAABC\/wyVlamTi3nSdgwFNdhEJgTJoNyoB9ISYoQmdjiZPcj7EYCAeCF1gEDo4Dz2eIAAAh+QQFCgAPACwCAAAADQANAAAEM\/DJBxiYeLKdX3IJZT1FU0iIg2RNKx3OkZVnZ98ToRD4MyiDnkAh6BkNC0MvsAj0kMpHBAAh+QQFCgAPACwGAAAACQAPAAAEMDC59KpFDll73HkAA2wVY5KgiK5b0RRoI6MuzG6EQqCDMlSGheEhUAgqgUUAFRySIgAh+QQFCgAPACwCAAIADQANAAAEM\/DJKZNLND\/kkKaHc3xk+QAMYDKsiaqmZCxGVjSFFCxB1vwy2oOgIDxuucxAMTAJFAJNBAAh+QQFCgAPACwAAAYADwAJAAAEMNAs86q1yaWwwv2Ig0jUZx3OYa4XoRAfwADXoAwfo1+CIjyFRuEho60aSNYlOPxEAAAh+QQFCgAPACwAAAIADQANAAAENPA9s4y8+IUVcqaWJ4qEQozSoAzoIyhCK2NFU2SJk0hNnyEOhKR2AzAAj4Pj4GE4W0bkJQIAOw==\" \/><div class=\"clear pt-cv-clear-pagination\"><\/div><\/div><\/div>\n<p>&nbsp;<\/p>\n<p>&nbsp;<\/p>\n<table style=\"width: 52.782%\">\n<tbody>\n<tr>\n<td class=\"widget-title\" style=\"width: 100%\">Documento<\/td>\n<\/tr>\n<tr>\n<td style=\"width: 100%\"><a href=\"https:\/\/drive.google.com\/drive\/folders\/1dZ9P5dP_xNFUSS__TfbDP4yTWDDScTsS?usp=drive_link\">Programaciones did\u00e1cticas y criterios de evaluaci\u00f3n<\/a><\/td>\n<\/tr>\n<\/tbody>\n<\/table>\n<p>&nbsp;<\/p>\n<p>&nbsp;<\/p>\n<p><a href=\"https:\/\/blogsaverroes.juntadeandalucia.es\/iesfuentebuena\/files\/2021\/07\/Franc\u00e9s-scaled.jpg\"><img loading=\"lazy\" decoding=\"async\" class=\"aligncenter wp-image-6107\" src=\"https:\/\/blogsaverroes.juntadeandalucia.es\/iesfuentebuena\/files\/2021\/07\/Franc\u00e9s-scaled.jpg\" alt=\"\" width=\"374\" height=\"248\" srcset=\"https:\/\/blogsaverroes.juntadeandalucia.es\/iesfuentebuena\/files\/2021\/07\/Franc\u00e9s-scaled.jpg 1600w, https:\/\/blogsaverroes.juntadeandalucia.es\/iesfuentebuena\/files\/2021\/07\/Franc\u00e9s-300x199.jpg 300w, https:\/\/blogsaverroes.juntadeandalucia.es\/iesfuentebuena\/files\/2021\/07\/Franc\u00e9s-1024x680.jpg 1024w, https:\/\/blogsaverroes.juntadeandalucia.es\/iesfuentebuena\/files\/2021\/07\/Franc\u00e9s-768x510.jpg 768w, https:\/\/blogsaverroes.juntadeandalucia.es\/iesfuentebuena\/files\/2021\/07\/Franc\u00e9s-1536x1020.jpg 1536w, https:\/\/blogsaverroes.juntadeandalucia.es\/iesfuentebuena\/files\/2021\/07\/Franc\u00e9s-2048x1360.jpg 2048w\" sizes=\"(max-width: 374px) 100vw, 374px\" \/><\/a><\/p>\n","protected":false},"excerpt":{"rendered":"<p>&nbsp; Profesor\/a Asignatura Curso Pilar M. C. Ingl\u00e9s Franc\u00e9s Atenci\u00f3n Educativa 1\u00ba ESO&nbsp; \/\/&nbsp; 3\u00ba ESO 1\u00ba ESO 3\u00ba ESO Alicia M. A. (jefa de&hellip;<\/p>\n","protected":false},"author":4472,"featured_media":0,"parent":0,"menu_order":0,"comment_status":"closed","ping_status":"closed","template":"","meta":{"ngg_post_thumbnail":0,"footnotes":""},"aioseo_notices":[],"_links":{"self":[{"href":"https:\/\/blogsaverroes.juntadeandalucia.es\/iesfuentebuena\/wp-json\/wp\/v2\/pages\/4734"}],"collection":[{"href":"https:\/\/blogsaverroes.juntadeandalucia.es\/iesfuentebuena\/wp-json\/wp\/v2\/pages"}],"about":[{"href":"https:\/\/blogsaverroes.juntadeandalucia.es\/iesfuentebuena\/wp-json\/wp\/v2\/types\/page"}],"author":[{"embeddable":true,"href":"https:\/\/blogsaverroes.juntadeandalucia.es\/iesfuentebuena\/wp-json\/wp\/v2\/users\/4472"}],"replies":[{"embeddable":true,"href":"https:\/\/blogsaverroes.juntadeandalucia.es\/iesfuentebuena\/wp-json\/wp\/v2\/comments?post=4734"}],"version-history":[{"count":27,"href":"https:\/\/blogsaverroes.juntadeandalucia.es\/iesfuentebuena\/wp-json\/wp\/v2\/pages\/4734\/revisions"}],"predecessor-version":[{"id":10327,"href":"https:\/\/blogsaverroes.juntadeandalucia.es\/iesfuentebuena\/wp-json\/wp\/v2\/pages\/4734\/revisions\/10327"}],"wp:attachment":[{"href":"https:\/\/blogsaverroes.juntadeandalucia.es\/iesfuentebuena\/wp-json\/wp\/v2\/media?parent=4734"}],"curies":[{"name":"wp","href":"https:\/\/api.w.org\/{rel}","templated":true}]}}