{"id":2475,"date":"2016-11-17T09:16:01","date_gmt":"2016-11-17T09:16:01","guid":{"rendered":"http:\/\/blogsaverroes.juntadeandalucia.es\/iesfuentejuncal\/?page_id=2475"},"modified":"2017-06-25T21:59:06","modified_gmt":"2017-06-25T21:59:06","slug":"programa-emocion-arte","status":"publish","type":"page","link":"https:\/\/blogsaverroes.juntadeandalucia.es\/iesfuentejuncal\/programa-emocion-arte\/","title":{"rendered":"Programa: Emoci\u00f3n-Arte"},"content":{"rendered":"<p>Este es uno de los Programas que se desarrollan en nuestro Centro, sobre el conocimiento y gesti\u00f3n de las emociones.<\/p>\n<p><a href=\"http:\/\/emocionarteenfuentejuncal.blogspot.com.es\/\" target=\"_blank\">Aqu\u00ed<\/a> pod\u00e9is entrar en su blog:<\/p>\n<p><a href=\"http:\/\/emocionarteenfuentejuncal.blogspot.com.es\/\" target=\"_blank\">http:\/\/emocionarteenfuentejuncal.blogspot.com.es\/<\/a><\/p>\n","protected":false},"excerpt":{"rendered":"<p>Este es uno de los Programas que se desarrollan en nuestro Centro, sobre el conocimiento y gesti\u00f3n de las emociones. Aqu\u00ed pod\u00e9is entrar en su blog: http:\/\/emocionarteenfuentejuncal.blogspot.com.es\/<\/p>\n","protected":false},"author":2886,"featured_media":0,"parent":0,"menu_order":0,"comment_status":"open","ping_status":"open","template":"","meta":{"ngg_post_thumbnail":0,"footnotes":"","_mc_calendar":[]},"aioseo_notices":[],"_links":{"self":[{"href":"https:\/\/blogsaverroes.juntadeandalucia.es\/iesfuentejuncal\/wp-json\/wp\/v2\/pages\/2475"}],"collection":[{"href":"https:\/\/blogsaverroes.juntadeandalucia.es\/iesfuentejuncal\/wp-json\/wp\/v2\/pages"}],"about":[{"href":"https:\/\/blogsaverroes.juntadeandalucia.es\/iesfuentejuncal\/wp-json\/wp\/v2\/types\/page"}],"author":[{"embeddable":true,"href":"https:\/\/blogsaverroes.juntadeandalucia.es\/iesfuentejuncal\/wp-json\/wp\/v2\/users\/2886"}],"replies":[{"embeddable":true,"href":"https:\/\/blogsaverroes.juntadeandalucia.es\/iesfuentejuncal\/wp-json\/wp\/v2\/comments?post=2475"}],"version-history":[{"count":5,"href":"https:\/\/blogsaverroes.juntadeandalucia.es\/iesfuentejuncal\/wp-json\/wp\/v2\/pages\/2475\/revisions"}],"predecessor-version":[{"id":2567,"href":"https:\/\/blogsaverroes.juntadeandalucia.es\/iesfuentejuncal\/wp-json\/wp\/v2\/pages\/2475\/revisions\/2567"}],"wp:attachment":[{"href":"https:\/\/blogsaverroes.juntadeandalucia.es\/iesfuentejuncal\/wp-json\/wp\/v2\/media?parent=2475"}],"curies":[{"name":"wp","href":"https:\/\/api.w.org\/{rel}","templated":true}]}}