{"id":3027,"date":"2020-11-16T09:54:23","date_gmt":"2020-11-16T09:54:23","guid":{"rendered":"http:\/\/blogsaverroes.juntadeandalucia.es\/iesfuentejuncal\/?page_id=3027"},"modified":"2020-11-16T09:54:23","modified_gmt":"2020-11-16T09:54:23","slug":"solucitud-de-titulos","status":"publish","type":"page","link":"https:\/\/blogsaverroes.juntadeandalucia.es\/iesfuentejuncal\/solucitud-de-titulos\/","title":{"rendered":"SOLUCITUD DE T\u00cdTULOS"},"content":{"rendered":"<p><strong>SOLICITUD de T\u00cdTULOS<\/strong><\/p>\n<p>Quienes hayan finalizado la etapa de Bachiller o Ciclo Formativo podr\u00e1n solicitar el T\u00edtulo de forma telem\u00e1tica en la secci\u00f3n \u00abSolicitudes\u00bb, en:<\/p>\n<div><a id=\"LPlnk276807\" href=\"https:\/\/www.juntadeandalucia.es\/educacion\/secretariavirtual\/\">https:\/\/www.juntadeandalucia.es\/educacion\/secretariavirtual\/<\/a><\/div>\n<p>&nbsp;<\/p>\n<p>Adjunto un documento que os puede ayudar a rellenarlo:<\/p>\n<p><a href=\"https:\/\/blogsaverroes.juntadeandalucia.es\/iesfuentejuncal\/files\/2020\/06\/Tutorial-solicitud-expedici\u00f3n-t\u00edtulos.pdf\">Tutorial solicitud expedici\u00f3n t\u00edtulos<\/a><\/p>\n<p>&nbsp;<\/p>\n<p>El pago telem\u00e1tico supone una bonificaci\u00f3n de 5&#8217;50\u20ac respecto al pago presencial.<\/p>\n<p>Si el alumnado tiene dificultades para el pago telem\u00e1tico porque no tenga instalado un certificado digital, deber\u00e9is rellenar el apartado RESPONSABLE SOLIDARIO, para que acepte el certificado del tutor legal (padre o madre).<\/p>\n<p>La solicitud de expedici\u00f3n del T\u00edtulo pudiera ser necesario presentarlo, o el justificante de pago, en alguna Universidad o Ciclo de Grado Superior.<\/p>\n","protected":false},"excerpt":{"rendered":"<p>SOLICITUD de T\u00cdTULOS Quienes hayan finalizado la etapa de Bachiller o Ciclo Formativo podr\u00e1n solicitar el T\u00edtulo de forma telem\u00e1tica en la secci\u00f3n \u00abSolicitudes\u00bb, en: https:\/\/www.juntadeandalucia.es\/educacion\/secretariavirtual\/ &nbsp; Adjunto un documento que os puede ayudar&#46;&#46;&#46;<\/p>\n","protected":false},"author":2886,"featured_media":0,"parent":0,"menu_order":0,"comment_status":"closed","ping_status":"closed","template":"","meta":{"ngg_post_thumbnail":0,"footnotes":"","_mc_calendar":[]},"aioseo_notices":[],"_links":{"self":[{"href":"https:\/\/blogsaverroes.juntadeandalucia.es\/iesfuentejuncal\/wp-json\/wp\/v2\/pages\/3027"}],"collection":[{"href":"https:\/\/blogsaverroes.juntadeandalucia.es\/iesfuentejuncal\/wp-json\/wp\/v2\/pages"}],"about":[{"href":"https:\/\/blogsaverroes.juntadeandalucia.es\/iesfuentejuncal\/wp-json\/wp\/v2\/types\/page"}],"author":[{"embeddable":true,"href":"https:\/\/blogsaverroes.juntadeandalucia.es\/iesfuentejuncal\/wp-json\/wp\/v2\/users\/2886"}],"replies":[{"embeddable":true,"href":"https:\/\/blogsaverroes.juntadeandalucia.es\/iesfuentejuncal\/wp-json\/wp\/v2\/comments?post=3027"}],"version-history":[{"count":1,"href":"https:\/\/blogsaverroes.juntadeandalucia.es\/iesfuentejuncal\/wp-json\/wp\/v2\/pages\/3027\/revisions"}],"predecessor-version":[{"id":3028,"href":"https:\/\/blogsaverroes.juntadeandalucia.es\/iesfuentejuncal\/wp-json\/wp\/v2\/pages\/3027\/revisions\/3028"}],"wp:attachment":[{"href":"https:\/\/blogsaverroes.juntadeandalucia.es\/iesfuentejuncal\/wp-json\/wp\/v2\/media?parent=3027"}],"curies":[{"name":"wp","href":"https:\/\/api.w.org\/{rel}","templated":true}]}}