{"id":3033,"date":"2020-11-16T10:39:39","date_gmt":"2020-11-16T10:39:39","guid":{"rendered":"http:\/\/blogsaverroes.juntadeandalucia.es\/iesfuentejuncal\/?page_id=3033"},"modified":"2020-11-16T10:41:03","modified_gmt":"2020-11-16T10:41:03","slug":"curso-19-20","status":"publish","type":"page","link":"https:\/\/blogsaverroes.juntadeandalucia.es\/iesfuentejuncal\/curso-19-20\/","title":{"rendered":"Biblioteca Curso 19-20"},"content":{"rendered":"<p>Esta p\u00e1gina es una ventana abierta a las actividades que se celebran en la biblioteca.<\/p>\nngg_shortcode_0_placeholder\n<p><strong>V\u00cdDEOS BIBLIOFORO<\/strong><\/p>\n<p><strong>Nuestros compa\u00f1eros ya han comenzado a enviarnos sus trabajos. Estamos deseando recibir muchos m\u00e1s. Animaos a formar parte de esta experiencia inolvidable. COMPARTE TU TALENTO.<\/strong><\/p>\n<p>&nbsp;<\/p>\n<h3 class=\"post-title entry-title\">PRESENTACI\u00d3N BIBLIOFORO VIRTUAL 2020<\/h3>\n<div class=\"post-header\">\n<div class=\"post-header-line-1\">&nbsp;<\/div>\n<\/div>\n<div id=\"post-body-5394278141451049522\" class=\"post-body entry-content\">\n<div>Se\u00f1oras y Se\u00f1ores<\/div>\n<div>con todos ustedes nuestra Maestra de Ceremonias<\/div>\n<div>\n<p>PILAR OCHOA<\/p>\n<p>[youtube https:\/\/www.youtube.com\/watch?v=xJ6BDZepPKE]<\/p>\n<\/div>\n<div>&nbsp;<\/div>\n<\/div>\n<p>&nbsp;<\/p>\n<div>\n<div>&nbsp;<\/div>\n<\/div>\n<p>&nbsp;<\/p>\n<p><iframe loading=\"lazy\" title=\"BIBLIOFORO S\u00cd\" width=\"500\" height=\"281\" src=\"https:\/\/www.youtube.com\/embed\/Tg7J1Qb7Kfc?feature=oembed&#038;wmode=opaque\" frameborder=\"0\" allow=\"accelerometer; autoplay; clipboard-write; encrypted-media; gyroscope; picture-in-picture; web-share\" referrerpolicy=\"strict-origin-when-cross-origin\" allowfullscreen><\/iframe><\/p>\n<div><em><strong>Otra idea.<\/strong><\/em><\/div>\n<div><em><strong>Lo hemos hecho entre Marta y yo.<\/strong><\/em><\/div>\n<div><em><strong>Esparemas que os guste y os anime<\/strong><\/em><\/div>\n<div>&nbsp;<\/div>\n<p><iframe loading=\"lazy\" title=\"EL QUIJOTE EN EL BIBLIOFORO\" width=\"500\" height=\"281\" src=\"https:\/\/www.youtube.com\/embed\/ngMAe3YmRdo?feature=oembed&#038;wmode=opaque\" frameborder=\"0\" allow=\"accelerometer; autoplay; clipboard-write; encrypted-media; gyroscope; picture-in-picture; web-share\" referrerpolicy=\"strict-origin-when-cross-origin\" allowfullscreen><\/iframe><\/p>\n<p><a href=\"https:\/\/drive.google.com\/file\/d\/1GuA179MYoVvrr_9gqST9BZ_smFA1OvmM\/view\" target=\"_blank\" rel=\"noopener noreferrer\"><em><strong>Seguro que este gran trabajo de Xenia os anima a leer y os da ideas para vuestro trabajo en el Biblioforo<\/strong><\/em><\/a><\/p>\n<p><a href=\"https:\/\/drive.google.com\/file\/d\/1GuA179MYoVvrr_9gqST9BZ_smFA1OvmM\/view\" target=\"_blank\" rel=\"noopener noreferrer\"><img loading=\"lazy\" decoding=\"async\" class=\"aligncenter\" src=\"https:\/\/1.bp.blogspot.com\/-PoAfjJUrB8M\/Xqifs8X16GI\/AAAAAAAAAVs\/6__XDi0psj8AMYQtVA9ErqNhQLbgzys6wCLcBGAsYHQ\/s320\/Captura%2Bde%2Bpantalla%2Bde%2B2020-04-28%2B23-26-52.png\" alt=\"https:\/\/drive.google.com\/file\/d\/1GuA179MYoVvrr_9gqST9BZ_smFA1OvmM\/view?usp=sharing\" data-original-height=\"505\" data-original-width=\"882\" width=\"320\" height=\"183\" border=\"0\"><\/a><\/p>\n<p><em><a href=\"https:\/\/drive.google.com\/file\/d\/1lSlmidj8NZ7MrZ-fBBMV9q6Na5qrNQGX\/view\" target=\"_blank\" rel=\"noopener noreferrer\"><b>Un original doblaje de nuestra compa\u00f1era Pilar Ochoa y su estupenda familia<\/b><\/a><\/em><\/p>\n<p><a href=\"https:\/\/drive.google.com\/file\/d\/1lSlmidj8NZ7MrZ-fBBMV9q6Na5qrNQGX\/view\" target=\"_blank\" rel=\"noopener noreferrer\"><img loading=\"lazy\" decoding=\"async\" class=\"aligncenter\" src=\"https:\/\/1.bp.blogspot.com\/-_3Zo3RWzW2w\/XqicUXJ0apI\/AAAAAAAAAVg\/V2Ic73ZP2Dsanau-CdTuNDgoMsHJIFoKgCLcBGAsYHQ\/s400\/Captura%2Bde%2Bpantalla%2Bde%2B2020-04-28%2B23-12-23.png\" alt=\"https:\/\/drive.google.com\/file\/d\/1lSlmidj8NZ7MrZ-fBBMV9q6Na5qrNQGX\/view?usp=sharing\" data-original-height=\"574\" data-original-width=\"910\" width=\"400\" height=\"250\" border=\"0\"><\/a><\/p>\n<div><strong><em>Otro trabajito de un compa\u00f1ero vuestro:<\/em><\/strong><\/div>\n<div><strong><em>Alejandro Rodr\u00edguez de 2\u00ba F.&nbsp;<\/em><\/strong><\/div>\n<div><strong><em>Est\u00e1 fenomenal.<\/em>&nbsp;<\/strong><\/div>\n<p><iframe loading=\"lazy\" title=\"QUEEN CORONA VIRUS\" width=\"500\" height=\"281\" src=\"https:\/\/www.youtube.com\/embed\/rHA3ZUwooas?feature=oembed&#038;wmode=opaque\" frameborder=\"0\" allow=\"accelerometer; autoplay; clipboard-write; encrypted-media; gyroscope; picture-in-picture; web-share\" referrerpolicy=\"strict-origin-when-cross-origin\" allowfullscreen><\/iframe><\/p>\n<h3 class=\"post-title entry-title\"><a href=\"https:\/\/drive.google.com\/file\/d\/1Cyot395QzCCNJeK1o-xrGEPwg2pP9cRJ\/view\" target=\"_blank\" rel=\"noopener noreferrer\">DANIEL MART\u00cdN: El profe de Filosof\u00eda que nos ayuda a escribir<\/a><\/h3>\n<p><a href=\"https:\/\/drive.google.com\/file\/d\/1Cyot395QzCCNJeK1o-xrGEPwg2pP9cRJ\/view\" target=\"_blank\" rel=\"noopener noreferrer\"><img decoding=\"async\" src=\"https:\/\/1.bp.blogspot.com\/-LtaMYyznAVg\/Xq2Gli5t0vI\/AAAAAAAAAdI\/w1Gr8H5niEIiu3IdsHOZg9QauWOuandJACLcBGAsYHQ\/s400\/Captura%2Bde%2Bpantalla%2Bde%2B2020-05-02%2B16-41-09.png\"><\/a><\/p>\n<h3 class=\"post-title entry-title\"><a href=\"https:\/\/biblioforo.blogspot.com\/2020\/05\/nuevo-video-de-pilar-and-family.html\">Nuevo v\u00eddeo de Pilar and Family<\/a><\/h3>\n<div class=\"post-header\">\n<div class=\"post-header-line-1\">&nbsp;<\/div>\n<\/div>\n<div id=\"post-body-1916404628553729948\" class=\"post-body entry-content\">\n<div>Pilar y su familia se lo han pasando pipa creando este v\u00eddeo.<\/div>\n<div>Y nosotros tambi\u00e9n nos lo pasamos pipa disfrutando de \u00e9l.<\/div>\n<div>\u00a1Viva la CREATIVIDAD en familia!<\/div>\n<div>\n<p>\u00a1Una forma divertida de combatir al virus!<\/p>\n<\/div>\n<div>\n<div>&nbsp;<\/div>\n<div>[youtube https:\/\/www.youtube.com\/watch?v=A7YrfpvOR7U]<\/div>\n<div>&nbsp;<\/div>\n<div>&nbsp;<\/div>\n<\/div>\n<div>&nbsp;<\/div>\n<div>&nbsp;<\/div>\n<\/div>\n<h3 class=\"post-title entry-title\">FERNANDO BALB\u00c1S: Nuestro Frankenstein<\/h3>\n<div id=\"post-body-1544455722179602160\" class=\"post-body entry-content\">\n<div>\u00bfOs acord\u00e1is del curso pasado en difuntos?<\/div>\n<div>\u00bfOs acord\u00e1is de la criatura del doctor Frankenstein?<\/div>\n<div>El actor Fernando Balb\u00e1s, os anima a participar en el Biblioforo con este v\u00eddeo que \u00e9l mismo titula:<\/div>\n<div>&nbsp;<\/div>\n<div><a href=\"https:\/\/drive.google.com\/file\/d\/1-HPNoAcMNFxvgjx2RQLX9A9vwP8grOls\/view\" target=\"_blank\" rel=\"noopener noreferrer\">LA POSESI\u00d3N DE LA CREATIVIDAD EN LOS MOMENTOS CORONAV\u00cdRICOS<\/a><\/div>\n<div><a href=\"https:\/\/drive.google.com\/file\/d\/1-HPNoAcMNFxvgjx2RQLX9A9vwP8grOls\/view\" target=\"_blank\" rel=\"noopener noreferrer\"><img decoding=\"async\" src=\"https:\/\/1.bp.blogspot.com\/-VF7eT5gGJbU\/XrEyi1otWnI\/AAAAAAAAAYs\/_We0CGEZP60B0FOMue4wpy_q0kCEocn7QCLcBGAsYHQ\/s400\/Captura%2Bde%2Bpantalla%2Bde%2B2020-05-05%2B11-31-37.png\"><\/a><\/div>\n<\/div>\n<div>&nbsp;<\/div>\n<div>\n<h3 class=\"post-title entry-title\">Los Covigigantes<\/h3>\n<div id=\"post-body-3874711569278680980\" class=\"post-body entry-content\">\n<div>Ilustraci\u00f3n para el Biblioforo de nuestra compa\u00f1era Laura S\u00e1nchez&nbsp;Gil, de 1\u00baESO A.<\/div>\n<div>Fant\u00e1stica idea y excelente ejecuci\u00f3n: \u00a1\u00a1\u00a1Enhorabuena, Laura!!!<\/div>\n<div><img decoding=\"async\" src=\"https:\/\/1.bp.blogspot.com\/-EDLAr4g6J3o\/XrKu8JGqD8I\/AAAAAAAAAZs\/4WJqeGCJIYklHX7yPYGm0lI03tPvQ863ACLcBGAsYHQ\/s640\/dibujo%2Bbiblioforo.jpg\"><\/div>\n<\/div>\n<\/div>\n<div>&nbsp;<\/div>\n<div>\n<h3 class=\"post-title entry-title\"><a href=\"https:\/\/biblioforo.blogspot.com\/2020\/05\/el-caballero-bizarro.html\">EL CABALLERO BIZARRO<\/a><\/h3>\n<div id=\"post-body-7684956264852204067\" class=\"post-body entry-content\">\n<div>Poema escrito y recitado por&nbsp;<\/div>\n<div>Antonio M. D\u00edaz Fern\u00e1ndez, de 1\u00ba ESO F,<\/div>\n<div>quien tambi\u00e9n ha realizado la selecci\u00f3n musical y el montaje.&nbsp;<\/div>\n<div>&nbsp;<\/div>\n<div>Antonio ha abierto magistralmente la veda de la POES\u00cdA<\/div>\n<div>&nbsp;<\/div>\n<div>Muchas gracias por tu estupenda contribuci\u00f3n joven rapsoda.<\/div>\n<div>Si te volviese a asaltar la inspiraci\u00f3n,&nbsp;<\/div>\n<div>por favor, no nos prives del deleite de tus versos<\/div>\n<div><a href=\"https:\/\/drive.google.com\/file\/d\/1zqxU9fn4D-IsVlmDq2xmI-fJBobw66sx\/view?usp=sharing\" target=\"_blank\" rel=\"noopener noreferrer\"><img decoding=\"async\" src=\"https:\/\/1.bp.blogspot.com\/-NPn63rU8Bhw\/Xrp4PczYwBI\/AAAAAAAAAe8\/39r8f_JQwZQRC9VSk7O52yI4RU99uGYtQCLcBGAsYHQ\/s400\/Captura%2Bde%2Bpantalla%2Bde%2B2020-05-12%2B12-19-26.png\"><\/a><\/div>\n<\/div>\n<\/div>\n<div>&nbsp;<\/div>\n<div>\n<h3 class=\"post-title entry-title\"><a href=\"https:\/\/biblioforo.blogspot.com\/2020\/05\/ilustracion-de-don-quijote-y-alicia.html\">Ilustraci\u00f3n de Don Quijote y Alicia<\/a><\/h3>\n<div class=\"post-header\">\n<div class=\"post-header-line-1\">&nbsp;<\/div>\n<\/div>\n<div id=\"post-body-7867629483901466446\" class=\"post-body entry-content\">\n<div>Por primera vez en este Biblioforo<\/div>\n<div>una prueba fehaciente de que Don Quijote y Alicia compartieron aventuras en la Mancha<\/div>\n<h3 class=\"LC20lb DKV0Md\">&nbsp;Autora: Nerea V\u00e9lez Arcos de 1\u00ba F<\/h3>\n<p><img decoding=\"async\" src=\"https:\/\/1.bp.blogspot.com\/-xjfFe3oRdA0\/Xrp9fJGdIkI\/AAAAAAAAAfI\/pwVyYbKfAd0-E3SDlI25-PmsedrPsQY0gCLcBGAsYHQ\/s640\/Captura%2Bde%2Bpantalla%2Bde%2B2020-05-12%2B12-41-43.png\"><\/p>\n<p>&nbsp;<\/p>\n<\/div>\n<\/div>\n<h3 class=\"post-title entry-title\"><a href=\"https:\/\/biblioforo.blogspot.com\/2020\/05\/mi-arbol-tenia.html\">Mi \u00c1rbol Ten\u00eda<\/a><\/h3>\n<div id=\"post-body-437235739967131500\" class=\"post-body entry-content\">\n<div>Poema mi \u00e1rbol ten\u00eda de Antonio Garcia Teijeiro<\/div>\n<div>recitado y montaje de&nbsp;<\/div>\n<div>Alberto Castillo Guill\u00e9n de 1\u00ba D<\/div>\n<div>La poes\u00eda se hace fuerte en este Biblioforo<\/div>\n<div><a href=\"https:\/\/drive.google.com\/file\/d\/1gIj6TkgU5XV5PSTR30pVKUcCZohHRL-J\/view?usp=sharing\" target=\"_blank\" rel=\"noopener noreferrer\"><img decoding=\"async\" src=\"https:\/\/1.bp.blogspot.com\/-6G-70ckSKS4\/Xrp-5quOOnI\/AAAAAAAAAfU\/RwShuQxg5o0X1oxQgVmZd7I__EVTeXZqACLcBGAsYHQ\/s320\/Captura%2Bde%2Bpantalla%2Bde%2B2020-05-12%2B12-47-52.png\"><\/a><\/div>\n<\/div>\n<div>&nbsp;<\/div>\n<div>&nbsp;<\/div>\n<div>\n<div>Nuestra compa\u00f1era Mara Rivas, de 3\u00ba D nos invita a hacer una bella reflexi\u00f3n sobre este confinamiento, la naturaleza y nosotros mismos<\/div>\n<div>\u00bfQu\u00e9 ha cambiado?<\/div>\n<div><a href=\"https:\/\/drive.google.com\/file\/d\/1q0pXeENlQwozbRJYQfaTe_tJiYsLB5F2\/view?usp=sharing\" target=\"_blank\" rel=\"noopener noreferrer\"><img decoding=\"async\" src=\"https:\/\/1.bp.blogspot.com\/-GvjKe5xWFiE\/XrqAJIxTzhI\/AAAAAAAAAfg\/F2wBvnmofdg5MX0h1wDcmh1JXxWB1YbngCEwYBhgLKs4DAL1Ocqwwt4iTb0ZSdRenY3H_82bZctuO06eydwS45Gy5YoyUo4ZJ56Av8UDRbkns9zwAP5h13zP61f3tx182qkzWmsrVZzmnKIpJuG_RS4HxLobBYTwcZRab6FL_gGAjCDX6iO4dyATRbNsUXYKlbc5pQ7_ZzecB61i4h9D-xSrt-lUaRy97XvcCKkR_-pTXH_I1oOSnW0crfaHyiM7fzdsTMyBvZZ-j-eFS-TKATdvVRiOQV7LQFm6ctJnTj6D5hJR2FK3sP9hjsWUekhbetsE_7DDIEHjejxfQylhzyJEihbVHlch4bUWV_Q45jTDzciAD1rRSN6MiqZq_WM3zIKUpHTm4LW5sXeSCSuc4BCq3hXGA-BgxKN-sXKPszayIinCDIj4uLk1SJQYDLk9kpX-VBC9aF7qmIITBOO9vdcyOCSrU8xkR0vZ4wwHkcipobEn2JP2HnVssH5wnvZlPhhZt-wm-6KgQBAtCe-EPJeLZdS0ESrEcSAantPp8fAnjk9amBL53lC_YoZ_sS8iDTbeUMM69cVdsAs3jdyLMGWSH4zpUm5xUzAzQ88iopvjjOQ42MsiZpRNloTJ1Bk7SH2imFdmZmkCoJ8Jk5Nn1MIWF6vUF\/s640\/Captura%2Bde%2Bpantalla%2Bde%2B2020-05-12%2B12-53-13.png\"><\/a><\/div>\n<\/div>\n<div>&nbsp;<\/div>\n<div>&nbsp;<\/div>\n<div>\n<h3 class=\"post-title entry-title\"><a href=\"https:\/\/biblioforo.blogspot.com\/2020\/05\/relato-de-amor-de-don-quijote.html\">Relato de amor de Don Quijote<\/a><\/h3>\n<div id=\"post-body-5455796576755958384\" class=\"post-body entry-content\">\n<div>Estupendo trabajo en equipo de la familia de nuestra compa\u00f1era SARA ARCOS, de 1\u00ba ESO F.<\/div>\n<div>El nivel de este Biblioforlo va in crescendo.<\/div>\n<div>Atenci\u00f3n al primer plano de IRACUNDA DE CORAZONES&nbsp;<\/div>\n<div><a href=\"https:\/\/drive.google.com\/file\/d\/11QqS_GJ9CYnLjxQDi96C2Vr4m_nAwXV_\/view?usp=sharing\" target=\"_blank\" rel=\"noopener noreferrer\"><img decoding=\"async\" src=\"https:\/\/1.bp.blogspot.com\/-Khf5UvFpITs\/Xrp246Q1a1I\/AAAAAAAAAew\/yrrksmOEg1YsNuO06PsKK9kk9ZajNh5HQCLcBGAsYHQ\/s400\/Captura%2Bde%2Bpantalla%2Bde%2B2020-05-12%2B12-13-43.png\"><\/a><\/div>\n<\/div>\n<\/div>\n<div>&nbsp;<\/div>\n<div>&nbsp;<\/div>\n<h3 class=\"post-title entry-title\"><a href=\"https:\/\/biblioforo.blogspot.com\/2020\/05\/la-alicia-que-nunca-conocimos.html\"> La Alicia que nunca conocimos&#8230;<\/a><\/h3>\n<div id=\"post-body-135465537753990611\" class=\"post-body entry-content\">\n<div>Inquietante y magn\u00edfico trabajo de&nbsp;<\/div>\n<div>Carmen V\u00e1zquez Salazar,&nbsp;<\/div>\n<div>alumna de 1\u00baF.<\/div>\n<div>\n<div><b><i>La Alicia que nunca conocimos..<\/i><\/b>. vuelve sobre nuestro querido personaje con una lectura alternativa y oscura. Una interferencia del g\u00e9nero de terror en el inocente(?) mundo de Wonderland.<\/div>\n<div>&nbsp;<\/div>\n<div class=\"separator\"><iframe loading=\"lazy\" src=\"https:\/\/www.blogger.com\/video.g?token=AD6v5dx6EkZiSHTTw0NbUwsKNi5Y5UscOL1Qv_nAD755TBIwoMpFoLyorK_MEBwn4p9Wp_dS80fByWANrfDXGd0TNriVQLzyHYumJq6BBvLTQFBiadjB3NC2v0_OmwB54eduT4WVBik\" width=\"320\" height=\"266\" frameborder=\"0\"><\/iframe><\/div>\n<div>&nbsp;<\/div>\n<\/div>\n<\/div>\n<h3 class=\"post-title entry-title\">&nbsp;<\/h3>\n<h3 class=\"post-title entry-title\"><a href=\"https:\/\/biblioforo.blogspot.com\/2020\/05\/a-veces-siento.html\">A veces siento&#8230;<\/a><\/h3>\n<div id=\"post-body-1145486453640821091\" class=\"post-body entry-content\">\n<div>Manuel \u00c1lvarez Avell\u00e1n&nbsp; de 1\u00ba D<\/div>\n<div>nos ha sorprendido con su montaje po\u00e9tico sobre las emociones.<\/div>\n<div>Eso que constantemente sentimos y,&nbsp;<\/div>\n<div>tantas veces, no comprendemos:<\/div>\n<div>&nbsp;<\/div>\n<div class=\"separator\"><iframe loading=\"lazy\" src=\"https:\/\/www.blogger.com\/video.g?token=AD6v5dzdrZ3wJarN-qNFZbIYHpJ2MpCkEPWiYOgjiLUCx1SzNbYMI-_nkrSuvu4GTpoaa7qMqfJZUwF2v_iOqbh81YPR48a26ZwtMqiwrVzpGCpg_Br_2snphFBoQAsoPyAzuZ3DKnc\" width=\"320\" height=\"266\" frameborder=\"0\"><\/iframe><\/div>\n<div>&nbsp;<\/div>\n<\/div>\n<div>\n<h3 class=\"post-title entry-title\"><a href=\"https:\/\/biblioforo.blogspot.com\/2020\/05\/l-circo-de-jose-saramago.html\">\u00abEl Circo\u00bb de Jos\u00e9 Saramago<\/a><\/h3>\n<div class=\"post-header\">\n<div class=\"post-header-line-1\">&nbsp;<\/div>\n<\/div>\n<div id=\"post-body-8719292734705911070\" class=\"post-body entry-content\">\n<div>&nbsp;<\/div>\n<div>Nuestra compa\u00f1era Marta M. Rodr\u00edguez Morej\u00f3n, de 1\u00ba F, nos deleita con m\u00e1s poes\u00eda.&nbsp;<\/div>\n<div>&nbsp;<\/div>\n<div>\n<p>En este caso, recitando con estupenda dicci\u00f3n y declamando de forma conmovedora, un bello poema del insigne escritor portugu\u00e9s Jos\u00e9 Saramago.<\/p>\n<div>A ella debemos igualmente la selecci\u00f3n de grandes obras pict\u00f3ricas y el montaje de v\u00eddeo:<\/div>\n<div class=\"separator\"><iframe loading=\"lazy\" src=\"https:\/\/www.blogger.com\/video.g?token=AD6v5dykfvPF0SM5ue7M_-4ODWJpwJKrBbV8_eQfp94dh-B5WtM7FmedyylK4tAwsVdLSWdgqnzJOKzgmxbJw7d7w63xii_C4Vxtu2M0nICxKYvjq8RexcFtoQM8kMmmWm9N4m1h7poC\" width=\"320\" height=\"266\" frameborder=\"0\"><\/iframe><\/div>\n<div>&nbsp;<\/div>\n<\/div>\n<div>&nbsp;<\/div>\n<div>\n<div>&nbsp;<\/div>\n<div>\n<h3 class=\"post-title entry-title\"><a href=\"https:\/\/biblioforo.blogspot.com\/2020\/05\/love-4eva-loona-yyxy.html\">Love 4eva-Loona yyxy <\/a><\/h3>\n<\/div>\n<div>LA DANZA LLEGA AL BIBLIOFORO<\/div>\n<div>&nbsp;<\/div>\n<div>Esther Marquez Bolivar, la compa\u00f1era de 3\u00ba D con cuyas interpretaciones y humor fino tanto hemos disfrutado en otros eventos, nos sorprende con una faceta desconocida hasta ahora y que no se le da nada mal:<\/div>\n<div>&nbsp;<\/div>\n<div>\u00a1\u00a1\u00a1BAILAR!!!<\/div>\n<div class=\"separator\"><a href=\"https:\/\/drive.google.com\/file\/d\/17fb-qVL1VQu5gggxmUg6Hj1CFC9Q_a2x\/view?usp=sharing\" target=\"_blank\" rel=\"noopener noreferrer\"><img loading=\"lazy\" decoding=\"async\" src=\"https:\/\/1.bp.blogspot.com\/-C2vU-yezl_0\/Xr5wsFwj-xI\/AAAAAAAAAig\/SLMxmLHi2HE-Q8naeKuPB6soaB75lcWOACLcBGAsYHQ\/s400\/Captura%2Bde%2Bpantalla%2Bde%2B2020-05-15%2B12-36-15.png\" alt=\"https:\/\/drive.google.com\/file\/d\/17fb-qVL1VQu5gggxmUg6Hj1CFC9Q_a2x\/view?usp=sharing\" data-original-height=\"510\" data-original-width=\"893\" width=\"400\" height=\"227\" border=\"0\"><\/a><\/div>\n<\/div>\n<\/div>\n<\/div>\n<div>&nbsp;<\/div>\n<div>&nbsp;<\/div>\n<div>\n<div>\n<h3 class=\"post-title entry-title\"><a href=\"https:\/\/biblioforo.blogspot.com\/2020\/05\/como-surgio-la-chispa-del-biblioforo.html\">\u00bfC\u00f3mo surgi\u00f3 la chispa del Biblioforo Virtual?<\/a><\/h3>\n<\/div>\n<div>\u00bfNunca os hab\u00e9is peguntado c\u00f3mo surgi\u00f3 la chispa del Biblioforo Virtual 2020?<\/div>\n<div>&nbsp;<\/div>\n<div>Pues fue as\u00ed de sencillo: Una tarde cualquiera, en un domicilio cualquiera de nuestro pueblo, una familia tuvo una idea&#8230;<\/div>\n<div class=\"separator\"><a href=\"https:\/\/drive.google.com\/file\/d\/1eiPk_3cVPm_XiM3EbFNa7u0jEd5YuNWx\/view?usp=sharing\" target=\"_blank\" rel=\"noopener noreferrer\"><img loading=\"lazy\" decoding=\"async\" src=\"https:\/\/1.bp.blogspot.com\/-BwTIKITI530\/XsAE7rxrJOI\/AAAAAAAAAjM\/Xzwr98MNL60veket2s7UqlIK2T_N427FACLcBGAsYHQ\/s400\/Captura%2Bde%2Bpantalla%2Bde%2B2020-05-16%2B17-20-52.png\" alt=\"https:\/\/drive.google.com\/file\/d\/1eiPk_3cVPm_XiM3EbFNa7u0jEd5YuNWx\/view?usp=sharing\" data-original-height=\"403\" data-original-width=\"713\" width=\"400\" height=\"225\" border=\"0\"><\/a><\/div>\n<\/div>\n<div>&nbsp;<\/div>\n<div>\n<div>\n<h3 class=\"post-title entry-title\"><a href=\"https:\/\/biblioforo.blogspot.com\/2020\/05\/cuanta-sabiduria.html\">\u00a1CU\u00c1NTA SABIDUR\u00cdA!<\/a><\/h3>\n<\/div>\n<div>Un trabajo colectivo de los alumnos de 3\u00ba A montado por Antonio Abad Gonz\u00e1lez Aceitunoy su profesora Roc\u00edo P\u00e9rez.<\/div>\n<div>&nbsp;<\/div>\n<div>Una muestra de lo que se consigue cuando nos ponemos todos a trabajar en equipo.<\/div>\n<div>&nbsp;<\/div>\n<div>Y un testimonio \u00fanico de la sabidur\u00eda que habita en la pluma de Cervantes, nuestro universal&nbsp;<\/div>\n<div>Pr\u00edncipe de los Ingenios<\/div>\n<div>\n<div>&nbsp;<\/div>\n<div class=\"separator\"><iframe loading=\"lazy\" src=\"https:\/\/www.blogger.com\/video.g?token=AD6v5dwUev2kZB2ffe3KG4ZK_JFykdGR5w3Dt2gS2qlZN_1oVM3j1tK6DneJ0vmwfYbm_sX54HVQnwtjZdJ8vz9Xg9BDYlFUCIafqgw8eKR34GLjksSC7ob2icvEFQHGmZGH5VnBjfM\" width=\"320\" height=\"266\" frameborder=\"0\"><\/iframe><\/div>\n<div>&nbsp;<\/div>\n<\/div>\n<div>&nbsp;<\/div>\n<div>&nbsp;<\/div>\n<div>\n<h3 class=\"post-title entry-title\">Don Quijote en la frontera de Wonderland<\/h3>\n<div class=\"post-header\">\n<div class=\"post-header-line-1\">&nbsp;<\/div>\n<\/div>\n<div id=\"post-body-1657319819037867841\" class=\"post-body entry-content\">\n<div>\n<p>Le pedimos a Laura Sares Segura de 3\u00b0 D que explicase qu\u00e9 hab\u00eda querido representar con esta ilustraci\u00f3n y esta fue su respuesta:<\/p>\n<p><b><i>Mi Ilustraci\u00f3n quiere expresar el idealismo representado por Don Quijote y el realismo representado por Sancho.<\/i><\/b><\/p>\n<p><b><i>Van caminando juntos. Sancho ve el mundo real y Don Quijote el Pa\u00eds de las Maravillas.&nbsp;<\/i><\/b><br \/>\n<b><i><br \/>\n<\/i><\/b><b><i>En literatura estamos estudiando el Quijote y ah\u00ed hemos aprendido que Don Quijote representa el idealismo y Sancho el realismo: van por el mismo camino, pero est\u00e1n viendo mundos diferentes:<\/i><\/b><\/p>\n<\/div>\n<div class=\"separator\"><a href=\"https:\/\/1.bp.blogspot.com\/--Bwwz-6SFl8\/Xr2pl8M0xlI\/AAAAAAAAAh0\/u4Cj52eDBds6BluBh1geG8bre_hAkfDuwCLcBGAsYHQ\/s1600\/20200514_222624.jpg\"><img loading=\"lazy\" decoding=\"async\" src=\"https:\/\/1.bp.blogspot.com\/--Bwwz-6SFl8\/Xr2pl8M0xlI\/AAAAAAAAAh0\/u4Cj52eDBds6BluBh1geG8bre_hAkfDuwCLcBGAsYHQ\/s640\/20200514_222624.jpg\" data-original-height=\"1200\" data-original-width=\"1600\" width=\"640\" height=\"480\" border=\"0\"><\/a><\/div>\n<\/div>\n<\/div>\n<\/div>\n<div>&nbsp;<\/div>\n<div>\n<div>\n<div>&nbsp;<\/div>\n<div>&nbsp;<\/div>\n<div>\n<h3 class=\"post-title entry-title\"><a href=\"https:\/\/biblioforo.blogspot.com\/2020\/05\/curiosidades-sobre-cervantes-y-el.html\">CURIOSIDADES SOBRE CERVANTES Y EL QUIJOTE<\/a><\/h3>\n<\/div>\n<div>Por fin el v\u00eddeo de 3\u00ba ESO E<\/div>\n<div>Nuevo trabajo colectivo lleno, como su propio nombre indica, de curiosidades sobre Cervantes y<\/div>\n<div>El Quijote<\/div>\n<div>\u00a1INTERESANT\u00cdSIMO!<\/div>\n<div class=\"separator\"><a href=\"https:\/\/drive.google.com\/file\/d\/1ofFNeIaag1gUZEf0iZYUk9BrrRxUSVou\/view?usp=sharing\" target=\"_blank\" rel=\"noopener noreferrer\"><img loading=\"lazy\" decoding=\"async\" src=\"https:\/\/1.bp.blogspot.com\/-QAqqXL_c0jw\/XsbnwSlUDnI\/AAAAAAAAAnQ\/Oss_Hx_zihsaJnpJsH972wmVe-Id37WrgCLcBGAsYHQ\/s400\/Captura%2Bde%2Bpantalla%2Bde%2B2020-05-21%2B22-42-24.png\" alt=\"https:\/\/drive.google.com\/file\/d\/1ofFNeIaag1gUZEf0iZYUk9BrrRxUSVou\/view?usp=sharing\" data-original-height=\"371\" data-original-width=\"654\" width=\"400\" height=\"226\" border=\"0\"><\/a><\/div>\n<\/div>\n<\/div>\n<div>&nbsp;<\/div>\n<div>\n<div>\n<h3 class=\"post-title entry-title\">Primer Cap\u00edtulo de Alicia a la manera de 1\u00ba E<\/h3>\n<\/div>\n<div>Arancha, de 1\u00ba E, nos cuenta el primer cap\u00edtulo de Alicia en el Pa\u00eds de las Matem\u00e1ticas.<\/div>\n<div>\u00a1Qu\u00e9 bien se expresa!<\/div>\n<div>&nbsp;<\/div>\n<div class=\"separator\"><iframe loading=\"lazy\" src=\"https:\/\/www.blogger.com\/video.g?token=AD6v5dzNd7NVrsAEVFJ0Ke6Lj_0TQCv-X_aRJlBWVnyNVbyCH48RFd0-biNWvMQfj6rPyuvgPArjZNq4ZUU4PAq_X40e-huktNgPb_50fMbbnSVPuiNHhNxKYeP31ILhA06x9BpbWZgI\" width=\"320\" height=\"266\" frameborder=\"0\"><\/iframe><\/div>\n<div>&nbsp;<\/div>\n<div>\n<div>&nbsp;<\/div>\n<div>\n<h3 class=\"post-title entry-title\">Alicia en el Pa\u00eds de las Matem\u00e1ticas<\/h3>\n<\/div>\n<div>Andrea de 1\u00ba ESO E nos deleita con un montaje lleno de im\u00e1genes, cuentas, n\u00fameros y figuras geom\u00e9tricas.<\/div>\n<div>\u00a1Qu\u00e9 bueno lo del Sombrerero Cienmil!<\/div>\n<div>&nbsp;<\/div>\n<div class=\"separator\"><iframe loading=\"lazy\" src=\"https:\/\/www.blogger.com\/video.g?token=AD6v5dzUQmI3oCU7AnFYGFQISoll5jywiJPCs6MmevGPPXkmhds_-JvC2t50M5gsYKAZsNWJvWFucxoLNpeWRLds6WSHqTmPHEVlTvDs8JMI3fTL-4x9hNA91V526jKtKBSn93-yWja3\" width=\"320\" height=\"266\" frameborder=\"0\"><\/iframe><\/div>\n<div>&nbsp;<\/div>\n<div>&nbsp;<\/div>\n<\/div>\n<\/div>\n<div>\n<div>&nbsp;<\/div>\n<div>\n<div>\n<h3 class=\"post-title entry-title\"><a href=\"https:\/\/biblioforo.blogspot.com\/2020\/05\/consejos-de-don-quijote-sancho.html\">Consejos de Don Quijote a Sancho<\/a><\/h3>\n<\/div>\n<div>Y ahora un gran trabajo en equipo de profesores y alumnos:<\/div>\n<div>&nbsp;<\/div>\n<div>Los Consejos de Don Quijote a Sancho<\/div>\n<div>El Quijote no deja de sorprendernos&nbsp;<\/div>\n<div>y nuestros compa\u00f1eros y profesores tampoco \ud83d\ude09<\/div>\n<div>[youtube https:\/\/www.youtube.com\/watch?v=Wv3uxjHLtLU]<\/div>\n<\/div>\n<\/div>\n<div>&nbsp;<\/div>\n<div>&nbsp;<\/div>\n<div>\n<h3 class=\"post-title entry-title\"><a href=\"https:\/\/biblioforo.blogspot.com\/2020\/05\/mas-baile-en-el-biblioforo.html\">M\u00e1s baile en el Biblioforo<\/a><\/h3>\n<div class=\"post-header\">\n<div class=\"post-header-line-1\">&nbsp;<\/div>\n<\/div>\n<div id=\"post-body-365512306856652521\" class=\"post-body entry-content\">\n<div>Nuestra compa\u00f1era Valentina, de 3\u00ba B, vuelve a cambia de disciplina&nbsp; y deja el teatro para deleitarnos con sus cualidades como bailarina<\/div>\n<div class=\"separator\"><a href=\"https:\/\/drive.google.com\/file\/d\/1RomhVjqX6HukLhja_8CrHXe0mD8OtLZ1\/view?usp=sharing\" target=\"_blank\" rel=\"noopener noreferrer\"><img loading=\"lazy\" decoding=\"async\" src=\"https:\/\/1.bp.blogspot.com\/-A57sHAXPOuA\/XtPe4G3SqNI\/AAAAAAAAArY\/5RbpqbWNUf0f9RFc8EvXF8I6SqArUrRegCLcBGAsYHQ\/s400\/Captura%2Bde%2Bpantalla%2Bde%2B2020-05-31%2B18-38-54.png\" alt=\"https:\/\/drive.google.com\/file\/d\/1RomhVjqX6HukLhja_8CrHXe0mD8OtLZ1\/view?usp=sharing\" data-original-height=\"490\" data-original-width=\"883\" width=\"400\" height=\"221\" border=\"0\"><\/a><\/div>\n<\/div>\n<\/div>\n<div>\n<div>\n<div>&nbsp;<\/div>\n<div>&nbsp;<\/div>\n<\/div>\n<\/div>\n","protected":false},"excerpt":{"rendered":"<p>Esta p\u00e1gina es una ventana abierta a las actividades que se celebran en la biblioteca. &nbsp; V\u00cdDEOS BIBLIOFORO Nuestros compa\u00f1eros ya han comenzado a enviarnos sus trabajos. Estamos deseando recibir muchos m\u00e1s. Animaos a&#46;&#46;&#46;<\/p>\n","protected":false},"author":2886,"featured_media":0,"parent":0,"menu_order":0,"comment_status":"closed","ping_status":"closed","template":"","meta":{"ngg_post_thumbnail":0,"footnotes":"","_mc_calendar":[]},"aioseo_notices":[],"_links":{"self":[{"href":"https:\/\/blogsaverroes.juntadeandalucia.es\/iesfuentejuncal\/wp-json\/wp\/v2\/pages\/3033"}],"collection":[{"href":"https:\/\/blogsaverroes.juntadeandalucia.es\/iesfuentejuncal\/wp-json\/wp\/v2\/pages"}],"about":[{"href":"https:\/\/blogsaverroes.juntadeandalucia.es\/iesfuentejuncal\/wp-json\/wp\/v2\/types\/page"}],"author":[{"embeddable":true,"href":"https:\/\/blogsaverroes.juntadeandalucia.es\/iesfuentejuncal\/wp-json\/wp\/v2\/users\/2886"}],"replies":[{"embeddable":true,"href":"https:\/\/blogsaverroes.juntadeandalucia.es\/iesfuentejuncal\/wp-json\/wp\/v2\/comments?post=3033"}],"version-history":[{"count":2,"href":"https:\/\/blogsaverroes.juntadeandalucia.es\/iesfuentejuncal\/wp-json\/wp\/v2\/pages\/3033\/revisions"}],"predecessor-version":[{"id":3035,"href":"https:\/\/blogsaverroes.juntadeandalucia.es\/iesfuentejuncal\/wp-json\/wp\/v2\/pages\/3033\/revisions\/3035"}],"wp:attachment":[{"href":"https:\/\/blogsaverroes.juntadeandalucia.es\/iesfuentejuncal\/wp-json\/wp\/v2\/media?parent=3033"}],"curies":[{"name":"wp","href":"https:\/\/api.w.org\/{rel}","templated":true}]}}