{"id":42,"date":"2015-03-13T08:40:47","date_gmt":"2015-03-13T08:40:47","guid":{"rendered":"http:\/\/blogsaverroes.juntadeandalucia.es\/pre\/ceip\/?page_id=42"},"modified":"2025-10-30T11:23:25","modified_gmt":"2025-10-30T11:23:25","slug":"equipo-directivo","status":"publish","type":"page","link":"https:\/\/blogsaverroes.juntadeandalucia.es\/iesfuentejuncal\/equipo-directivo\/","title":{"rendered":"Equipo directivo"},"content":{"rendered":"<p>&nbsp;<\/p>\n<h2><strong>&nbsp; &nbsp; &nbsp;&nbsp; &nbsp; &nbsp;&nbsp;&nbsp;&nbsp;&nbsp;&nbsp;&nbsp;&nbsp;&nbsp; Director:<\/strong>&nbsp; Carlos R. Ru\u00edz Caballero<\/h2>\n<h2><strong>&nbsp; &nbsp;&nbsp; &nbsp; &nbsp;&nbsp;&nbsp; Vicedirectora:<\/strong>&nbsp;Isabel M\u00aa Ferrer Seco<\/h2>\n<h2><strong>&nbsp; &nbsp; &nbsp; Jefa de Estudios:&nbsp;<\/strong>M\u00aa Paloma Garc\u00eda N\u00fa\u00f1ez<\/h2>\n<h2><strong>Jefe de Est. Adjunta 1\u00aa: <\/strong>Miguel \u00c1ngel Contreras Mart\u00ednez<\/h2>\n<h2><strong>Jefa de Est. Adjunto 2\u00ba: <\/strong>Mar\u00eda Luisa Franco Ramos<strong><br \/>\n<\/strong><\/h2>\n<h2><strong>&nbsp;&nbsp;&nbsp;&nbsp;&nbsp;&nbsp;&nbsp;&nbsp;&nbsp;&nbsp;&nbsp;&nbsp;&nbsp;&nbsp;&nbsp; Secret<\/strong><strong>ario:<\/strong>&nbsp; Pedro Rodr\u00edguez Guerrero<\/h2>\n","protected":false},"excerpt":{"rendered":"<p>&nbsp; &nbsp; &nbsp; &nbsp;&nbsp; &nbsp; &nbsp;&nbsp;&nbsp;&nbsp;&nbsp;&nbsp;&nbsp;&nbsp;&nbsp; Director:&nbsp; Carlos R. Ru\u00edz Caballero &nbsp; &nbsp;&nbsp; &nbsp; &nbsp;&nbsp;&nbsp; Vicedirectora:&nbsp;Isabel M\u00aa Ferrer Seco &nbsp; &nbsp; &nbsp; Jefa de Estudios:&nbsp;M\u00aa Paloma Garc\u00eda N\u00fa\u00f1ez Jefe de Est. Adjunta 1\u00aa: Miguel&#46;&#46;&#46;<\/p>\n","protected":false},"author":1,"featured_media":0,"parent":0,"menu_order":0,"comment_status":"closed","ping_status":"open","template":"","meta":{"ngg_post_thumbnail":0,"footnotes":"","_mc_calendar":[]},"aioseo_notices":[],"_links":{"self":[{"href":"https:\/\/blogsaverroes.juntadeandalucia.es\/iesfuentejuncal\/wp-json\/wp\/v2\/pages\/42"}],"collection":[{"href":"https:\/\/blogsaverroes.juntadeandalucia.es\/iesfuentejuncal\/wp-json\/wp\/v2\/pages"}],"about":[{"href":"https:\/\/blogsaverroes.juntadeandalucia.es\/iesfuentejuncal\/wp-json\/wp\/v2\/types\/page"}],"author":[{"embeddable":true,"href":"https:\/\/blogsaverroes.juntadeandalucia.es\/iesfuentejuncal\/wp-json\/wp\/v2\/users\/1"}],"replies":[{"embeddable":true,"href":"https:\/\/blogsaverroes.juntadeandalucia.es\/iesfuentejuncal\/wp-json\/wp\/v2\/comments?post=42"}],"version-history":[{"count":9,"href":"https:\/\/blogsaverroes.juntadeandalucia.es\/iesfuentejuncal\/wp-json\/wp\/v2\/pages\/42\/revisions"}],"predecessor-version":[{"id":3578,"href":"https:\/\/blogsaverroes.juntadeandalucia.es\/iesfuentejuncal\/wp-json\/wp\/v2\/pages\/42\/revisions\/3578"}],"wp:attachment":[{"href":"https:\/\/blogsaverroes.juntadeandalucia.es\/iesfuentejuncal\/wp-json\/wp\/v2\/media?parent=42"}],"curies":[{"name":"wp","href":"https:\/\/api.w.org\/{rel}","templated":true}]}}