{"id":2948,"date":"2021-04-09T07:32:21","date_gmt":"2021-04-09T06:32:21","guid":{"rendered":"https:\/\/blogsaverroes.juntadeandalucia.es\/iesfuentepina\/?page_id=2948"},"modified":"2025-06-19T20:45:32","modified_gmt":"2025-06-19T19:45:32","slug":"biologia-y-geologia","status":"publish","type":"page","link":"https:\/\/blogsaverroes.juntadeandalucia.es\/iesfuentepina\/biologia-y-geologia\/","title":{"rendered":"Biolog\u00eda y Geolog\u00eda"},"content":{"rendered":"<ul>\n<li><strong>MATERIALES BIOLOG\u00cdA 2\u00ba BACHILLERATO.<\/strong><\/li>\n<\/ul>\n<div style=\"text-align: justify\">Materiales para alumnos de Biolog\u00eda de 2\u00ba de Bachillerato, elaborados por Domingo Jes\u00fas Castillo Zamora, profesor de nuestro Centro:<\/div>\n<ul>\n<li style=\"text-align: justify\"><a href=\"https:\/\/unhicpx7alboazhja96nna.on.drv.tw\/MTI_094_20_El_FascinanteMundoMicroorganismosDomingoJesusCastillo.eXeVer5.1\/\" target=\"_blank\" rel=\"noopener noreferrer\" data-saferedirecturl=\"https:\/\/www.google.com\/url?q=https:\/\/unhicpx7alboazhja96nna.on.drv.tw\/MTI_094_20_El_FascinanteMundoMicroorganismosDomingoJesusCastillo.eXeVer5.1\/&amp;source=gmail&amp;ust=1666261674942000&amp;usg=AOvVaw3oXanAW9EBx1ad1CU9fIqw\">El fascinante mundo de los microorganismos.<\/a><\/li>\n<li><a href=\"https:\/\/unhicpx7alboazhja96nna.on.drv.tw\/LasIncreiblesProteinas_DomingoJesusCastillo_Ver251\/\" target=\"_blank\" rel=\"noopener noreferrer\" data-saferedirecturl=\"https:\/\/www.google.com\/url?q=https:\/\/unhicpx7alboazhja96nna.on.drv.tw\/LasIncreiblesProteinas_DomingoJesusCastillo_Ver251\/&amp;source=gmail&amp;ust=1666261674942000&amp;usg=AOvVaw2l1K9TbBIPCdJLx0NRjkLC\">Las incre\u00edbles prote\u00ednas, enzimas y vitaminas.<\/a><\/li>\n<li><a href=\"https:\/\/unhicpx7alboazhja96nna.on.drv.tw\/MTI_27_22.LosGlucidos.DomingoJesusCastillo.Ver2.7.07.06.23\/\">Los gl\u00facidos.<\/a><\/li>\n<li><a href=\"https:\/\/procomun.intef.es\/ode\/view\/1571379882555\">Nuestro incre\u00edble sistema de defensas.<\/a><\/li>\n<li><a href=\"https:\/\/unhicpx7alboazhja96nna.on.drv.tw\/MTI_082_23_Citoplasma_DomingoJ.Castillo.Ver2.8.1_D.02.06.24.2\/\" target=\"_blank\" rel=\"noopener\" data-saferedirecturl=\"https:\/\/www.google.com\/url?q=https:\/\/unhicpx7alboazhja96nna.on.drv.tw\/MTI_082_23_Citoplasma_DomingoJ.Castillo.Ver2.8.1_D.02.06.24.2\/&amp;source=gmail&amp;ust=1717497996951000&amp;usg=AOvVaw1Ikxu6tNl7F5qrlICwhHOF\">Citoplasma, citosol y org\u00e1nulos celulares.<\/a><\/li>\n<li><a href=\"https:\/\/unhicpx7alboazhja96nna.on.drv.tw\/MTI_114_24_Ac.nucleicos_DomingoJ.Castillo.V.2.9._D.20.10.24.2\/\" target=\"_blank\" rel=\"noopener\" data-saferedirecturl=\"https:\/\/www.google.com\/url?q=https:\/\/unhicpx7alboazhja96nna.on.drv.tw\/MTI_114_24_Ac.nucleicos_DomingoJ.Castillo.V.2.9._D.20.10.24.2\/&amp;source=gmail&amp;ust=1750448583459000&amp;usg=AOvVaw2B1C4hNiDYXyFqUogUcnD0\">\u00c1cidos nucleicos<\/a><\/li>\n<\/ul>\n","protected":false},"excerpt":{"rendered":"<p>MATERIALES BIOLOG\u00cdA 2\u00ba BACHILLERATO. Materiales para alumnos de Biolog\u00eda de 2\u00ba de Bachillerato, elaborados por Domingo Jes\u00fas Castillo Zamora, profesor de nuestro Centro: El fascinante mundo de los microorganismos. Las incre\u00edbles prote\u00ednas, enzimas y&#46;&#46;&#46;<\/p>\n","protected":false},"author":11361,"featured_media":0,"parent":0,"menu_order":0,"comment_status":"closed","ping_status":"closed","template":"","meta":{"ngg_post_thumbnail":0,"footnotes":"","_mc_calendar":[]},"aioseo_notices":[],"_links":{"self":[{"href":"https:\/\/blogsaverroes.juntadeandalucia.es\/iesfuentepina\/wp-json\/wp\/v2\/pages\/2948"}],"collection":[{"href":"https:\/\/blogsaverroes.juntadeandalucia.es\/iesfuentepina\/wp-json\/wp\/v2\/pages"}],"about":[{"href":"https:\/\/blogsaverroes.juntadeandalucia.es\/iesfuentepina\/wp-json\/wp\/v2\/types\/page"}],"author":[{"embeddable":true,"href":"https:\/\/blogsaverroes.juntadeandalucia.es\/iesfuentepina\/wp-json\/wp\/v2\/users\/11361"}],"replies":[{"embeddable":true,"href":"https:\/\/blogsaverroes.juntadeandalucia.es\/iesfuentepina\/wp-json\/wp\/v2\/comments?post=2948"}],"version-history":[{"count":10,"href":"https:\/\/blogsaverroes.juntadeandalucia.es\/iesfuentepina\/wp-json\/wp\/v2\/pages\/2948\/revisions"}],"predecessor-version":[{"id":4500,"href":"https:\/\/blogsaverroes.juntadeandalucia.es\/iesfuentepina\/wp-json\/wp\/v2\/pages\/2948\/revisions\/4500"}],"wp:attachment":[{"href":"https:\/\/blogsaverroes.juntadeandalucia.es\/iesfuentepina\/wp-json\/wp\/v2\/media?parent=2948"}],"curies":[{"name":"wp","href":"https:\/\/api.w.org\/{rel}","templated":true}]}}