{"id":2954,"date":"2021-04-09T07:38:37","date_gmt":"2021-04-09T06:38:37","guid":{"rendered":"https:\/\/blogsaverroes.juntadeandalucia.es\/iesfuentepina\/?page_id=2954"},"modified":"2026-01-30T13:51:28","modified_gmt":"2026-01-30T12:51:28","slug":"formacion-y-orientacion-laboral","status":"publish","type":"page","link":"https:\/\/blogsaverroes.juntadeandalucia.es\/iesfuentepina\/formacion-y-orientacion-laboral\/","title":{"rendered":"Formaci\u00f3n y Orientaci\u00f3n Laboral"},"content":{"rendered":"<p class=\"x_justificado\" style=\"text-align: justify\">El departamento de Formaci\u00f3n y Orientaci\u00f3n Laboral es el encargado de planificar, coordinar y desarrollar las ense\u00f1anzas propias de los m\u00f3dulos profesionales correspondientes y las actividades que se le encomienden, dentro del \u00e1mbito de sus competencias.&nbsp;<\/p>\n<p class=\"x_justificado\" style=\"text-align: justify\">Son competencias del departamento de Formaci\u00f3n y Orientaci\u00f3n Laboral, adem\u00e1s de las se\u00f1aladas en el p\u00e1rrafo anterior, las siguientes:<\/p>\n<p><strong><em>1. En relaci\u00f3n con la formaci\u00f3n en centros de trabajo y derivada de la colaboraci\u00f3n con el departamento de Relaci\u00f3n con las Empresas y el departamento de Informaci\u00f3n y Orientaci\u00f3n Laboral:<\/em><\/strong><\/p>\n<p class=\"x_justificado\" style=\"text-align: justify\">a) Informar al alumnado sobre las caracter\u00edsticas de su relaci\u00f3n con las empresas y la normativa sobre prevenci\u00f3n de riesgos laborales que han de cumplir.<\/p>\n<p class=\"x_justificado\" style=\"text-align: justify\">b) Colaborar con el profesor-tutor del m\u00f3dulo de formaci\u00f3n en centros de trabajo, del m\u00f3dulo de formaci\u00f3n pr\u00e1ctica en centros de trabajo establecido en los Certificados de Profesionalidad y de las pr\u00e1cticas profesionales de car\u00e1cter no laboral correspondientes a las acciones de formaci\u00f3n profesional para el empleo, en la planificaci\u00f3n y desarrollo de las actividades tutoriales peri\u00f3dicas que se desarrollen en el centro docente, as\u00ed como en la recogida de informaci\u00f3n relativa a la inserci\u00f3n laboral del alumnado que supere las ense\u00f1anzas.<\/p>\n<p class=\"x_justificado\" style=\"text-align: justify\">c) Participar en las estad\u00edsticas de inserci\u00f3n laboral del alumnado de formaci\u00f3n profesional del centro, estableciendo las correspondientes propuestas de mejora.<\/p>\n<p style=\"text-align: justify\"><strong><em>2. En colaboraci\u00f3n con el departamento de Informaci\u00f3n y Orientaci\u00f3n Profesional en las funciones de informaci\u00f3n, asesoramiento y orientaci\u00f3n, responsabiliz\u00e1ndose del desarrollo de las actividades y programas de emprendimiento y de inserci\u00f3n profesional<\/em><\/strong>:<\/p>\n<p class=\"x_justificado\" style=\"text-align: justify\">a) Promover acciones emprendedoras entre el alumnado.<\/p>\n<p class=\"x_justificado\" style=\"text-align: justify\">b) Promover actuaciones de concienciaci\u00f3n en materia de prevenci\u00f3n de riesgos laborales.<\/p>\n<p class=\"x_justificado\" style=\"text-align: justify\">c) Colaborar en las acciones del Departamento de informaci\u00f3n y orientaci\u00f3n profesional.<\/p>\n<p>En nuestro centro en concreto imparten docencia en los siguientes ciclos y cursos:&nbsp;<\/p>\n<p><a href=\"https:\/\/blogsaverroes.juntadeandalucia.es\/iesfuentepina\/files\/2023\/03\/Captura-de-pantalla-2023-03-08-094935.png\"><img loading=\"lazy\" decoding=\"async\" class=\"aligncenter size-full wp-image-3538\" src=\"https:\/\/blogsaverroes.juntadeandalucia.es\/iesfuentepina\/files\/2023\/03\/Captura-de-pantalla-2023-03-08-094935.png\" alt=\"\" width=\"570\" height=\"838\" srcset=\"https:\/\/blogsaverroes.juntadeandalucia.es\/iesfuentepina\/files\/2023\/03\/Captura-de-pantalla-2023-03-08-094935.png 570w, https:\/\/blogsaverroes.juntadeandalucia.es\/iesfuentepina\/files\/2023\/03\/Captura-de-pantalla-2023-03-08-094935-204x300.png 204w\" sizes=\"(max-width: 570px) 100vw, 570px\" \/><\/a><\/p>\n","protected":false},"excerpt":{"rendered":"<p>El departamento de Formaci\u00f3n y Orientaci\u00f3n Laboral es el encargado de planificar, coordinar y desarrollar las ense\u00f1anzas propias de los m\u00f3dulos profesionales correspondientes y las actividades que se le encomienden, dentro del \u00e1mbito de&#46;&#46;&#46;<\/p>\n","protected":false},"author":11361,"featured_media":0,"parent":0,"menu_order":0,"comment_status":"closed","ping_status":"closed","template":"","meta":{"ngg_post_thumbnail":0,"footnotes":"","_mc_calendar":[]},"aioseo_notices":[],"_links":{"self":[{"href":"https:\/\/blogsaverroes.juntadeandalucia.es\/iesfuentepina\/wp-json\/wp\/v2\/pages\/2954"}],"collection":[{"href":"https:\/\/blogsaverroes.juntadeandalucia.es\/iesfuentepina\/wp-json\/wp\/v2\/pages"}],"about":[{"href":"https:\/\/blogsaverroes.juntadeandalucia.es\/iesfuentepina\/wp-json\/wp\/v2\/types\/page"}],"author":[{"embeddable":true,"href":"https:\/\/blogsaverroes.juntadeandalucia.es\/iesfuentepina\/wp-json\/wp\/v2\/users\/11361"}],"replies":[{"embeddable":true,"href":"https:\/\/blogsaverroes.juntadeandalucia.es\/iesfuentepina\/wp-json\/wp\/v2\/comments?post=2954"}],"version-history":[{"count":3,"href":"https:\/\/blogsaverroes.juntadeandalucia.es\/iesfuentepina\/wp-json\/wp\/v2\/pages\/2954\/revisions"}],"predecessor-version":[{"id":3539,"href":"https:\/\/blogsaverroes.juntadeandalucia.es\/iesfuentepina\/wp-json\/wp\/v2\/pages\/2954\/revisions\/3539"}],"wp:attachment":[{"href":"https:\/\/blogsaverroes.juntadeandalucia.es\/iesfuentepina\/wp-json\/wp\/v2\/media?parent=2954"}],"curies":[{"name":"wp","href":"https:\/\/api.w.org\/{rel}","templated":true}]}}