{"id":3000,"date":"2021-04-09T07:51:37","date_gmt":"2021-04-09T06:51:37","guid":{"rendered":"https:\/\/blogsaverroes.juntadeandalucia.es\/iesfuentepina\/?page_id=3000"},"modified":"2024-05-07T12:56:43","modified_gmt":"2024-05-07T11:56:43","slug":"bilinguismo","status":"publish","type":"page","link":"https:\/\/blogsaverroes.juntadeandalucia.es\/iesfuentepina\/bilinguismo\/","title":{"rendered":"Biling\u00fcismo"},"content":{"rendered":"<p><a href=\"https:\/\/blogsaverroes.juntadeandalucia.es\/iesfuentepina\/files\/2024\/05\/Cartel-PROA.png\"><img loading=\"lazy\" decoding=\"async\" class=\"aligncenter size-large wp-image-4022\" src=\"https:\/\/blogsaverroes.juntadeandalucia.es\/iesfuentepina\/files\/2024\/05\/Cartel-PROA-724x1024.png\" alt=\"\" width=\"724\" height=\"1024\" srcset=\"https:\/\/blogsaverroes.juntadeandalucia.es\/iesfuentepina\/files\/2024\/05\/Cartel-PROA-724x1024.png 724w, https:\/\/blogsaverroes.juntadeandalucia.es\/iesfuentepina\/files\/2024\/05\/Cartel-PROA-212x300.png 212w, https:\/\/blogsaverroes.juntadeandalucia.es\/iesfuentepina\/files\/2024\/05\/Cartel-PROA-768x1086.png 768w, https:\/\/blogsaverroes.juntadeandalucia.es\/iesfuentepina\/files\/2024\/05\/Cartel-PROA-1086x1536.png 1086w, https:\/\/blogsaverroes.juntadeandalucia.es\/iesfuentepina\/files\/2024\/05\/Cartel-PROA-1448x2048.png 1448w, https:\/\/blogsaverroes.juntadeandalucia.es\/iesfuentepina\/files\/2024\/05\/Cartel-PROA.png 1587w\" sizes=\"(max-width: 724px) 100vw, 724px\" \/><\/a><\/p>\n<p>&nbsp;<\/p>\n<p style=\"text-align: justify\">Dentro de programa biling\u00fce de nuestro centro podemos a disposici\u00f3n de quien as\u00ed lo requiera los siguientes documentos (IMPORTANTE PARA ASISTENTES LINGU\u00cdSTICOS):&nbsp;<\/p>\n<ul>\n<li><a href=\"https:\/\/blogsaverroes.juntadeandalucia.es\/iesfuentepina\/files\/2023\/03\/FICHA-INFORMATIVA-IES-FUENTEPI\u00d1A-2022_23.pdf\">FICHA INFORMATIVA IES FUENTEPI\u00d1A 2022_23<\/a><\/li>\n<li><a href=\"https:\/\/blogsaverroes.juntadeandalucia.es\/iesfuentepina\/files\/2023\/03\/Ficha-informativa-IES-Fuentepi\u00f1a-English-22_23.pdf\">Ficha informativa IES Fuentepi\u00f1a (English) 22_23<\/a><\/li>\n<\/ul>\n<p>Os dejamos adem\u00e1s dentro del biling\u00fcismo de nuestro centro dos gu\u00edas de Huelva:&nbsp;<\/p>\n<ul>\n<li><a href=\"https:\/\/blogsaverroes.juntadeandalucia.es\/iesfuentepina\/files\/2023\/05\/Guia-Turistica_ESpanol.pdf\">Guia Turistica_ESpanol<\/a><\/li>\n<li><a href=\"https:\/\/blogsaverroes.juntadeandalucia.es\/iesfuentepina\/files\/2023\/05\/University-Tourist-Guide_ENgl.pdf\">University Tourist Guide_ENgl<\/a><\/li>\n<\/ul>\n<p>&nbsp;<\/p>\n","protected":false},"excerpt":{"rendered":"<p>&nbsp; Dentro de programa biling\u00fce de nuestro centro podemos a disposici\u00f3n de quien as\u00ed lo requiera los siguientes documentos (IMPORTANTE PARA ASISTENTES LINGU\u00cdSTICOS):&nbsp; FICHA INFORMATIVA IES FUENTEPI\u00d1A 2022_23 Ficha informativa IES Fuentepi\u00f1a (English) 22_23&#46;&#46;&#46;<\/p>\n","protected":false},"author":11361,"featured_media":0,"parent":0,"menu_order":0,"comment_status":"closed","ping_status":"closed","template":"","meta":{"ngg_post_thumbnail":0,"footnotes":"","_mc_calendar":[]},"aioseo_notices":[],"_links":{"self":[{"href":"https:\/\/blogsaverroes.juntadeandalucia.es\/iesfuentepina\/wp-json\/wp\/v2\/pages\/3000"}],"collection":[{"href":"https:\/\/blogsaverroes.juntadeandalucia.es\/iesfuentepina\/wp-json\/wp\/v2\/pages"}],"about":[{"href":"https:\/\/blogsaverroes.juntadeandalucia.es\/iesfuentepina\/wp-json\/wp\/v2\/types\/page"}],"author":[{"embeddable":true,"href":"https:\/\/blogsaverroes.juntadeandalucia.es\/iesfuentepina\/wp-json\/wp\/v2\/users\/11361"}],"replies":[{"embeddable":true,"href":"https:\/\/blogsaverroes.juntadeandalucia.es\/iesfuentepina\/wp-json\/wp\/v2\/comments?post=3000"}],"version-history":[{"count":6,"href":"https:\/\/blogsaverroes.juntadeandalucia.es\/iesfuentepina\/wp-json\/wp\/v2\/pages\/3000\/revisions"}],"predecessor-version":[{"id":4058,"href":"https:\/\/blogsaverroes.juntadeandalucia.es\/iesfuentepina\/wp-json\/wp\/v2\/pages\/3000\/revisions\/4058"}],"wp:attachment":[{"href":"https:\/\/blogsaverroes.juntadeandalucia.es\/iesfuentepina\/wp-json\/wp\/v2\/media?parent=3000"}],"curies":[{"name":"wp","href":"https:\/\/api.w.org\/{rel}","templated":true}]}}