{"id":3232,"date":"2021-12-27T14:46:45","date_gmt":"2021-12-27T13:46:45","guid":{"rendered":"https:\/\/blogsaverroes.juntadeandalucia.es\/iesfuentepina\/?page_id=3232"},"modified":"2021-12-27T14:51:43","modified_gmt":"2021-12-27T13:51:43","slug":"biblioteca","status":"publish","type":"page","link":"https:\/\/blogsaverroes.juntadeandalucia.es\/iesfuentepina\/biblioteca\/","title":{"rendered":"Biblioteca"},"content":{"rendered":"<p style=\"text-align: justify\">La<strong> biblioteca <\/strong>es un lugar especial del instituto donde podr\u00e1s leer, informarte, acceder a Internet, encontrar los recursos necesarios para estudiar y realizar los trabajos y tareas escolares. A trav\u00e9s de la lectura podr\u00e1s viajar en el tiempo y en el espacio, visitar lugares desconocidos, conocer otras culturas y civilizaciones distintas\u2026 En definitiva es un lugar donde adem\u00e1s de aprender podr\u00e1s disfrutar, entretenerte y despertar en ti la curiosidad y la imaginaci\u00f3n<\/p>\n<p><strong>Mas informaci\u00f3n:<\/strong><\/p>\n<p><a href=\"https:\/\/bibliotecafuentepina.wordpress.com\/nuestra-biblioteca\/\" target=\"_blank\" rel=\"noopener noreferrer\">Blog de la Biblioteca<\/a><\/p>\n<p><a href=\"https:\/\/www.facebook.com\/leer.fuentepina.3\" target=\"_blank\" rel=\"noopener noreferrer\">Perfil en Facebook<\/a><\/p>\n","protected":false},"excerpt":{"rendered":"<p>La biblioteca es un lugar especial del instituto donde podr\u00e1s leer, informarte, acceder a Internet, encontrar los recursos necesarios para estudiar y realizar los trabajos y tareas escolares. A trav\u00e9s de la lectura podr\u00e1s&#46;&#46;&#46;<\/p>\n","protected":false},"author":11361,"featured_media":0,"parent":0,"menu_order":0,"comment_status":"closed","ping_status":"closed","template":"","meta":{"ngg_post_thumbnail":0,"footnotes":"","_mc_calendar":[]},"aioseo_notices":[],"_links":{"self":[{"href":"https:\/\/blogsaverroes.juntadeandalucia.es\/iesfuentepina\/wp-json\/wp\/v2\/pages\/3232"}],"collection":[{"href":"https:\/\/blogsaverroes.juntadeandalucia.es\/iesfuentepina\/wp-json\/wp\/v2\/pages"}],"about":[{"href":"https:\/\/blogsaverroes.juntadeandalucia.es\/iesfuentepina\/wp-json\/wp\/v2\/types\/page"}],"author":[{"embeddable":true,"href":"https:\/\/blogsaverroes.juntadeandalucia.es\/iesfuentepina\/wp-json\/wp\/v2\/users\/11361"}],"replies":[{"embeddable":true,"href":"https:\/\/blogsaverroes.juntadeandalucia.es\/iesfuentepina\/wp-json\/wp\/v2\/comments?post=3232"}],"version-history":[{"count":3,"href":"https:\/\/blogsaverroes.juntadeandalucia.es\/iesfuentepina\/wp-json\/wp\/v2\/pages\/3232\/revisions"}],"predecessor-version":[{"id":3236,"href":"https:\/\/blogsaverroes.juntadeandalucia.es\/iesfuentepina\/wp-json\/wp\/v2\/pages\/3232\/revisions\/3236"}],"wp:attachment":[{"href":"https:\/\/blogsaverroes.juntadeandalucia.es\/iesfuentepina\/wp-json\/wp\/v2\/media?parent=3232"}],"curies":[{"name":"wp","href":"https:\/\/api.w.org\/{rel}","templated":true}]}}