{"id":3243,"date":"2021-12-28T19:44:58","date_gmt":"2021-12-28T18:44:58","guid":{"rendered":"https:\/\/blogsaverroes.juntadeandalucia.es\/iesfuentepina\/?page_id=3243"},"modified":"2024-09-08T11:45:29","modified_gmt":"2024-09-08T10:45:29","slug":"proyecto-de-gestion","status":"publish","type":"page","link":"https:\/\/blogsaverroes.juntadeandalucia.es\/iesfuentepina\/proyecto-de-gestion\/","title":{"rendered":"Proyecto de Gesti\u00f3n"},"content":{"rendered":"<p style=\"text-align: justify\">Toda la informaci\u00f3n sobre el Proyecto de Gesti\u00f3n del Centro puedes encontrarla en:<\/p>\n<p><a href=\"https:\/\/blogsaverroes.juntadeandalucia.es\/iesfuentepina\/files\/2024\/09\/PROYECTO-DE-GESTION-23_24.pdf\">Proyecto de gesti\u00f3n del centro 2023\/2024<\/a><\/p>\n<p>&nbsp;<\/p>\n<p><a href=\"https:\/\/blogsaverroes.juntadeandalucia.es\/iesfuentepina\/files\/2022\/10\/Ejemplos-de-proyectos-educativos.jpg\"><img loading=\"lazy\" decoding=\"async\" class=\"aligncenter wp-image-3423\" src=\"https:\/\/blogsaverroes.juntadeandalucia.es\/iesfuentepina\/files\/2022\/10\/Ejemplos-de-proyectos-educativos-1024x666.jpg\" alt=\"\" width=\"437\" height=\"284\" srcset=\"https:\/\/blogsaverroes.juntadeandalucia.es\/iesfuentepina\/files\/2022\/10\/Ejemplos-de-proyectos-educativos-1024x666.jpg 1024w, https:\/\/blogsaverroes.juntadeandalucia.es\/iesfuentepina\/files\/2022\/10\/Ejemplos-de-proyectos-educativos-300x195.jpg 300w, https:\/\/blogsaverroes.juntadeandalucia.es\/iesfuentepina\/files\/2022\/10\/Ejemplos-de-proyectos-educativos-768x500.jpg 768w, https:\/\/blogsaverroes.juntadeandalucia.es\/iesfuentepina\/files\/2022\/10\/Ejemplos-de-proyectos-educativos.jpg 1200w\" sizes=\"(max-width: 437px) 100vw, 437px\" \/><\/a><\/p>\n","protected":false},"excerpt":{"rendered":"<p>Toda la informaci\u00f3n sobre el Proyecto de Gesti\u00f3n del Centro puedes encontrarla en: Proyecto de gesti\u00f3n del centro 2023\/2024 &nbsp;<\/p>\n","protected":false},"author":11361,"featured_media":0,"parent":0,"menu_order":0,"comment_status":"closed","ping_status":"closed","template":"","meta":{"ngg_post_thumbnail":0,"footnotes":"","_mc_calendar":[]},"aioseo_notices":[],"_links":{"self":[{"href":"https:\/\/blogsaverroes.juntadeandalucia.es\/iesfuentepina\/wp-json\/wp\/v2\/pages\/3243"}],"collection":[{"href":"https:\/\/blogsaverroes.juntadeandalucia.es\/iesfuentepina\/wp-json\/wp\/v2\/pages"}],"about":[{"href":"https:\/\/blogsaverroes.juntadeandalucia.es\/iesfuentepina\/wp-json\/wp\/v2\/types\/page"}],"author":[{"embeddable":true,"href":"https:\/\/blogsaverroes.juntadeandalucia.es\/iesfuentepina\/wp-json\/wp\/v2\/users\/11361"}],"replies":[{"embeddable":true,"href":"https:\/\/blogsaverroes.juntadeandalucia.es\/iesfuentepina\/wp-json\/wp\/v2\/comments?post=3243"}],"version-history":[{"count":7,"href":"https:\/\/blogsaverroes.juntadeandalucia.es\/iesfuentepina\/wp-json\/wp\/v2\/pages\/3243\/revisions"}],"predecessor-version":[{"id":4180,"href":"https:\/\/blogsaverroes.juntadeandalucia.es\/iesfuentepina\/wp-json\/wp\/v2\/pages\/3243\/revisions\/4180"}],"wp:attachment":[{"href":"https:\/\/blogsaverroes.juntadeandalucia.es\/iesfuentepina\/wp-json\/wp\/v2\/media?parent=3243"}],"curies":[{"name":"wp","href":"https:\/\/api.w.org\/{rel}","templated":true}]}}