{"id":3247,"date":"2021-12-28T19:50:01","date_gmt":"2021-12-28T18:50:01","guid":{"rendered":"https:\/\/blogsaverroes.juntadeandalucia.es\/iesfuentepina\/?page_id=3247"},"modified":"2024-09-08T11:45:17","modified_gmt":"2024-09-08T10:45:17","slug":"rof","status":"publish","type":"page","link":"https:\/\/blogsaverroes.juntadeandalucia.es\/iesfuentepina\/rof\/","title":{"rendered":"ROF"},"content":{"rendered":"<p style=\"text-align: justify\">Para acceder a informaci\u00f3n sobre el Reglamento de Organizaci\u00f3n y Funcionamiento de Centro puede acceder al siguiente documento (en revisi\u00f3n):<\/p>\n<p><a href=\"https:\/\/blogsaverroes.juntadeandalucia.es\/iesfuentepina\/files\/2024\/09\/REGLAMENTO-DE-ORGANIZACION-Y-FUNCIONAMIENTO-23_24.pdf\">Reglamento de organizaci\u00f3n y funcionamiento 23\/24<\/a><\/p>\n<p><a href=\"https:\/\/blogsaverroes.juntadeandalucia.es\/iesfuentepina\/files\/2024\/09\/Designer.jpeg\"><img loading=\"lazy\" decoding=\"async\" class=\"aligncenter size-full wp-image-4185\" src=\"https:\/\/blogsaverroes.juntadeandalucia.es\/iesfuentepina\/files\/2024\/09\/Designer.jpeg\" alt=\"\" width=\"1024\" height=\"1024\" srcset=\"https:\/\/blogsaverroes.juntadeandalucia.es\/iesfuentepina\/files\/2024\/09\/Designer.jpeg 1024w, https:\/\/blogsaverroes.juntadeandalucia.es\/iesfuentepina\/files\/2024\/09\/Designer-300x300.jpeg 300w, https:\/\/blogsaverroes.juntadeandalucia.es\/iesfuentepina\/files\/2024\/09\/Designer-150x150.jpeg 150w, https:\/\/blogsaverroes.juntadeandalucia.es\/iesfuentepina\/files\/2024\/09\/Designer-768x768.jpeg 768w, https:\/\/blogsaverroes.juntadeandalucia.es\/iesfuentepina\/files\/2024\/09\/Designer-80x80.jpeg 80w, https:\/\/blogsaverroes.juntadeandalucia.es\/iesfuentepina\/files\/2024\/09\/Designer-320x320.jpeg 320w\" sizes=\"(max-width: 1024px) 100vw, 1024px\" \/><\/a><\/p>\n<p>&nbsp;<\/p>\n<p>&nbsp;<\/p>\n<p>&nbsp;<\/p>\n","protected":false},"excerpt":{"rendered":"<p>Para acceder a informaci\u00f3n sobre el Reglamento de Organizaci\u00f3n y Funcionamiento de Centro puede acceder al siguiente documento (en revisi\u00f3n): Reglamento de organizaci\u00f3n y funcionamiento 23\/24 &nbsp; &nbsp; &nbsp;<\/p>\n","protected":false},"author":11361,"featured_media":0,"parent":0,"menu_order":0,"comment_status":"closed","ping_status":"closed","template":"","meta":{"ngg_post_thumbnail":0,"footnotes":"","_mc_calendar":[]},"aioseo_notices":[],"_links":{"self":[{"href":"https:\/\/blogsaverroes.juntadeandalucia.es\/iesfuentepina\/wp-json\/wp\/v2\/pages\/3247"}],"collection":[{"href":"https:\/\/blogsaverroes.juntadeandalucia.es\/iesfuentepina\/wp-json\/wp\/v2\/pages"}],"about":[{"href":"https:\/\/blogsaverroes.juntadeandalucia.es\/iesfuentepina\/wp-json\/wp\/v2\/types\/page"}],"author":[{"embeddable":true,"href":"https:\/\/blogsaverroes.juntadeandalucia.es\/iesfuentepina\/wp-json\/wp\/v2\/users\/11361"}],"replies":[{"embeddable":true,"href":"https:\/\/blogsaverroes.juntadeandalucia.es\/iesfuentepina\/wp-json\/wp\/v2\/comments?post=3247"}],"version-history":[{"count":7,"href":"https:\/\/blogsaverroes.juntadeandalucia.es\/iesfuentepina\/wp-json\/wp\/v2\/pages\/3247\/revisions"}],"predecessor-version":[{"id":4186,"href":"https:\/\/blogsaverroes.juntadeandalucia.es\/iesfuentepina\/wp-json\/wp\/v2\/pages\/3247\/revisions\/4186"}],"wp:attachment":[{"href":"https:\/\/blogsaverroes.juntadeandalucia.es\/iesfuentepina\/wp-json\/wp\/v2\/media?parent=3247"}],"curies":[{"name":"wp","href":"https:\/\/api.w.org\/{rel}","templated":true}]}}