{"id":3471,"date":"2022-10-24T11:50:17","date_gmt":"2022-10-24T10:50:17","guid":{"rendered":"https:\/\/blogsaverroes.juntadeandalucia.es\/iesfuentepina\/?page_id=3471"},"modified":"2024-05-07T09:08:00","modified_gmt":"2024-05-07T08:08:00","slug":"proa-transformate","status":"publish","type":"page","link":"https:\/\/blogsaverroes.juntadeandalucia.es\/iesfuentepina\/proa-transformate\/","title":{"rendered":"PROA"},"content":{"rendered":"<p style=\"text-align: center\"><strong>PROGRAMACI\u00d3N DE ACOMPA\u00d1AMIENTO ESCOLAR<\/strong><\/p>\n<p style=\"text-align: left\">El acompa\u00f1amiento escolar es una actuaci\u00f3n dirigida a mejorar la adquisici\u00f3n de las competencias clave, especialmente en comunicaci\u00f3n ling\u00fc\u00edstica y razonamiento matem\u00e1tico, del alumnado con necesidades espec\u00edficas de apoyo educativo que precisa acciones de car\u00e1cter compensatorio.<br \/>\nPor tanto, se concibe como una medida motivadora, a la vez que favorecedora del \u00e9xito escolar, as\u00ed como una importante v\u00eda para la prevenci\u00f3n del absentismo y abandono escolar temprano.<\/p>\n<p>Puedes consultar la programaci\u00f3n del programa en, <a href=\"https:\/\/blogsaverroes.juntadeandalucia.es\/iesfuentepina\/files\/2024\/05\/Programacion-PROA.pdf\">Programaci\u00f3n PROA.<\/a><\/p>\n<p>&nbsp;<\/p>\n<p><a href=\"https:\/\/blogsaverroes.juntadeandalucia.es\/iesfuentepina\/files\/2024\/05\/Cartel-PROA.png\"><img loading=\"lazy\" decoding=\"async\" class=\"aligncenter size-large wp-image-4022\" src=\"https:\/\/blogsaverroes.juntadeandalucia.es\/iesfuentepina\/files\/2024\/05\/Cartel-PROA-724x1024.png\" alt=\"\" width=\"724\" height=\"1024\" srcset=\"https:\/\/blogsaverroes.juntadeandalucia.es\/iesfuentepina\/files\/2024\/05\/Cartel-PROA-724x1024.png 724w, https:\/\/blogsaverroes.juntadeandalucia.es\/iesfuentepina\/files\/2024\/05\/Cartel-PROA-212x300.png 212w, https:\/\/blogsaverroes.juntadeandalucia.es\/iesfuentepina\/files\/2024\/05\/Cartel-PROA-768x1086.png 768w, https:\/\/blogsaverroes.juntadeandalucia.es\/iesfuentepina\/files\/2024\/05\/Cartel-PROA-1086x1536.png 1086w, https:\/\/blogsaverroes.juntadeandalucia.es\/iesfuentepina\/files\/2024\/05\/Cartel-PROA-1448x2048.png 1448w, https:\/\/blogsaverroes.juntadeandalucia.es\/iesfuentepina\/files\/2024\/05\/Cartel-PROA.png 1587w\" sizes=\"(max-width: 724px) 100vw, 724px\" \/><\/a><\/p>\n","protected":false},"excerpt":{"rendered":"<p>PROGRAMACI\u00d3N DE ACOMPA\u00d1AMIENTO ESCOLAR El acompa\u00f1amiento escolar es una actuaci\u00f3n dirigida a mejorar la adquisici\u00f3n de las competencias clave, especialmente en comunicaci\u00f3n ling\u00fc\u00edstica y razonamiento matem\u00e1tico, del alumnado con necesidades espec\u00edficas de apoyo educativo&#46;&#46;&#46;<\/p>\n","protected":false},"author":11361,"featured_media":0,"parent":0,"menu_order":0,"comment_status":"closed","ping_status":"closed","template":"","meta":{"ngg_post_thumbnail":0,"footnotes":"","_mc_calendar":[]},"aioseo_notices":[],"_links":{"self":[{"href":"https:\/\/blogsaverroes.juntadeandalucia.es\/iesfuentepina\/wp-json\/wp\/v2\/pages\/3471"}],"collection":[{"href":"https:\/\/blogsaverroes.juntadeandalucia.es\/iesfuentepina\/wp-json\/wp\/v2\/pages"}],"about":[{"href":"https:\/\/blogsaverroes.juntadeandalucia.es\/iesfuentepina\/wp-json\/wp\/v2\/types\/page"}],"author":[{"embeddable":true,"href":"https:\/\/blogsaverroes.juntadeandalucia.es\/iesfuentepina\/wp-json\/wp\/v2\/users\/11361"}],"replies":[{"embeddable":true,"href":"https:\/\/blogsaverroes.juntadeandalucia.es\/iesfuentepina\/wp-json\/wp\/v2\/comments?post=3471"}],"version-history":[{"count":4,"href":"https:\/\/blogsaverroes.juntadeandalucia.es\/iesfuentepina\/wp-json\/wp\/v2\/pages\/3471\/revisions"}],"predecessor-version":[{"id":4031,"href":"https:\/\/blogsaverroes.juntadeandalucia.es\/iesfuentepina\/wp-json\/wp\/v2\/pages\/3471\/revisions\/4031"}],"wp:attachment":[{"href":"https:\/\/blogsaverroes.juntadeandalucia.es\/iesfuentepina\/wp-json\/wp\/v2\/media?parent=3471"}],"curies":[{"name":"wp","href":"https:\/\/api.w.org\/{rel}","templated":true}]}}