{"id":35,"date":"2015-03-13T08:21:43","date_gmt":"2015-03-13T08:21:43","guid":{"rendered":"http:\/\/blogsaverroes.juntadeandalucia.es\/pre\/ceip\/?page_id=35"},"modified":"2022-10-21T11:29:08","modified_gmt":"2022-10-21T10:29:08","slug":"el-centro-2","status":"publish","type":"page","link":"https:\/\/blogsaverroes.juntadeandalucia.es\/iesfuentepina\/el-centro-2\/","title":{"rendered":"Nuestra Historia"},"content":{"rendered":"<h4 style=\"text-align: justify\">NUESTRA HISTORIA<\/h4>\n<p style=\"text-align: justify\">El I.E.S Fuentepi\u00f1a, es un centro educativo que fue inaugurado en 1982 siendo considerado entonces como el segundo institudo m\u00e1s grande la provincia de Huelva.<\/p>\n<p style=\"text-align: justify\"><span class=\"st\">Nuestro centro se encuentra ubicado en la Capital onubense, en concreto en una zona perif\u00e9rica en expansi\u00f3n actualmente debido a las recientes construcciones residenciales en el entorno. <\/span><\/p>\n<p style=\"text-align: justify\"><span class=\"st\">Fuentepi\u00f1a, nace como centro de educaci\u00f3n secundaria, bachillerato y Formaci\u00f3n profesional, y se nombra con este nombre en honor a la casa de verano del poeta Juan Ram\u00f3n Jim\u00e9nez, casa en cuyas ceercanias decidi\u00f3 enterrar a Platero bajo un pino centenario.<\/span><\/p>\n<p style=\"text-align: justify\"><span class=\"st\">En nuestro centro se imparten clases de Secundaria, Bachillerato y formaci\u00f3n profesional b\u00e1sica, de grado medio y grado superior, adem\u00e1s del curso de especializaci\u00f3n en cultivos celulares (CC). En Fuentepi\u00f1a tambi\u00e9n se desarrollan pruebas de acceso a ciclos en la opci\u00f3n C, pruebas libres de E.S.O. y pruebas libres para la obtenci\u00f3n del t\u00edtulo de t\u00e9cnico en Cuidados Auxiliares de Enfermer\u00eda.<\/span><\/p>\n<p style=\"text-align: justify\">A lo largo de toda nuestra historia nuestra filosof\u00eda siempre ha sido educar en valores y formar a personas, y profesionales preparados para la sociedad del momento, por ello si crees que nuestra oferta formativa y tus necesidades encajan no dudes en pedirnos informaci\u00f3n, ya que encantados te ayudaremos.&nbsp;<\/p>\n<p><a href=\"https:\/\/blogsaverroes.juntadeandalucia.es\/iesfuentepina\/files\/2022\/10\/IES-Fuentepina-Huelva_1652544957_151207419_667x375.jpg\"><img loading=\"lazy\" decoding=\"async\" class=\"aligncenter wp-image-3428\" src=\"https:\/\/blogsaverroes.juntadeandalucia.es\/iesfuentepina\/files\/2022\/10\/IES-Fuentepina-Huelva_1652544957_151207419_667x375.jpg\" alt=\"\" width=\"356\" height=\"200\" srcset=\"https:\/\/blogsaverroes.juntadeandalucia.es\/iesfuentepina\/files\/2022\/10\/IES-Fuentepina-Huelva_1652544957_151207419_667x375.jpg 667w, https:\/\/blogsaverroes.juntadeandalucia.es\/iesfuentepina\/files\/2022\/10\/IES-Fuentepina-Huelva_1652544957_151207419_667x375-300x169.jpg 300w\" sizes=\"(max-width: 356px) 100vw, 356px\" \/><\/a><\/p>\n","protected":false},"excerpt":{"rendered":"<p>NUESTRA HISTORIA El I.E.S Fuentepi\u00f1a, es un centro educativo que fue inaugurado en 1982 siendo considerado entonces como el segundo institudo m\u00e1s grande la provincia de Huelva. Nuestro centro se encuentra ubicado en la&#46;&#46;&#46;<\/p>\n","protected":false},"author":1,"featured_media":2686,"parent":0,"menu_order":0,"comment_status":"closed","ping_status":"open","template":"page-scs.php","meta":{"ngg_post_thumbnail":0,"footnotes":"","_mc_calendar":[]},"aioseo_notices":[],"_links":{"self":[{"href":"https:\/\/blogsaverroes.juntadeandalucia.es\/iesfuentepina\/wp-json\/wp\/v2\/pages\/35"}],"collection":[{"href":"https:\/\/blogsaverroes.juntadeandalucia.es\/iesfuentepina\/wp-json\/wp\/v2\/pages"}],"about":[{"href":"https:\/\/blogsaverroes.juntadeandalucia.es\/iesfuentepina\/wp-json\/wp\/v2\/types\/page"}],"author":[{"embeddable":true,"href":"https:\/\/blogsaverroes.juntadeandalucia.es\/iesfuentepina\/wp-json\/wp\/v2\/users\/1"}],"replies":[{"embeddable":true,"href":"https:\/\/blogsaverroes.juntadeandalucia.es\/iesfuentepina\/wp-json\/wp\/v2\/comments?post=35"}],"version-history":[{"count":35,"href":"https:\/\/blogsaverroes.juntadeandalucia.es\/iesfuentepina\/wp-json\/wp\/v2\/pages\/35\/revisions"}],"predecessor-version":[{"id":3447,"href":"https:\/\/blogsaverroes.juntadeandalucia.es\/iesfuentepina\/wp-json\/wp\/v2\/pages\/35\/revisions\/3447"}],"wp:featuredmedia":[{"embeddable":true,"href":"https:\/\/blogsaverroes.juntadeandalucia.es\/iesfuentepina\/wp-json\/wp\/v2\/media\/2686"}],"wp:attachment":[{"href":"https:\/\/blogsaverroes.juntadeandalucia.es\/iesfuentepina\/wp-json\/wp\/v2\/media?parent=35"}],"curies":[{"name":"wp","href":"https:\/\/api.w.org\/{rel}","templated":true}]}}