{"id":3560,"date":"2023-03-23T12:34:39","date_gmt":"2023-03-23T11:34:39","guid":{"rendered":"https:\/\/blogsaverroes.juntadeandalucia.es\/iesfuentepina\/?page_id=3560"},"modified":"2023-06-13T16:05:14","modified_gmt":"2023-06-13T15:05:14","slug":"orientacion","status":"publish","type":"page","link":"https:\/\/blogsaverroes.juntadeandalucia.es\/iesfuentepina\/orientacion\/","title":{"rendered":"Orientaci\u00f3n"},"content":{"rendered":"<p><a href=\"https:\/\/blogsaverroes.juntadeandalucia.es\/iesfuentepina\/files\/2023\/06\/descarga-2.jpg\"><img loading=\"lazy\" decoding=\"async\" class=\" wp-image-3702 alignleft\" src=\"https:\/\/blogsaverroes.juntadeandalucia.es\/iesfuentepina\/files\/2023\/06\/descarga-2.jpg\" alt=\"\" width=\"348\" height=\"206\"><\/a><\/p>\n<h5>&nbsp;<\/h5>\n<h5 style=\"text-align: center\"><em><strong>DEPARTAMENTO DE ORIENTACI\u00d3N&nbsp;<\/strong><\/em><\/h5>\n<h5 class=\"iw\" style=\"text-align: center\"><em><strong><span class=\"qu\" role=\"gridcell\"><span class=\"gD\" data-hovercard-id=\"amarmon923@g.educaand.es\" data-hovercard-owner-id=\"87\">Ariadna Mar\u00eda Mart\u00edn Montilla<\/span><\/span><\/strong><\/em><\/h5>\n","protected":false},"excerpt":{"rendered":"<p>&nbsp; DEPARTAMENTO DE ORIENTACI\u00d3N&nbsp; Ariadna Mar\u00eda Mart\u00edn Montilla<\/p>\n","protected":false},"author":11361,"featured_media":0,"parent":0,"menu_order":0,"comment_status":"closed","ping_status":"closed","template":"","meta":{"ngg_post_thumbnail":0,"footnotes":"","_mc_calendar":[]},"aioseo_notices":[],"_links":{"self":[{"href":"https:\/\/blogsaverroes.juntadeandalucia.es\/iesfuentepina\/wp-json\/wp\/v2\/pages\/3560"}],"collection":[{"href":"https:\/\/blogsaverroes.juntadeandalucia.es\/iesfuentepina\/wp-json\/wp\/v2\/pages"}],"about":[{"href":"https:\/\/blogsaverroes.juntadeandalucia.es\/iesfuentepina\/wp-json\/wp\/v2\/types\/page"}],"author":[{"embeddable":true,"href":"https:\/\/blogsaverroes.juntadeandalucia.es\/iesfuentepina\/wp-json\/wp\/v2\/users\/11361"}],"replies":[{"embeddable":true,"href":"https:\/\/blogsaverroes.juntadeandalucia.es\/iesfuentepina\/wp-json\/wp\/v2\/comments?post=3560"}],"version-history":[{"count":6,"href":"https:\/\/blogsaverroes.juntadeandalucia.es\/iesfuentepina\/wp-json\/wp\/v2\/pages\/3560\/revisions"}],"predecessor-version":[{"id":3705,"href":"https:\/\/blogsaverroes.juntadeandalucia.es\/iesfuentepina\/wp-json\/wp\/v2\/pages\/3560\/revisions\/3705"}],"wp:attachment":[{"href":"https:\/\/blogsaverroes.juntadeandalucia.es\/iesfuentepina\/wp-json\/wp\/v2\/media?parent=3560"}],"curies":[{"name":"wp","href":"https:\/\/api.w.org\/{rel}","templated":true}]}}