{"id":3655,"date":"2023-06-07T08:13:21","date_gmt":"2023-06-07T07:13:21","guid":{"rendered":"https:\/\/blogsaverroes.juntadeandalucia.es\/iesfuentepina\/?page_id=3655"},"modified":"2024-05-24T09:15:40","modified_gmt":"2024-05-24T08:15:40","slug":"certificados","status":"publish","type":"page","link":"https:\/\/blogsaverroes.juntadeandalucia.es\/iesfuentepina\/secretaria\/certificados\/","title":{"rendered":"Certificados"},"content":{"rendered":"<p style=\"text-align: justify\">Para solicitar un certificado se deber\u00e1 enviar un correo electr\u00f3nico a la direcci\u00f3n <strong>21003712.administracion@g.educaand.es<\/strong> con los siguientes datos:<\/p>\n<ul style=\"list-style-type: square\">\n<li style=\"text-align: justify\">Nombre y apellidos de la persona a la que se va a expedir el certificado<\/li>\n<li style=\"text-align: justify\">DNI de la persona a la que se va a expedir el certificado.<\/li>\n<li style=\"text-align: justify\">Curso en el que est\u00e1 matriculado la persona a la que se va expedir el certificado o ense\u00f1anzas cursadas en el centro.<\/li>\n<li style=\"text-align: justify\">A\u00f1o de finalizaci\u00f3n de estudios en el centro (s\u00f3lo para aquellos alumnos que hayan terminado una ense\u00f1anza).<\/li>\n<li style=\"text-align: justify\">N\u00famero de tel\u00e9fono.<\/li>\n<li style=\"text-align: justify\">Se deber\u00e1 indicar el tipo de certificado que se solicita:<\/li>\n<\/ul>\n<ul>\n<li style=\"list-style-type: none\">\n<ul style=\"list-style-type: disc\">\n<li><strong>Certificaci\u00f3n acad\u00e9mica del expediente<\/strong><\/li>\n<li><strong>Certificado de matr\u00edcula en un curso.<\/strong><\/li>\n<li><strong>Certificaci\u00f3n acad\u00e9mica oficial para la obtenci\u00f3n del T\u00edtulo de FP (Anexo XI)<\/strong><\/li>\n<li><strong>Certificado de T\u00edtulo por extrav\u00edo<\/strong><\/li>\n<li><strong>Certificado de T\u00edtulo no recibido.<\/strong><\/li>\n<\/ul>\n<\/li>\n<\/ul>\n<ul style=\"list-style-type: square\">\n<li>Debe indicar c\u00f3mo desea obtener el certificado solicitado:<\/li>\n<\/ul>\n<ul>\n<li style=\"list-style-type: none\">\n<ul>\n<li><strong>Recogida presencial en ventanilla<\/strong><\/li>\n<li><strong>Env\u00edo por correo electr\u00f3nico (debe indicar a qu\u00e9 direcci\u00f3n de correo electr\u00f3nico se lo debemos enviar)<\/strong><\/li>\n<\/ul>\n<\/li>\n<\/ul>\n<p>&nbsp;<\/p>\n<p style=\"text-align: justify\"><strong>IMPORTANTE<\/strong>: Ser\u00e1 obligatorio adjuntar en el correo fotocopia del DNI de la persona para la que se expide el certificado, con el fin de cumplir con la Protecci\u00f3n de Datos. SOLO POR LA PARTE DELANTERA.<\/p>\n<p style=\"text-align: justify\">El certificado solicitado estar\u00e1 disponible en un plazo M\u00cdNIMO de 5 d\u00edas h\u00e1biles, si realiz\u00f3 sus estudios en el a\u00f1o acad\u00e9mico 2005\/2006 o posterior. Si realiz\u00f3 sus estudios en un curso acad\u00e9mico anterior al 2005\/2006, el certificado estar\u00e1 disponible en un plazo M\u00cdNIMO&nbsp;de 2 semanas.<\/p>\n<p>Para enviar un correo de forma m\u00e1s \u00e1gil puedes escanear el siguiente QR:<\/p>\n<p><a href=\"https:\/\/blogsaverroes.juntadeandalucia.es\/iesfuentepina\/files\/2022\/11\/qr-code-correo-administracion.png\"><img loading=\"lazy\" decoding=\"async\" class=\"aligncenter wp-image-3481\" src=\"https:\/\/blogsaverroes.juntadeandalucia.es\/iesfuentepina\/files\/2022\/11\/qr-code-correo-administracion-1024x1024.png\" alt=\"\" width=\"144\" height=\"144\" srcset=\"https:\/\/blogsaverroes.juntadeandalucia.es\/iesfuentepina\/files\/2022\/11\/qr-code-correo-administracion-1024x1024.png 1024w, https:\/\/blogsaverroes.juntadeandalucia.es\/iesfuentepina\/files\/2022\/11\/qr-code-correo-administracion-300x300.png 300w, https:\/\/blogsaverroes.juntadeandalucia.es\/iesfuentepina\/files\/2022\/11\/qr-code-correo-administracion-150x150.png 150w, https:\/\/blogsaverroes.juntadeandalucia.es\/iesfuentepina\/files\/2022\/11\/qr-code-correo-administracion-768x768.png 768w, https:\/\/blogsaverroes.juntadeandalucia.es\/iesfuentepina\/files\/2022\/11\/qr-code-correo-administracion.png 1113w\" sizes=\"(max-width: 144px) 100vw, 144px\" \/><\/a><\/p>\n","protected":false},"excerpt":{"rendered":"<p>Para solicitar un certificado se deber\u00e1 enviar un correo electr\u00f3nico a la direcci\u00f3n 21003712.administracion@g.educaand.es con los siguientes datos: Nombre y apellidos de la persona a la que se va a expedir el certificado DNI&#46;&#46;&#46;<\/p>\n","protected":false},"author":11361,"featured_media":0,"parent":77,"menu_order":2,"comment_status":"closed","ping_status":"closed","template":"","meta":{"ngg_post_thumbnail":0,"footnotes":"","_mc_calendar":[]},"aioseo_notices":[],"_links":{"self":[{"href":"https:\/\/blogsaverroes.juntadeandalucia.es\/iesfuentepina\/wp-json\/wp\/v2\/pages\/3655"}],"collection":[{"href":"https:\/\/blogsaverroes.juntadeandalucia.es\/iesfuentepina\/wp-json\/wp\/v2\/pages"}],"about":[{"href":"https:\/\/blogsaverroes.juntadeandalucia.es\/iesfuentepina\/wp-json\/wp\/v2\/types\/page"}],"author":[{"embeddable":true,"href":"https:\/\/blogsaverroes.juntadeandalucia.es\/iesfuentepina\/wp-json\/wp\/v2\/users\/11361"}],"replies":[{"embeddable":true,"href":"https:\/\/blogsaverroes.juntadeandalucia.es\/iesfuentepina\/wp-json\/wp\/v2\/comments?post=3655"}],"version-history":[{"count":7,"href":"https:\/\/blogsaverroes.juntadeandalucia.es\/iesfuentepina\/wp-json\/wp\/v2\/pages\/3655\/revisions"}],"predecessor-version":[{"id":4072,"href":"https:\/\/blogsaverroes.juntadeandalucia.es\/iesfuentepina\/wp-json\/wp\/v2\/pages\/3655\/revisions\/4072"}],"up":[{"embeddable":true,"href":"https:\/\/blogsaverroes.juntadeandalucia.es\/iesfuentepina\/wp-json\/wp\/v2\/pages\/77"}],"wp:attachment":[{"href":"https:\/\/blogsaverroes.juntadeandalucia.es\/iesfuentepina\/wp-json\/wp\/v2\/media?parent=3655"}],"curies":[{"name":"wp","href":"https:\/\/api.w.org\/{rel}","templated":true}]}}