{"id":3795,"date":"2023-11-08T14:42:45","date_gmt":"2023-11-08T13:42:45","guid":{"rendered":"https:\/\/blogsaverroes.juntadeandalucia.es\/iesfuentepina\/?page_id=3795"},"modified":"2026-04-14T12:12:50","modified_gmt":"2026-04-14T11:12:50","slug":"consulta-certificacion-academica-oficial-de-modulos-profesionales-superados","status":"publish","type":"page","link":"https:\/\/blogsaverroes.juntadeandalucia.es\/iesfuentepina\/secretaria\/consulta-certificacion-academica-oficial-de-modulos-profesionales-superados\/","title":{"rendered":"Consulta Certificaci\u00f3n Acad\u00e9mica Oficial de m\u00f3dulos profesionales superados"},"content":{"rendered":"<h2>En espera de publicaci\u00f3n de nueva normativa.<\/h2>\n<h3 class=\"panel-title\">&nbsp;<\/h3>\n","protected":false},"excerpt":{"rendered":"<p>En espera de publicaci\u00f3n de nueva normativa. &nbsp;<\/p>\n","protected":false},"author":11361,"featured_media":0,"parent":77,"menu_order":5,"comment_status":"closed","ping_status":"closed","template":"","meta":{"ngg_post_thumbnail":0,"footnotes":"","_mc_calendar":[]},"aioseo_notices":[],"_links":{"self":[{"href":"https:\/\/blogsaverroes.juntadeandalucia.es\/iesfuentepina\/wp-json\/wp\/v2\/pages\/3795"}],"collection":[{"href":"https:\/\/blogsaverroes.juntadeandalucia.es\/iesfuentepina\/wp-json\/wp\/v2\/pages"}],"about":[{"href":"https:\/\/blogsaverroes.juntadeandalucia.es\/iesfuentepina\/wp-json\/wp\/v2\/types\/page"}],"author":[{"embeddable":true,"href":"https:\/\/blogsaverroes.juntadeandalucia.es\/iesfuentepina\/wp-json\/wp\/v2\/users\/11361"}],"replies":[{"embeddable":true,"href":"https:\/\/blogsaverroes.juntadeandalucia.es\/iesfuentepina\/wp-json\/wp\/v2\/comments?post=3795"}],"version-history":[{"count":8,"href":"https:\/\/blogsaverroes.juntadeandalucia.es\/iesfuentepina\/wp-json\/wp\/v2\/pages\/3795\/revisions"}],"predecessor-version":[{"id":4816,"href":"https:\/\/blogsaverroes.juntadeandalucia.es\/iesfuentepina\/wp-json\/wp\/v2\/pages\/3795\/revisions\/4816"}],"up":[{"embeddable":true,"href":"https:\/\/blogsaverroes.juntadeandalucia.es\/iesfuentepina\/wp-json\/wp\/v2\/pages\/77"}],"wp:attachment":[{"href":"https:\/\/blogsaverroes.juntadeandalucia.es\/iesfuentepina\/wp-json\/wp\/v2\/media?parent=3795"}],"curies":[{"name":"wp","href":"https:\/\/api.w.org\/{rel}","templated":true}]}}