{"id":3814,"date":"2023-11-10T12:16:29","date_gmt":"2023-11-10T11:16:29","guid":{"rendered":"https:\/\/blogsaverroes.juntadeandalucia.es\/iesfuentepina\/?page_id=3814"},"modified":"2023-11-10T12:17:00","modified_gmt":"2023-11-10T11:17:00","slug":"quimica","status":"publish","type":"page","link":"https:\/\/blogsaverroes.juntadeandalucia.es\/iesfuentepina\/familias-profesionales\/quimica\/","title":{"rendered":"Qu\u00edmica"},"content":{"rendered":"<p style=\"text-align: justify\">En el departamento desarrollamos la ense\u00f1anzas de Formaci\u00f3n Profesional Espec\u00edfica que se denomina curso de especializaci\u00f3n en cultivos celulares.<\/p>\n<p>Los cursos de especializaci\u00f3n complementan y profundizan en las competencias de quienes ya disponen de un t\u00edtulo de formaci\u00f3n profesional.<\/p>\n<p>Est\u00e1n destinados a&nbsp;<strong>titulados en Ciclos Formativos de Grado Medio o Superior<\/strong>. Tienen una duraci\u00f3n de un curso escolar, entre 300 y 900 horas.<\/p>\n<p>Algunos de los cursos de especializaci\u00f3n incluyen un m\u00f3dulo profesional de Formaci\u00f3n en Centros de Trabajo (FCT), donde se ponen en pr\u00e1ctica los conocimientos que se han adquirido en un entorno real.<\/p>\n<p>Al finalizar estos estudios obtendr\u00e1s un&nbsp;<strong>T\u00cdTULO DE ESPECIALISTA&nbsp;<\/strong>para los Cursos de Especializaci\u00f3n de Grado Medio y&nbsp;<strong>T\u00cdTULO DE M\u00c1STER DE FORMACI\u00d3N PROFESIONAL<\/strong>&nbsp;para los Cursos de Especializaci\u00f3n de Grado Superior. Efectivo a partir del curso 2024-2025, sin perjuicio de su aplicaci\u00f3n en el curso 2023-2024 a criterio de las administraciones competentes (<a href=\"http:\/\/https\/\/www.boe.es\/eli\/es\/lo\/2022\/03\/31\/3\/con\" target=\"_blank\" rel=\"noopener noreferrer\">Real Decreto 659\/2023 de 18 de julio<\/a>).<\/p>\n<p>&nbsp;<\/p>\n<p>La competencia general de este Curso de Especializaci\u00f3n consiste en obtener, procesar y preservar cultivos celulares y tisulares, para que sirvan como soporte al diagn\u00f3stico, a los ensayos terap\u00e9uticos, a la b\u00fasqueda de medicamentos, a la creaci\u00f3n y mantenimiento de bancos celulares, a la investigaci\u00f3n y a otros campos de inter\u00e9s, manteniendo las instalaciones y equipos involucrados en los procesos y cumpliendo con las especificaciones de calidad, prevenci\u00f3n de riesgos y protecci\u00f3n medioambiental.<\/p>\n<div id=\"p_p_id_ABACO_WEB_WAR_abacoportlet_\" class=\"portlet-boundary portlet-boundary_ABACO_WEB_WAR_abacoportlet_ portlet-static portlet-static-end \">\n<section id=\"portlet_ABACO_WEB_WAR_abacoportlet\" class=\"portlet\">\n<header class=\"portlet-topper\">\n<h1 class=\"portlet-title\"><span class=\"portlet-title-text\">M\u00f3dulos Profesionales<\/span><\/h1>\n<\/header>\n<\/section>\n<\/div>\n<div class=\"portlet-boundary portlet-boundary_ABACO_ENLACESINTERES_WAR_abacoportlet_ portlet-static portlet-static-end \">\n<div class=\"portlet-borderless-container\">\n<div class=\"portlet-body\">\n<div class=\"content_enlaces bordeLineaSolida opened\">\n<table class=\"tableModulos\">\n<thead>\n<tr>\n<th>Cod.<\/th>\n<th>M\u00f3dulo<\/th>\n<th>H.SEM.<\/th>\n<th>H.TOT.<\/th>\n<\/tr>\n<\/thead>\n<tbody>\n<tr>\n<td>5005<\/td>\n<td>Aplicaciones de Cultivos celulares<\/td>\n<td>3<\/td>\n<td>90<\/td>\n<\/tr>\n<tr>\n<td>5001<\/td>\n<td>Cultivos Celulares<\/td>\n<td>5<\/td>\n<td>150<\/td>\n<\/tr>\n<tr>\n<td>5006<\/td>\n<td>Formaci\u00f3n en Centros de Trabajo<\/td>\n<td>0<\/td>\n<td>120<\/td>\n<\/tr>\n<tr>\n<td>5004<\/td>\n<td>Laboratorio de Cultivos Celulares<\/td>\n<td>2<\/td>\n<td>60<\/td>\n<\/tr>\n<tr>\n<td>5003<\/td>\n<td>Normas de Calidad y Regulaci\u00f3n Aplicables a Cultivos celulares<\/td>\n<td>2<\/td>\n<td>60<\/td>\n<\/tr>\n<tr>\n<td>5002<\/td>\n<td>T\u00e9cnicas Complementarias en Cultivos Celulares<\/td>\n<td>4<\/td>\n<td>120<\/td>\n<\/tr>\n<\/tbody>\n<\/table>\n<\/div>\n<\/div>\n<\/div>\n<\/div>\n<p>&nbsp;<\/p>\n","protected":false},"excerpt":{"rendered":"<p>En el departamento desarrollamos la ense\u00f1anzas de Formaci\u00f3n Profesional Espec\u00edfica que se denomina curso de especializaci\u00f3n en cultivos celulares. Los cursos de especializaci\u00f3n complementan y profundizan en las competencias de quienes ya disponen de&#46;&#46;&#46;<\/p>\n","protected":false},"author":11361,"featured_media":0,"parent":3403,"menu_order":0,"comment_status":"closed","ping_status":"closed","template":"","meta":{"ngg_post_thumbnail":0,"footnotes":"","_mc_calendar":[]},"aioseo_notices":[],"_links":{"self":[{"href":"https:\/\/blogsaverroes.juntadeandalucia.es\/iesfuentepina\/wp-json\/wp\/v2\/pages\/3814"}],"collection":[{"href":"https:\/\/blogsaverroes.juntadeandalucia.es\/iesfuentepina\/wp-json\/wp\/v2\/pages"}],"about":[{"href":"https:\/\/blogsaverroes.juntadeandalucia.es\/iesfuentepina\/wp-json\/wp\/v2\/types\/page"}],"author":[{"embeddable":true,"href":"https:\/\/blogsaverroes.juntadeandalucia.es\/iesfuentepina\/wp-json\/wp\/v2\/users\/11361"}],"replies":[{"embeddable":true,"href":"https:\/\/blogsaverroes.juntadeandalucia.es\/iesfuentepina\/wp-json\/wp\/v2\/comments?post=3814"}],"version-history":[{"count":1,"href":"https:\/\/blogsaverroes.juntadeandalucia.es\/iesfuentepina\/wp-json\/wp\/v2\/pages\/3814\/revisions"}],"predecessor-version":[{"id":3815,"href":"https:\/\/blogsaverroes.juntadeandalucia.es\/iesfuentepina\/wp-json\/wp\/v2\/pages\/3814\/revisions\/3815"}],"up":[{"embeddable":true,"href":"https:\/\/blogsaverroes.juntadeandalucia.es\/iesfuentepina\/wp-json\/wp\/v2\/pages\/3403"}],"wp:attachment":[{"href":"https:\/\/blogsaverroes.juntadeandalucia.es\/iesfuentepina\/wp-json\/wp\/v2\/media?parent=3814"}],"curies":[{"name":"wp","href":"https:\/\/api.w.org\/{rel}","templated":true}]}}