{"id":3820,"date":"2023-11-14T09:51:32","date_gmt":"2023-11-14T08:51:32","guid":{"rendered":"https:\/\/blogsaverroes.juntadeandalucia.es\/iesfuentepina\/?page_id=3820"},"modified":"2023-11-14T09:51:32","modified_gmt":"2023-11-14T08:51:32","slug":"venator","status":"publish","type":"page","link":"https:\/\/blogsaverroes.juntadeandalucia.es\/iesfuentepina\/ofertas-de-empleo\/venator\/","title":{"rendered":"Venator"},"content":{"rendered":"<p><a href=\"https:\/\/blogsaverroes.juntadeandalucia.es\/iesfuentepina\/files\/2023\/11\/Venator.jpg\"><img loading=\"lazy\" decoding=\"async\" class=\"aligncenter size-full wp-image-3822\" src=\"https:\/\/blogsaverroes.juntadeandalucia.es\/iesfuentepina\/files\/2023\/11\/Venator.jpg\" alt=\"\" width=\"555\" height=\"149\" srcset=\"https:\/\/blogsaverroes.juntadeandalucia.es\/iesfuentepina\/files\/2023\/11\/Venator.jpg 555w, https:\/\/blogsaverroes.juntadeandalucia.es\/iesfuentepina\/files\/2023\/11\/Venator-300x81.jpg 300w\" sizes=\"(max-width: 555px) 100vw, 555px\" \/><\/a><\/p>\n<p>Es una compa\u00f1\u00eda qu\u00edmica global y l\u00edder en la fabricaci\u00f3n de pigmentos de Di\u00f3xido de Titanio (TiO2) y aditivos de rendimiento, ubicada en el Pol\u00edgono Industrial Nuevo Puerto, s\/n. 21810 Palos de la Frontera. Huelva.<\/p>\n<p>Recursos humanos est\u00e1 buscando operadores de planta, el requisito es tener una titulaci\u00f3n en un Ciclo formativo de grado superior, preferiblemente en Automoci\u00f3n, Prevenci\u00f3n de riesgos profesionales o Qu\u00edmica y salud ambiental.<\/p>\n<p>Pod\u00e9is enviar vuestro curr\u00edculo a<\/p>\n<p>Elena carrasco:&nbsp;elena_carrasco@venatorcorp.com<\/p>\n","protected":false},"excerpt":{"rendered":"<p>Es una compa\u00f1\u00eda qu\u00edmica global y l\u00edder en la fabricaci\u00f3n de pigmentos de Di\u00f3xido de Titanio (TiO2) y aditivos de rendimiento, ubicada en el Pol\u00edgono Industrial Nuevo Puerto, s\/n. 21810 Palos de la Frontera.&#46;&#46;&#46;<\/p>\n","protected":false},"author":11361,"featured_media":3821,"parent":3804,"menu_order":0,"comment_status":"closed","ping_status":"closed","template":"","meta":{"ngg_post_thumbnail":0,"footnotes":"","_mc_calendar":[]},"aioseo_notices":[],"_links":{"self":[{"href":"https:\/\/blogsaverroes.juntadeandalucia.es\/iesfuentepina\/wp-json\/wp\/v2\/pages\/3820"}],"collection":[{"href":"https:\/\/blogsaverroes.juntadeandalucia.es\/iesfuentepina\/wp-json\/wp\/v2\/pages"}],"about":[{"href":"https:\/\/blogsaverroes.juntadeandalucia.es\/iesfuentepina\/wp-json\/wp\/v2\/types\/page"}],"author":[{"embeddable":true,"href":"https:\/\/blogsaverroes.juntadeandalucia.es\/iesfuentepina\/wp-json\/wp\/v2\/users\/11361"}],"replies":[{"embeddable":true,"href":"https:\/\/blogsaverroes.juntadeandalucia.es\/iesfuentepina\/wp-json\/wp\/v2\/comments?post=3820"}],"version-history":[{"count":1,"href":"https:\/\/blogsaverroes.juntadeandalucia.es\/iesfuentepina\/wp-json\/wp\/v2\/pages\/3820\/revisions"}],"predecessor-version":[{"id":3823,"href":"https:\/\/blogsaverroes.juntadeandalucia.es\/iesfuentepina\/wp-json\/wp\/v2\/pages\/3820\/revisions\/3823"}],"up":[{"embeddable":true,"href":"https:\/\/blogsaverroes.juntadeandalucia.es\/iesfuentepina\/wp-json\/wp\/v2\/pages\/3804"}],"wp:featuredmedia":[{"embeddable":true,"href":"https:\/\/blogsaverroes.juntadeandalucia.es\/iesfuentepina\/wp-json\/wp\/v2\/media\/3821"}],"wp:attachment":[{"href":"https:\/\/blogsaverroes.juntadeandalucia.es\/iesfuentepina\/wp-json\/wp\/v2\/media?parent=3820"}],"curies":[{"name":"wp","href":"https:\/\/api.w.org\/{rel}","templated":true}]}}