{"id":4092,"date":"2024-06-07T12:45:09","date_gmt":"2024-06-07T11:45:09","guid":{"rendered":"https:\/\/blogsaverroes.juntadeandalucia.es\/iesfuentepina\/?page_id=4092"},"modified":"2024-06-07T13:02:02","modified_gmt":"2024-06-07T12:02:02","slug":"cima","status":"publish","type":"page","link":"https:\/\/blogsaverroes.juntadeandalucia.es\/iesfuentepina\/cima\/","title":{"rendered":"CIMA"},"content":{"rendered":"<p><a href=\"https:\/\/blogsaverroes.juntadeandalucia.es\/iesfuentepina\/files\/2024\/06\/Banner-CIMA.jpg\"><img loading=\"lazy\" decoding=\"async\" class=\"aligncenter size-full wp-image-4093\" src=\"https:\/\/blogsaverroes.juntadeandalucia.es\/iesfuentepina\/files\/2024\/06\/Banner-CIMA.jpg\" alt=\"\" width=\"672\" height=\"262\" srcset=\"https:\/\/blogsaverroes.juntadeandalucia.es\/iesfuentepina\/files\/2024\/06\/Banner-CIMA.jpg 672w, https:\/\/blogsaverroes.juntadeandalucia.es\/iesfuentepina\/files\/2024\/06\/Banner-CIMA-300x117.jpg 300w\" sizes=\"(max-width: 672px) 100vw, 672px\" \/><\/a><\/p>\n<p>&nbsp;<\/p>\n<p>La Consejer\u00eda de Desarrollo Educativo y Formaci\u00f3n Profesional pone a disposici\u00f3n de los centros el Programa para la Innovaci\u00f3n y la Mejora del Aprendizaje, Programa CIMA, una herramienta para el desarrollo de las pr\u00e1cticas educativas innovadoras que permite integrarlas en la planificaci\u00f3n anual y en las programaciones did\u00e1cticas del profesorado participante, y al mismo tiempo fomenta el trabajo cooperativo y reconoce al profesorado como docente<br \/>\ninnovador y al centro docente como centro innovador.<\/p>\n<p>Los cambios en la sociedad de la informaci\u00f3n y la conectividad, las investigaciones en innovaci\u00f3n y evaluaci\u00f3n educativa y la experiencia acumulada aconseja una nueva organizaci\u00f3n y un nuevo funcionamiento de los programas educativos que d\u00e9 respuesta a las necesidades actuales desde los fundamentos normativos, cient\u00edficos y pedag\u00f3gicos, as\u00ed como d\u00e9 soluci\u00f3n a las problem\u00e1ticas manifestadas por la comunidad educativa para impulsar proyectos de innovaci\u00f3n en sus centros, dotando de modelos de referencia de \u00e9xito en la pr\u00e1ctica docente.<\/p>\n<p>Con este Programa, por tanto, se pretende reforzar y consolidar una iniciativa de la Consejer\u00eda de Desarrollo Educativo y Formaci\u00f3n Profesional para situar al sistema educativo andaluz en una senda acorde con los objetivos adoptados a nivel mundial para la construcci\u00f3n de una sociedad m\u00e1s sostenible e inclusiva desde el \u00e1mbito educativo.<\/p>\n<p>&nbsp;<\/p>\n<p>M\u00e1s informaci\u00f3n en <a href=\"https:\/\/www.juntadeandalucia.es\/educacion\/eaprendizaje\/cima\/\">CIMA<\/a><\/p>\n<p><a href=\"https:\/\/blogsaverroes.juntadeandalucia.es\/iesfuentepina\/files\/2024\/06\/3.-DOSIER-CIMA-23-24.pdf\">DOSIER CIMA 23\/24<\/a><\/p>\n","protected":false},"excerpt":{"rendered":"<p>&nbsp; La Consejer\u00eda de Desarrollo Educativo y Formaci\u00f3n Profesional pone a disposici\u00f3n de los centros el Programa para la Innovaci\u00f3n y la Mejora del Aprendizaje, Programa CIMA, una herramienta para el desarrollo de las&#46;&#46;&#46;<\/p>\n","protected":false},"author":11361,"featured_media":4093,"parent":0,"menu_order":0,"comment_status":"closed","ping_status":"closed","template":"","meta":{"ngg_post_thumbnail":0,"footnotes":"","_mc_calendar":[]},"aioseo_notices":[],"_links":{"self":[{"href":"https:\/\/blogsaverroes.juntadeandalucia.es\/iesfuentepina\/wp-json\/wp\/v2\/pages\/4092"}],"collection":[{"href":"https:\/\/blogsaverroes.juntadeandalucia.es\/iesfuentepina\/wp-json\/wp\/v2\/pages"}],"about":[{"href":"https:\/\/blogsaverroes.juntadeandalucia.es\/iesfuentepina\/wp-json\/wp\/v2\/types\/page"}],"author":[{"embeddable":true,"href":"https:\/\/blogsaverroes.juntadeandalucia.es\/iesfuentepina\/wp-json\/wp\/v2\/users\/11361"}],"replies":[{"embeddable":true,"href":"https:\/\/blogsaverroes.juntadeandalucia.es\/iesfuentepina\/wp-json\/wp\/v2\/comments?post=4092"}],"version-history":[{"count":3,"href":"https:\/\/blogsaverroes.juntadeandalucia.es\/iesfuentepina\/wp-json\/wp\/v2\/pages\/4092\/revisions"}],"predecessor-version":[{"id":4104,"href":"https:\/\/blogsaverroes.juntadeandalucia.es\/iesfuentepina\/wp-json\/wp\/v2\/pages\/4092\/revisions\/4104"}],"wp:featuredmedia":[{"embeddable":true,"href":"https:\/\/blogsaverroes.juntadeandalucia.es\/iesfuentepina\/wp-json\/wp\/v2\/media\/4093"}],"wp:attachment":[{"href":"https:\/\/blogsaverroes.juntadeandalucia.es\/iesfuentepina\/wp-json\/wp\/v2\/media?parent=4092"}],"curies":[{"name":"wp","href":"https:\/\/api.w.org\/{rel}","templated":true}]}}