{"id":4274,"date":"2024-12-17T10:54:48","date_gmt":"2024-12-17T09:54:48","guid":{"rendered":"https:\/\/blogsaverroes.juntadeandalucia.es\/iesfuentepina\/?page_id=4274"},"modified":"2026-02-17T10:25:28","modified_gmt":"2026-02-17T09:25:28","slug":"pruebas-para-la-obtencion-del-titulo-de-graduado-en-eso-bach-para-personas-mayores-de-dieciocho-anos","status":"publish","type":"page","link":"https:\/\/blogsaverroes.juntadeandalucia.es\/iesfuentepina\/orientacion\/pruebas-para-la-obtencion-del-titulo-de-graduado-en-eso-bach-para-personas-mayores-de-dieciocho-anos\/","title":{"rendered":"PRUEBAS PARA LA OBTENCI\u00d3N DEL T\u00cdTULO DE GRADUADO EN ESO\/BACH PARA PERSONAS MAYORES DE DIECIOCHO A\u00d1OS"},"content":{"rendered":"<p>Instrucciones relativas a las pruebas de obtenci\u00f3n de t\u00edtulo para mayores de 18 a\u00f1os; las pruebas para la obtenci\u00f3n del t\u00edtulo de Bachiller; y el calendario de las pruebas de acceso a Ciclos Formativos. Estas pruebas <b>est\u00e1n pendientes de resoluci\u00f3n, por lo tanto, debemos estar pendiente para conocer el calendario exacto de las pruebas.<\/b><\/p>\n<p>Las fechas de inscripci\u00f3n son:<\/p>\n<ul>\n<li>Pruebas para la Obtenci\u00f3n del T\u00edtulo de Graduado ESO para mayores de 18 a\u00f1os:&nbsp;<b>3 al 17 de febrero.<\/b><\/li>\n<li>Pruebas para la obtenci\u00f3n del T\u00edtulo de Bachillerato para mayores de 20 a\u00f1os:&nbsp;<b>3 al 17 de febrero y del 13 de abril al 4 de mayo.<\/b><\/li>\n<\/ul>\n<p>&nbsp;<\/p>\n<p><!--more--><\/p>\n<p><a href=\"https:\/\/blogsaverroes.juntadeandalucia.es\/iesfuentepina\/files\/2026\/02\/POT_ESO_2526.jpg\"><img loading=\"lazy\" decoding=\"async\" class=\"aligncenter size-large wp-image-4752\" src=\"https:\/\/blogsaverroes.juntadeandalucia.es\/iesfuentepina\/files\/2026\/02\/POT_ESO_2526-724x1024.jpg\" alt=\"\" width=\"724\" height=\"1024\" srcset=\"https:\/\/blogsaverroes.juntadeandalucia.es\/iesfuentepina\/files\/2026\/02\/POT_ESO_2526-724x1024.jpg 724w, https:\/\/blogsaverroes.juntadeandalucia.es\/iesfuentepina\/files\/2026\/02\/POT_ESO_2526-212x300.jpg 212w, https:\/\/blogsaverroes.juntadeandalucia.es\/iesfuentepina\/files\/2026\/02\/POT_ESO_2526-768x1086.jpg 768w, https:\/\/blogsaverroes.juntadeandalucia.es\/iesfuentepina\/files\/2026\/02\/POT_ESO_2526-1086x1536.jpg 1086w, https:\/\/blogsaverroes.juntadeandalucia.es\/iesfuentepina\/files\/2026\/02\/POT_ESO_2526.jpg 1414w\" sizes=\"(max-width: 724px) 100vw, 724px\" \/><\/a> <a href=\"https:\/\/blogsaverroes.juntadeandalucia.es\/iesfuentepina\/files\/2026\/02\/POT_BACH_2526.jpg\"><img loading=\"lazy\" decoding=\"async\" class=\"aligncenter size-large wp-image-4753\" src=\"https:\/\/blogsaverroes.juntadeandalucia.es\/iesfuentepina\/files\/2026\/02\/POT_BACH_2526-724x1024.jpg\" alt=\"\" width=\"724\" height=\"1024\" srcset=\"https:\/\/blogsaverroes.juntadeandalucia.es\/iesfuentepina\/files\/2026\/02\/POT_BACH_2526-724x1024.jpg 724w, https:\/\/blogsaverroes.juntadeandalucia.es\/iesfuentepina\/files\/2026\/02\/POT_BACH_2526-212x300.jpg 212w, https:\/\/blogsaverroes.juntadeandalucia.es\/iesfuentepina\/files\/2026\/02\/POT_BACH_2526-768x1086.jpg 768w, https:\/\/blogsaverroes.juntadeandalucia.es\/iesfuentepina\/files\/2026\/02\/POT_BACH_2526-1086x1536.jpg 1086w, https:\/\/blogsaverroes.juntadeandalucia.es\/iesfuentepina\/files\/2026\/02\/POT_BACH_2526.jpg 1414w\" sizes=\"(max-width: 724px) 100vw, 724px\" \/><\/a><\/p>\n<p>&nbsp;<\/p>\n<p><a href=\"https:\/\/www.juntadeandalucia.es\/educacion\/portales\/web\/educacion-permanente\/servicios\/pruebas\/obtencion-titulo-eso\">PLAZOS<\/a><\/p>\n<p><a href=\"https:\/\/blogsaverroes.juntadeandalucia.es\/iesfuentepina\/files\/2026\/02\/RESUMEN_POT_ESO_2526.pdf\">RESUMEN ESO 2526<\/a><\/p>\n<p><a href=\"https:\/\/blogsaverroes.juntadeandalucia.es\/iesfuentepina\/files\/2026\/02\/RESUMEN_POT_BACH_2526.pdf\">RESUMEN POT BACH 2526<\/a><\/p>\n<p><a href=\"https:\/\/blogsaverroes.juntadeandalucia.es\/iesfuentepina\/files\/2026\/02\/RES_POT_ESO_2526.pdf\">RESOLUCI\u00d3N ESO 2526<\/a><\/p>\n<p><a href=\"https:\/\/blogsaverroes.juntadeandalucia.es\/iesfuentepina\/files\/2026\/02\/RES_POT_ESO_2526.pdf\">RESOLUCI\u00d3N <\/a><a href=\"https:\/\/blogsaverroes.juntadeandalucia.es\/iesfuentepina\/files\/2026\/02\/RES_POR_BACH_2526.pdf\">BACH 2526<\/a><\/p>\n<p>&nbsp;<\/p>\n<p>&nbsp;<\/p>\n","protected":false},"excerpt":{"rendered":"<p>Instrucciones relativas a las pruebas de obtenci\u00f3n de t\u00edtulo para mayores de 18 a\u00f1os; las pruebas para la obtenci\u00f3n del t\u00edtulo de Bachiller; y el calendario de las pruebas de acceso a Ciclos Formativos.&#46;&#46;&#46;<\/p>\n","protected":false},"author":11361,"featured_media":0,"parent":3560,"menu_order":0,"comment_status":"closed","ping_status":"closed","template":"","meta":{"ngg_post_thumbnail":0,"footnotes":"","_mc_calendar":[]},"aioseo_notices":[],"_links":{"self":[{"href":"https:\/\/blogsaverroes.juntadeandalucia.es\/iesfuentepina\/wp-json\/wp\/v2\/pages\/4274"}],"collection":[{"href":"https:\/\/blogsaverroes.juntadeandalucia.es\/iesfuentepina\/wp-json\/wp\/v2\/pages"}],"about":[{"href":"https:\/\/blogsaverroes.juntadeandalucia.es\/iesfuentepina\/wp-json\/wp\/v2\/types\/page"}],"author":[{"embeddable":true,"href":"https:\/\/blogsaverroes.juntadeandalucia.es\/iesfuentepina\/wp-json\/wp\/v2\/users\/11361"}],"replies":[{"embeddable":true,"href":"https:\/\/blogsaverroes.juntadeandalucia.es\/iesfuentepina\/wp-json\/wp\/v2\/comments?post=4274"}],"version-history":[{"count":5,"href":"https:\/\/blogsaverroes.juntadeandalucia.es\/iesfuentepina\/wp-json\/wp\/v2\/pages\/4274\/revisions"}],"predecessor-version":[{"id":4759,"href":"https:\/\/blogsaverroes.juntadeandalucia.es\/iesfuentepina\/wp-json\/wp\/v2\/pages\/4274\/revisions\/4759"}],"up":[{"embeddable":true,"href":"https:\/\/blogsaverroes.juntadeandalucia.es\/iesfuentepina\/wp-json\/wp\/v2\/pages\/3560"}],"wp:attachment":[{"href":"https:\/\/blogsaverroes.juntadeandalucia.es\/iesfuentepina\/wp-json\/wp\/v2\/media?parent=4274"}],"curies":[{"name":"wp","href":"https:\/\/api.w.org\/{rel}","templated":true}]}}