{"id":4389,"date":"2025-03-27T14:07:42","date_gmt":"2025-03-27T13:07:42","guid":{"rendered":"https:\/\/blogsaverroes.juntadeandalucia.es\/iesfuentepina\/?page_id=4389"},"modified":"2025-03-28T13:09:17","modified_gmt":"2025-03-28T12:09:17","slug":"orienta","status":"publish","type":"page","link":"https:\/\/blogsaverroes.juntadeandalucia.es\/iesfuentepina\/orientacion\/orienta\/","title":{"rendered":"Orienta"},"content":{"rendered":"<p>Ponemos a disposici\u00f3n de la comunidad escolar el programa&nbsp;<strong>\u00abEl Orienta\u00bb <\/strong>que&nbsp;intenta ayudar a alumnos y familias a detectar su vocaci\u00f3n; en qu\u00e9 son buenos acad\u00e9micamente, qu\u00e9 se les da y qu\u00e9 no, qu\u00e9 aficiones, qu\u00e9 itinerarios formativos, etc para luego lanzar un diagn\u00f3stico sobre cu\u00e1les son los estudios y profesi\u00f3n que m\u00e1s se les puede ajustar.<\/p>\n<p>Pinchando en el <a href=\"https:\/\/www.orientaline.es\/?yafxb=98607\">siguiente enlace<\/a> o escaneando el QR.<\/p>\n<p>Es un programa inform\u00e1tico \u00abOnline\u00bb que contiene informaci\u00f3n actualizada sobre:<\/p>\n<ul>\n<li>Universidad<\/li>\n<li>Otros estudios<\/li>\n<li>Cuestionarios<\/li>\n<li>LOMLOE (T\u00edtulos-Itinerarios)<\/li>\n<li>FP Superior<\/li>\n<li>FP Medio<\/li>\n<li>FP B\u00e1sica<\/li>\n<li>Informaci\u00f3n<\/li>\n<\/ul>\n<p>&nbsp;<\/p>\n<p><a href=\"https:\/\/blogsaverroes.juntadeandalucia.es\/iesfuentepina\/files\/2025\/03\/Orienta.jpg\"><img loading=\"lazy\" decoding=\"async\" class=\"aligncenter size-full wp-image-4395\" src=\"https:\/\/blogsaverroes.juntadeandalucia.es\/iesfuentepina\/files\/2025\/03\/Orienta.jpg\" alt=\"\" width=\"196\" height=\"192\"><\/a><\/p>\n","protected":false},"excerpt":{"rendered":"<p>Ponemos a disposici\u00f3n de la comunidad escolar el programa&nbsp;\u00abEl Orienta\u00bb que&nbsp;intenta ayudar a alumnos y familias a detectar su vocaci\u00f3n; en qu\u00e9 son buenos acad\u00e9micamente, qu\u00e9 se les da y qu\u00e9 no, qu\u00e9 aficiones,&#46;&#46;&#46;<\/p>\n","protected":false},"author":11361,"featured_media":0,"parent":3560,"menu_order":0,"comment_status":"closed","ping_status":"closed","template":"","meta":{"ngg_post_thumbnail":0,"footnotes":"","_mc_calendar":[]},"aioseo_notices":[],"_links":{"self":[{"href":"https:\/\/blogsaverroes.juntadeandalucia.es\/iesfuentepina\/wp-json\/wp\/v2\/pages\/4389"}],"collection":[{"href":"https:\/\/blogsaverroes.juntadeandalucia.es\/iesfuentepina\/wp-json\/wp\/v2\/pages"}],"about":[{"href":"https:\/\/blogsaverroes.juntadeandalucia.es\/iesfuentepina\/wp-json\/wp\/v2\/types\/page"}],"author":[{"embeddable":true,"href":"https:\/\/blogsaverroes.juntadeandalucia.es\/iesfuentepina\/wp-json\/wp\/v2\/users\/11361"}],"replies":[{"embeddable":true,"href":"https:\/\/blogsaverroes.juntadeandalucia.es\/iesfuentepina\/wp-json\/wp\/v2\/comments?post=4389"}],"version-history":[{"count":5,"href":"https:\/\/blogsaverroes.juntadeandalucia.es\/iesfuentepina\/wp-json\/wp\/v2\/pages\/4389\/revisions"}],"predecessor-version":[{"id":4399,"href":"https:\/\/blogsaverroes.juntadeandalucia.es\/iesfuentepina\/wp-json\/wp\/v2\/pages\/4389\/revisions\/4399"}],"up":[{"embeddable":true,"href":"https:\/\/blogsaverroes.juntadeandalucia.es\/iesfuentepina\/wp-json\/wp\/v2\/pages\/3560"}],"wp:attachment":[{"href":"https:\/\/blogsaverroes.juntadeandalucia.es\/iesfuentepina\/wp-json\/wp\/v2\/media?parent=4389"}],"curies":[{"name":"wp","href":"https:\/\/api.w.org\/{rel}","templated":true}]}}