{"id":4776,"date":"2026-03-24T13:17:32","date_gmt":"2026-03-24T12:17:32","guid":{"rendered":"https:\/\/blogsaverroes.juntadeandalucia.es\/iesfuentepina\/?page_id=4776"},"modified":"2026-03-24T13:26:43","modified_gmt":"2026-03-24T12:26:43","slug":"becas","status":"publish","type":"page","link":"https:\/\/blogsaverroes.juntadeandalucia.es\/iesfuentepina\/orientacion\/becas\/","title":{"rendered":"Becas"},"content":{"rendered":"<p>Esta presentaci\u00f3n nos informa sobre todas las becas que se pueden solicitar en Andaluc\u00eda.<\/p>\n<p><a href=\"https:\/\/blogsaverroes.juntadeandalucia.es\/iesfuentepina\/files\/2026\/03\/Becas-logo-Fuentepina.jpg\"><img loading=\"lazy\" decoding=\"async\" class=\"aligncenter size-full wp-image-4778\" src=\"https:\/\/blogsaverroes.juntadeandalucia.es\/iesfuentepina\/files\/2026\/03\/Becas-logo-Fuentepina.jpg\" alt=\"\" width=\"848\" height=\"415\" srcset=\"https:\/\/blogsaverroes.juntadeandalucia.es\/iesfuentepina\/files\/2026\/03\/Becas-logo-Fuentepina.jpg 848w, https:\/\/blogsaverroes.juntadeandalucia.es\/iesfuentepina\/files\/2026\/03\/Becas-logo-Fuentepina-300x147.jpg 300w, https:\/\/blogsaverroes.juntadeandalucia.es\/iesfuentepina\/files\/2026\/03\/Becas-logo-Fuentepina-768x376.jpg 768w\" sizes=\"(max-width: 848px) 100vw, 848px\" \/><\/a><\/p>\n<p><a href=\"https:\/\/view.genially.com\/5fb1427d72da7f14532e16f2\">Presentaci\u00f3n becas<\/a>.<\/p>\n","protected":false},"excerpt":{"rendered":"<p>Esta presentaci\u00f3n nos informa sobre todas las becas que se pueden solicitar en Andaluc\u00eda. Presentaci\u00f3n becas.<\/p>\n","protected":false},"author":11361,"featured_media":4778,"parent":3560,"menu_order":0,"comment_status":"closed","ping_status":"closed","template":"","meta":{"ngg_post_thumbnail":0,"footnotes":"","_mc_calendar":[]},"aioseo_notices":[],"_links":{"self":[{"href":"https:\/\/blogsaverroes.juntadeandalucia.es\/iesfuentepina\/wp-json\/wp\/v2\/pages\/4776"}],"collection":[{"href":"https:\/\/blogsaverroes.juntadeandalucia.es\/iesfuentepina\/wp-json\/wp\/v2\/pages"}],"about":[{"href":"https:\/\/blogsaverroes.juntadeandalucia.es\/iesfuentepina\/wp-json\/wp\/v2\/types\/page"}],"author":[{"embeddable":true,"href":"https:\/\/blogsaverroes.juntadeandalucia.es\/iesfuentepina\/wp-json\/wp\/v2\/users\/11361"}],"replies":[{"embeddable":true,"href":"https:\/\/blogsaverroes.juntadeandalucia.es\/iesfuentepina\/wp-json\/wp\/v2\/comments?post=4776"}],"version-history":[{"count":3,"href":"https:\/\/blogsaverroes.juntadeandalucia.es\/iesfuentepina\/wp-json\/wp\/v2\/pages\/4776\/revisions"}],"predecessor-version":[{"id":4780,"href":"https:\/\/blogsaverroes.juntadeandalucia.es\/iesfuentepina\/wp-json\/wp\/v2\/pages\/4776\/revisions\/4780"}],"up":[{"embeddable":true,"href":"https:\/\/blogsaverroes.juntadeandalucia.es\/iesfuentepina\/wp-json\/wp\/v2\/pages\/3560"}],"wp:featuredmedia":[{"embeddable":true,"href":"https:\/\/blogsaverroes.juntadeandalucia.es\/iesfuentepina\/wp-json\/wp\/v2\/media\/4778"}],"wp:attachment":[{"href":"https:\/\/blogsaverroes.juntadeandalucia.es\/iesfuentepina\/wp-json\/wp\/v2\/media?parent=4776"}],"curies":[{"name":"wp","href":"https:\/\/api.w.org\/{rel}","templated":true}]}}