{"id":178,"date":"2012-01-30T12:34:52","date_gmt":"2012-01-30T11:34:52","guid":{"rendered":"http:\/\/iesgalileogalilei.es\/?page_id=178"},"modified":"2019-12-03T00:47:41","modified_gmt":"2019-12-02T22:47:41","slug":"departamento-ingles-miembros","status":"publish","type":"page","link":"https:\/\/blogsaverroes.juntadeandalucia.es\/iesgalileogalilei\/departamento-ingles-miembros\/","title":{"rendered":"Miembros del departamento de Ingl\u00e9s"},"content":{"rendered":"<p style=\"text-align: center\">M\u00aa Jos\u00e9 Aguirre Gervas<\/p>\n<p style=\"text-align: center\">\u00c1ngeles Torralba Morales<\/p>\n<p style=\"text-align: center\">Jos\u00e9 M\u00aa Lora Parra<\/p>\n<p style=\"text-align: center\">Victoria E. Berdugo Duarte<\/p>\n<p style=\"text-align: center\">Isidoro Lozano Aguilar<\/p>\n<p style=\"text-align: center\">Irene Fern\u00e1ndez Encenilla<\/p>\n<p style=\"text-align: center\">Cristina Mar\u00edn L\u00f3pez<\/p>\n<p style=\"text-align: center\">Ana P\u00e9rez Bejarano<\/p>\n","protected":false},"excerpt":{"rendered":"<p>M\u00aa Jos\u00e9 Aguirre Gervas \u00c1ngeles Torralba Morales Jos\u00e9 M\u00aa Lora Parra Victoria E. Berdugo Duarte Isidoro Lozano Aguilar Irene Fern\u00e1ndez&#46;&#46;&#46;<\/p>\n","protected":false},"author":3735,"featured_media":0,"parent":0,"menu_order":0,"comment_status":"open","ping_status":"open","template":"","meta":{"ngg_post_thumbnail":0,"footnotes":""},"aioseo_notices":[],"_links":{"self":[{"href":"https:\/\/blogsaverroes.juntadeandalucia.es\/iesgalileogalilei\/wp-json\/wp\/v2\/pages\/178"}],"collection":[{"href":"https:\/\/blogsaverroes.juntadeandalucia.es\/iesgalileogalilei\/wp-json\/wp\/v2\/pages"}],"about":[{"href":"https:\/\/blogsaverroes.juntadeandalucia.es\/iesgalileogalilei\/wp-json\/wp\/v2\/types\/page"}],"author":[{"embeddable":true,"href":"https:\/\/blogsaverroes.juntadeandalucia.es\/iesgalileogalilei\/wp-json\/wp\/v2\/users\/3735"}],"replies":[{"embeddable":true,"href":"https:\/\/blogsaverroes.juntadeandalucia.es\/iesgalileogalilei\/wp-json\/wp\/v2\/comments?post=178"}],"version-history":[{"count":5,"href":"https:\/\/blogsaverroes.juntadeandalucia.es\/iesgalileogalilei\/wp-json\/wp\/v2\/pages\/178\/revisions"}],"predecessor-version":[{"id":6424,"href":"https:\/\/blogsaverroes.juntadeandalucia.es\/iesgalileogalilei\/wp-json\/wp\/v2\/pages\/178\/revisions\/6424"}],"wp:attachment":[{"href":"https:\/\/blogsaverroes.juntadeandalucia.es\/iesgalileogalilei\/wp-json\/wp\/v2\/media?parent=178"}],"curies":[{"name":"wp","href":"https:\/\/api.w.org\/{rel}","templated":true}]}}