{"id":236,"date":"2012-01-31T09:45:04","date_gmt":"2012-01-31T08:45:04","guid":{"rendered":"http:\/\/iesgalileogalilei.es\/?page_id=236"},"modified":"2016-07-05T10:16:07","modified_gmt":"2016-07-05T10:16:07","slug":"departamento-clasica-criterios","status":"publish","type":"page","link":"https:\/\/blogsaverroes.juntadeandalucia.es\/iesgalileogalilei\/departamento-clasica-criterios\/","title":{"rendered":"Criterios de evaluaci\u00f3n del departamento de Cultura cl\u00e1sica"},"content":{"rendered":"<p><a href=\"http:\/\/blogsaverroes.juntadeandalucia.es\/iesgalileogalilei\/files\/2014\/03\/Criterios-de-Cambios-de-G\u00e9nero-13-14.pdf\" target=\"_blank\">Cambios Sociales y Nuevas Relaciones de G\u00e9nero<\/a><\/p>\n<p><a href=\"http:\/\/blogsaverroes.juntadeandalucia.es\/iesgalileogalilei\/files\/2014\/03\/criterios-de-cultura-cl\u00e1sica-13-14.pdf\" target=\"_blank\">Cultura Cl\u00e1sica<\/a><\/p>\n<p><a href=\"http:\/\/blogsaverroes.juntadeandalucia.es\/iesgalileogalilei\/files\/2014\/03\/criterios-de-latin-4\u00ba-curso-13-14.pdf\" target=\"_blank\">Lat\u00edn (4\u00ba ESO)<\/a><\/p>\n<p><a href=\"http:\/\/blogsaverroes.juntadeandalucia.es\/iesgalileogalilei\/files\/2014\/03\/criterios-del-Lat\u00edn-1\u00ba-curso-13-14.pdf\" target=\"_blank\">Lat\u00edn (1\u00ba Bachillerato)<\/a><\/p>\n<p><a href=\"http:\/\/blogsaverroes.juntadeandalucia.es\/iesgalileogalilei\/files\/2014\/03\/criterios-del-griego-1\u00ba-curso-13-14.pdf\" target=\"_blank\">Griego \u00a0(1\u00ba Bachillerato)<\/a><\/p>\n","protected":false},"excerpt":{"rendered":"<p>Cambios Sociales y Nuevas Relaciones de G\u00e9nero Cultura Cl\u00e1sica Lat\u00edn (4\u00ba ESO) Lat\u00edn (1\u00ba Bachillerato) Griego \u00a0(1\u00ba Bachillerato)<\/p>\n","protected":false},"author":3735,"featured_media":0,"parent":0,"menu_order":0,"comment_status":"open","ping_status":"open","template":"","meta":{"ngg_post_thumbnail":0,"footnotes":""},"aioseo_notices":[],"_links":{"self":[{"href":"https:\/\/blogsaverroes.juntadeandalucia.es\/iesgalileogalilei\/wp-json\/wp\/v2\/pages\/236"}],"collection":[{"href":"https:\/\/blogsaverroes.juntadeandalucia.es\/iesgalileogalilei\/wp-json\/wp\/v2\/pages"}],"about":[{"href":"https:\/\/blogsaverroes.juntadeandalucia.es\/iesgalileogalilei\/wp-json\/wp\/v2\/types\/page"}],"author":[{"embeddable":true,"href":"https:\/\/blogsaverroes.juntadeandalucia.es\/iesgalileogalilei\/wp-json\/wp\/v2\/users\/3735"}],"replies":[{"embeddable":true,"href":"https:\/\/blogsaverroes.juntadeandalucia.es\/iesgalileogalilei\/wp-json\/wp\/v2\/comments?post=236"}],"version-history":[{"count":2,"href":"https:\/\/blogsaverroes.juntadeandalucia.es\/iesgalileogalilei\/wp-json\/wp\/v2\/pages\/236\/revisions"}],"predecessor-version":[{"id":6745,"href":"https:\/\/blogsaverroes.juntadeandalucia.es\/iesgalileogalilei\/wp-json\/wp\/v2\/pages\/236\/revisions\/6745"}],"wp:attachment":[{"href":"https:\/\/blogsaverroes.juntadeandalucia.es\/iesgalileogalilei\/wp-json\/wp\/v2\/media?parent=236"}],"curies":[{"name":"wp","href":"https:\/\/api.w.org\/{rel}","templated":true}]}}