{"id":238,"date":"2012-01-31T09:46:09","date_gmt":"2012-01-31T08:46:09","guid":{"rendered":"http:\/\/iesgalileogalilei.es\/?page_id=238"},"modified":"2016-07-05T10:16:07","modified_gmt":"2016-07-05T10:16:07","slug":"departamento-deporte-criterios","status":"publish","type":"page","link":"https:\/\/blogsaverroes.juntadeandalucia.es\/iesgalileogalilei\/departamento-deporte-criterios\/","title":{"rendered":"Criterios de evaluaci\u00f3n del departamento de Educaci\u00f3n F\u00edsica"},"content":{"rendered":"","protected":false},"excerpt":{"rendered":"","protected":false},"author":3735,"featured_media":0,"parent":0,"menu_order":0,"comment_status":"open","ping_status":"closed","template":"","meta":{"ngg_post_thumbnail":0,"footnotes":""},"aioseo_notices":[],"_links":{"self":[{"href":"https:\/\/blogsaverroes.juntadeandalucia.es\/iesgalileogalilei\/wp-json\/wp\/v2\/pages\/238"}],"collection":[{"href":"https:\/\/blogsaverroes.juntadeandalucia.es\/iesgalileogalilei\/wp-json\/wp\/v2\/pages"}],"about":[{"href":"https:\/\/blogsaverroes.juntadeandalucia.es\/iesgalileogalilei\/wp-json\/wp\/v2\/types\/page"}],"author":[{"embeddable":true,"href":"https:\/\/blogsaverroes.juntadeandalucia.es\/iesgalileogalilei\/wp-json\/wp\/v2\/users\/3735"}],"replies":[{"embeddable":true,"href":"https:\/\/blogsaverroes.juntadeandalucia.es\/iesgalileogalilei\/wp-json\/wp\/v2\/comments?post=238"}],"version-history":[{"count":1,"href":"https:\/\/blogsaverroes.juntadeandalucia.es\/iesgalileogalilei\/wp-json\/wp\/v2\/pages\/238\/revisions"}],"predecessor-version":[{"id":4531,"href":"https:\/\/blogsaverroes.juntadeandalucia.es\/iesgalileogalilei\/wp-json\/wp\/v2\/pages\/238\/revisions\/4531"}],"wp:attachment":[{"href":"https:\/\/blogsaverroes.juntadeandalucia.es\/iesgalileogalilei\/wp-json\/wp\/v2\/media?parent=238"}],"curies":[{"name":"wp","href":"https:\/\/api.w.org\/{rel}","templated":true}]}}