{"id":33,"date":"2012-01-23T13:07:07","date_gmt":"2012-01-23T12:07:07","guid":{"rendered":"http:\/\/iesgalileogalilei.es\/?page_id=33"},"modified":"2020-12-18T21:17:03","modified_gmt":"2020-12-18T19:17:03","slug":"equipo-directivo","status":"publish","type":"page","link":"https:\/\/blogsaverroes.juntadeandalucia.es\/iesgalileogalilei\/equipo-directivo\/","title":{"rendered":"Equipo directivo"},"content":{"rendered":"<p style=\"text-align: center\"><strong>Director: Javier P\u00e9rez Alc\u00e1zar-Caballero<\/strong><\/p>\n<p style=\"text-align: center\"><strong>Jefa de Estudios: Mar\u00eda Jos\u00e9 Barrera S\u00e1nchez<\/strong><\/p>\n<p style=\"text-align: center\"><strong>Secretaria:&nbsp;Asunci\u00f3n Bocanegra Romero<\/strong><\/p>\n<p style=\"text-align: center\"><strong>Jefe de Estudios Adjunto: F. Alberto Holgu\u00edn Campa<\/strong><\/p>\n<p style=\"text-align: center\">&nbsp;<\/p>\n","protected":false},"excerpt":{"rendered":"<p>Director: Javier P\u00e9rez Alc\u00e1zar-Caballero Jefa de Estudios: Mar\u00eda Jos\u00e9 Barrera S\u00e1nchez Secretaria:&nbsp;Asunci\u00f3n Bocanegra Romero Jefe de Estudios Adjunto: F. Alberto&#46;&#46;&#46;<\/p>\n","protected":false},"author":3735,"featured_media":0,"parent":0,"menu_order":0,"comment_status":"open","ping_status":"open","template":"","meta":{"ngg_post_thumbnail":0,"footnotes":""},"aioseo_notices":[],"_links":{"self":[{"href":"https:\/\/blogsaverroes.juntadeandalucia.es\/iesgalileogalilei\/wp-json\/wp\/v2\/pages\/33"}],"collection":[{"href":"https:\/\/blogsaverroes.juntadeandalucia.es\/iesgalileogalilei\/wp-json\/wp\/v2\/pages"}],"about":[{"href":"https:\/\/blogsaverroes.juntadeandalucia.es\/iesgalileogalilei\/wp-json\/wp\/v2\/types\/page"}],"author":[{"embeddable":true,"href":"https:\/\/blogsaverroes.juntadeandalucia.es\/iesgalileogalilei\/wp-json\/wp\/v2\/users\/3735"}],"replies":[{"embeddable":true,"href":"https:\/\/blogsaverroes.juntadeandalucia.es\/iesgalileogalilei\/wp-json\/wp\/v2\/comments?post=33"}],"version-history":[{"count":5,"href":"https:\/\/blogsaverroes.juntadeandalucia.es\/iesgalileogalilei\/wp-json\/wp\/v2\/pages\/33\/revisions"}],"predecessor-version":[{"id":6865,"href":"https:\/\/blogsaverroes.juntadeandalucia.es\/iesgalileogalilei\/wp-json\/wp\/v2\/pages\/33\/revisions\/6865"}],"wp:attachment":[{"href":"https:\/\/blogsaverroes.juntadeandalucia.es\/iesgalileogalilei\/wp-json\/wp\/v2\/media?parent=33"}],"curies":[{"name":"wp","href":"https:\/\/api.w.org\/{rel}","templated":true}]}}