{"id":2566,"date":"2020-05-02T09:24:21","date_gmt":"2020-05-02T09:24:21","guid":{"rendered":"https:\/\/blogsaverroes.juntadeandalucia.es\/iesgamonares\/?page_id=2566"},"modified":"2025-10-08T17:58:53","modified_gmt":"2025-10-08T17:58:53","slug":"gamonares-digital","status":"publish","type":"page","link":"https:\/\/blogsaverroes.juntadeandalucia.es\/iesgamonares\/gamonares-digital\/","title":{"rendered":"Biling\u00fcismo: RED INTERNACIONAL DE CENTROS EDUCATIVOS (R.I.C.E.)"},"content":{"rendered":"<p>El IES GAMONARES se une a la&nbsp;<strong>Red Internacional de Centros Educativos (R.I.C.E.)<\/strong>,en la b\u00fasqueda de socios para desarrollar diferentes actuaciones en materia de internacionalizaci\u00f3n, dando visibilidad a peticiones de colaboraci\u00f3n para desarrollar proyectos con otros centros educativos.<\/p>\n<p>FICHA:<\/p>\n<p><a href=\"https:\/\/drive.google.com\/file\/d\/1BVy33bh98fxJOe7WZKjko6MzfFT7REsw\/view?usp=sharing\">https:\/\/drive.google.com\/file\/d\/1BVy33bh98fxJOe7WZKjko6MzfFT7REsw\/view?usp=sharing<\/a><\/p>\n<p>&nbsp;<\/p>\n<p><img loading=\"lazy\" decoding=\"async\" class=\"size-full wp-image-3827 aligncenter\" src=\"https:\/\/blogsaverroes.juntadeandalucia.es\/iesgamonares\/files\/2025\/10\/OIP.jpg\" alt=\"\" width=\"316\" height=\"180\" srcset=\"https:\/\/blogsaverroes.juntadeandalucia.es\/iesgamonares\/files\/2025\/10\/OIP.jpg 316w, https:\/\/blogsaverroes.juntadeandalucia.es\/iesgamonares\/files\/2025\/10\/OIP-300x171.jpg 300w\" sizes=\"(max-width: 316px) 100vw, 316px\" \/><\/p>\n","protected":false},"excerpt":{"rendered":"<p>El IES GAMONARES se une a la&nbsp;Red Internacional de Centros Educativos (R.I.C.E.),en la b\u00fasqueda de socios para desarrollar diferentes actuaciones en materia de internacionalizaci\u00f3n, dando visibilidad a peticiones de colaboraci\u00f3n para desarrollar proyectos con&#46;&#46;&#46;<\/p>\n","protected":false},"author":9849,"featured_media":0,"parent":0,"menu_order":1,"comment_status":"closed","ping_status":"closed","template":"","meta":{"ngg_post_thumbnail":0,"footnotes":"","_mc_calendar":[]},"aioseo_notices":[],"_links":{"self":[{"href":"https:\/\/blogsaverroes.juntadeandalucia.es\/iesgamonares\/wp-json\/wp\/v2\/pages\/2566"}],"collection":[{"href":"https:\/\/blogsaverroes.juntadeandalucia.es\/iesgamonares\/wp-json\/wp\/v2\/pages"}],"about":[{"href":"https:\/\/blogsaverroes.juntadeandalucia.es\/iesgamonares\/wp-json\/wp\/v2\/types\/page"}],"author":[{"embeddable":true,"href":"https:\/\/blogsaverroes.juntadeandalucia.es\/iesgamonares\/wp-json\/wp\/v2\/users\/9849"}],"replies":[{"embeddable":true,"href":"https:\/\/blogsaverroes.juntadeandalucia.es\/iesgamonares\/wp-json\/wp\/v2\/comments?post=2566"}],"version-history":[{"count":5,"href":"https:\/\/blogsaverroes.juntadeandalucia.es\/iesgamonares\/wp-json\/wp\/v2\/pages\/2566\/revisions"}],"predecessor-version":[{"id":3835,"href":"https:\/\/blogsaverroes.juntadeandalucia.es\/iesgamonares\/wp-json\/wp\/v2\/pages\/2566\/revisions\/3835"}],"wp:attachment":[{"href":"https:\/\/blogsaverroes.juntadeandalucia.es\/iesgamonares\/wp-json\/wp\/v2\/media?parent=2566"}],"curies":[{"name":"wp","href":"https:\/\/api.w.org\/{rel}","templated":true}]}}