{"id":2892,"date":"2022-03-22T16:33:47","date_gmt":"2022-03-22T16:33:47","guid":{"rendered":"https:\/\/blogsaverroes.juntadeandalucia.es\/iesgamonares\/?page_id=2892"},"modified":"2022-04-19T07:09:13","modified_gmt":"2022-04-19T07:09:13","slug":"muestras-aprendizaje-integrado","status":"publish","type":"page","link":"https:\/\/blogsaverroes.juntadeandalucia.es\/iesgamonares\/gamonares-digital\/muestras-aprendizaje-integrado\/","title":{"rendered":"Muestras Aprendizaje Integrado"},"content":{"rendered":"<p><strong>\u00bfQu\u00e9 es el Aprendizaje Integrado o AICLE?<\/strong><\/p>\n<p>El enfoque AICLE consiste en que la ense\u00f1anza de contenido vaya de la mano con la ense\u00f1anza de una lengua, de una forma integrada. As\u00ed, la lengua sirve de veh\u00edculo para la ense\u00f1anza y viceversa. El t\u00e9rmino AICLE (CLIL en ingl\u00e9s) fue utilizado por primera vez por David Marsh en 1994<\/p>\n<p>The CLIL approach means that learning content goes together with a language learning, in an integrated way. Therefore, the language is used as a vehicle for learning and viceversa.&nbsp;The term CLIL (AICLE in Spanish) was first used by David Marsh in 1994.<\/p>\n<p>\u00ab<em><strong>CLIL refers to situations where subjects, or parts of subjects, are taught through a foreign language with dual-focused aims, namely the learning of content, and the simultaneous learning of a foreign language<\/strong><\/em>\u00ab. (Marsh, 1994).<\/p>\n<p>[youtube https:\/\/www.youtube.com\/watch?v=-Czdg8-6mJA]<\/p>\n","protected":false},"excerpt":{"rendered":"<p>\u00bfQu\u00e9 es el Aprendizaje Integrado o AICLE? El enfoque AICLE consiste en que la ense\u00f1anza de contenido vaya de la mano con la ense\u00f1anza de una lengua, de una forma integrada. As\u00ed, la lengua&#46;&#46;&#46;<\/p>\n","protected":false},"author":9849,"featured_media":0,"parent":2566,"menu_order":0,"comment_status":"closed","ping_status":"closed","template":"","meta":{"ngg_post_thumbnail":0,"footnotes":"","_mc_calendar":[]},"aioseo_notices":[],"_links":{"self":[{"href":"https:\/\/blogsaverroes.juntadeandalucia.es\/iesgamonares\/wp-json\/wp\/v2\/pages\/2892"}],"collection":[{"href":"https:\/\/blogsaverroes.juntadeandalucia.es\/iesgamonares\/wp-json\/wp\/v2\/pages"}],"about":[{"href":"https:\/\/blogsaverroes.juntadeandalucia.es\/iesgamonares\/wp-json\/wp\/v2\/types\/page"}],"author":[{"embeddable":true,"href":"https:\/\/blogsaverroes.juntadeandalucia.es\/iesgamonares\/wp-json\/wp\/v2\/users\/9849"}],"replies":[{"embeddable":true,"href":"https:\/\/blogsaverroes.juntadeandalucia.es\/iesgamonares\/wp-json\/wp\/v2\/comments?post=2892"}],"version-history":[{"count":3,"href":"https:\/\/blogsaverroes.juntadeandalucia.es\/iesgamonares\/wp-json\/wp\/v2\/pages\/2892\/revisions"}],"predecessor-version":[{"id":2958,"href":"https:\/\/blogsaverroes.juntadeandalucia.es\/iesgamonares\/wp-json\/wp\/v2\/pages\/2892\/revisions\/2958"}],"up":[{"embeddable":true,"href":"https:\/\/blogsaverroes.juntadeandalucia.es\/iesgamonares\/wp-json\/wp\/v2\/pages\/2566"}],"wp:attachment":[{"href":"https:\/\/blogsaverroes.juntadeandalucia.es\/iesgamonares\/wp-json\/wp\/v2\/media?parent=2892"}],"curies":[{"name":"wp","href":"https:\/\/api.w.org\/{rel}","templated":true}]}}