{"id":3251,"date":"2024-03-05T08:05:11","date_gmt":"2024-03-05T08:05:11","guid":{"rendered":"https:\/\/blogsaverroes.juntadeandalucia.es\/iesgamonares\/?page_id=3251"},"modified":"2024-03-05T08:05:11","modified_gmt":"2024-03-05T08:05:11","slug":"programaciones-de-este-departamento","status":"publish","type":"page","link":"https:\/\/blogsaverroes.juntadeandalucia.es\/iesgamonares\/programaciones-de-este-departamento\/","title":{"rendered":"Programaciones de este departamento"},"content":{"rendered":"<p>Desde el departamento de Lengua y Literatura os dejamos unos enlaces hacia cada una de las programaciones de las materias que se imparten en el presente curso:<\/p>\n<p><a href=\"https:\/\/drive.google.com\/file\/d\/1iGi5ReRYkZSvZXDj8-UdMK8ztkOAxyNh\/view?usp=sharing\">1\u00ba ESO<\/a><\/p>\n<p><a href=\"https:\/\/drive.google.com\/file\/d\/1L1V1mkv9OqgQrdSnicDpkkN_Ff6o38ot\/view?usp=sharing\">2\u00ba ESO<\/a><\/p>\n<p><a href=\"https:\/\/drive.google.com\/file\/d\/1QmwIWozXSNLhOh-IaXt4UmpMFrjNBIRo\/view?usp=sharing\">3\u00ba ESO<\/a><\/p>\n<p><a href=\"https:\/\/drive.google.com\/file\/d\/1KOupIix6I_wIrfPZicuNUVAvRkenF9nF\/view?usp=sharing\">4\u00ba ESO<\/a><\/p>\n<p><a href=\"https:\/\/drive.google.com\/file\/d\/12_WFUcCX47logr2aBEj-7c68l2OYQjBU\/view?usp=sharing\">Lat\u00edn de 4\u00ba ESO<\/a><\/p>\n<p><a href=\"https:\/\/drive.google.com\/file\/d\/12_WFUcCX47logr2aBEj-7c68l2OYQjBU\/view?usp=sharing\">\u00c1rea ling\u00fc\u00edstica de car\u00e1cter transversal de 1\u00ba ESO<\/a><\/p>\n","protected":false},"excerpt":{"rendered":"<p>Desde el departamento de Lengua y Literatura os dejamos unos enlaces hacia cada una de las programaciones de las materias que se imparten en el presente curso: 1\u00ba ESO 2\u00ba ESO 3\u00ba ESO 4\u00ba&#46;&#46;&#46;<\/p>\n","protected":false},"author":9849,"featured_media":0,"parent":0,"menu_order":0,"comment_status":"closed","ping_status":"closed","template":"","meta":{"ngg_post_thumbnail":0,"footnotes":"","_mc_calendar":[]},"aioseo_notices":[],"_links":{"self":[{"href":"https:\/\/blogsaverroes.juntadeandalucia.es\/iesgamonares\/wp-json\/wp\/v2\/pages\/3251"}],"collection":[{"href":"https:\/\/blogsaverroes.juntadeandalucia.es\/iesgamonares\/wp-json\/wp\/v2\/pages"}],"about":[{"href":"https:\/\/blogsaverroes.juntadeandalucia.es\/iesgamonares\/wp-json\/wp\/v2\/types\/page"}],"author":[{"embeddable":true,"href":"https:\/\/blogsaverroes.juntadeandalucia.es\/iesgamonares\/wp-json\/wp\/v2\/users\/9849"}],"replies":[{"embeddable":true,"href":"https:\/\/blogsaverroes.juntadeandalucia.es\/iesgamonares\/wp-json\/wp\/v2\/comments?post=3251"}],"version-history":[{"count":2,"href":"https:\/\/blogsaverroes.juntadeandalucia.es\/iesgamonares\/wp-json\/wp\/v2\/pages\/3251\/revisions"}],"predecessor-version":[{"id":3253,"href":"https:\/\/blogsaverroes.juntadeandalucia.es\/iesgamonares\/wp-json\/wp\/v2\/pages\/3251\/revisions\/3253"}],"wp:attachment":[{"href":"https:\/\/blogsaverroes.juntadeandalucia.es\/iesgamonares\/wp-json\/wp\/v2\/media?parent=3251"}],"curies":[{"name":"wp","href":"https:\/\/api.w.org\/{rel}","templated":true}]}}