{"id":35,"date":"2015-03-13T08:21:43","date_gmt":"2015-03-13T08:21:43","guid":{"rendered":"http:\/\/blogsaverroes.juntadeandalucia.es\/pre\/ceip\/?page_id=35"},"modified":"2021-09-17T18:29:19","modified_gmt":"2021-09-17T18:29:19","slug":"el-centro-2","status":"publish","type":"page","link":"https:\/\/blogsaverroes.juntadeandalucia.es\/iesgamonares\/el-centro-2\/","title":{"rendered":"Datos del centro"},"content":{"rendered":"<h4>Datos de contacto<\/h4>\n<p>IES Gamonares<\/p>\n<p><strong>Direcci\u00f3n:<\/strong>&nbsp; <span class=\"LrzXr\">Calle Mart\u00edn Valc\u00e1rcel,&nbsp; S\/N, 23780 Lopera, Ja\u00e9n<\/span><br \/>\n<strong>Tel\u00e9fono:953 53 96 31<\/strong><\/p>\n<p><strong>Fax: <span class=\"LrzXr zdqRlf kno-fv\"><span data-dtype=\"d3ifr\" data-local-attribute=\"d3ph\">953 53 96 37<\/span><\/span><\/strong><\/p>\n<p><a href=\"mailto:23700748.edu@juntadeandalucia.es\">23700748.edu@juntadeandalucia.es<\/a><\/p>\n<h4><strong>Horarios<\/strong><\/h4>\n<p>Horario de apertura del centro:<\/p>\n<p>Abierto de 8:15 a 14:45 de Lunes a Viernes<\/p>\n<p><a href=\"https:\/\/blogsaverroes.juntadeandalucia.es\/iesgamonares\/files\/2021\/09\/Calendario-21-22-1.jpg\"><img loading=\"lazy\" decoding=\"async\" class=\"alignnone size-medium wp-image-2758\" src=\"https:\/\/blogsaverroes.juntadeandalucia.es\/iesgamonares\/files\/2021\/09\/Calendario-21-22-1-213x300.jpg\" alt=\"\" width=\"213\" height=\"300\" srcset=\"https:\/\/blogsaverroes.juntadeandalucia.es\/iesgamonares\/files\/2021\/09\/Calendario-21-22-1-213x300.jpg 213w, https:\/\/blogsaverroes.juntadeandalucia.es\/iesgamonares\/files\/2021\/09\/Calendario-21-22-1.jpg 571w\" sizes=\"(max-width: 213px) 100vw, 213px\" \/><\/a><\/p>\n<h4><strong>Oferta educativa<\/strong><\/h4>\n<p>Centro de Educaci\u00f3n Secundaria&nbsp;<\/p>\n<p>&nbsp;<\/p>\n<p>&nbsp;<\/p>\n","protected":false},"excerpt":{"rendered":"<p>Datos de contacto IES Gamonares Direcci\u00f3n:&nbsp; Calle Mart\u00edn Valc\u00e1rcel,&nbsp; S\/N, 23780 Lopera, Ja\u00e9n Tel\u00e9fono:953 53 96 31 Fax: 953 53 96 37 23700748.edu@juntadeandalucia.es Horarios Horario de apertura del centro: Abierto de 8:15 a 14:45&#46;&#46;&#46;<\/p>\n","protected":false},"author":1,"featured_media":0,"parent":0,"menu_order":0,"comment_status":"open","ping_status":"open","template":"","meta":{"ngg_post_thumbnail":0,"footnotes":"","_mc_calendar":[]},"aioseo_notices":[],"_links":{"self":[{"href":"https:\/\/blogsaverroes.juntadeandalucia.es\/iesgamonares\/wp-json\/wp\/v2\/pages\/35"}],"collection":[{"href":"https:\/\/blogsaverroes.juntadeandalucia.es\/iesgamonares\/wp-json\/wp\/v2\/pages"}],"about":[{"href":"https:\/\/blogsaverroes.juntadeandalucia.es\/iesgamonares\/wp-json\/wp\/v2\/types\/page"}],"author":[{"embeddable":true,"href":"https:\/\/blogsaverroes.juntadeandalucia.es\/iesgamonares\/wp-json\/wp\/v2\/users\/1"}],"replies":[{"embeddable":true,"href":"https:\/\/blogsaverroes.juntadeandalucia.es\/iesgamonares\/wp-json\/wp\/v2\/comments?post=35"}],"version-history":[{"count":29,"href":"https:\/\/blogsaverroes.juntadeandalucia.es\/iesgamonares\/wp-json\/wp\/v2\/pages\/35\/revisions"}],"predecessor-version":[{"id":2759,"href":"https:\/\/blogsaverroes.juntadeandalucia.es\/iesgamonares\/wp-json\/wp\/v2\/pages\/35\/revisions\/2759"}],"wp:attachment":[{"href":"https:\/\/blogsaverroes.juntadeandalucia.es\/iesgamonares\/wp-json\/wp\/v2\/media?parent=35"}],"curies":[{"name":"wp","href":"https:\/\/api.w.org\/{rel}","templated":true}]}}