{"id":365,"date":"2015-03-18T10:24:37","date_gmt":"2015-03-18T10:24:37","guid":{"rendered":"http:\/\/blogsaverroes.juntadeandalucia.es\/pre\/ceip\/?page_id=365"},"modified":"2025-12-15T11:44:31","modified_gmt":"2025-12-15T11:44:31","slug":"materiales-recursos","status":"publish","type":"page","link":"https:\/\/blogsaverroes.juntadeandalucia.es\/iesgamonares\/ingles-2\/materiales-recursos\/","title":{"rendered":"Materiales, recursos&#8230;"},"content":{"rendered":"<h4><a href=\"https:\/\/blogsaverroes.juntadeandalucia.es\/iesgamonares\/files\/2025\/12\/PROGRAMACIONES-Ingles-Curso-2025_2026.pdf\">PROGRAMACIONES Ingl\u00e9s Curso 2025_2026<\/a><\/h4>\n<p><a href=\"https:\/\/blogsaverroes.juntadeandalucia.es\/iesgamonares\/files\/2025\/12\/Programacion-Ambito-Linguistico-y-Social-3o-Diversificacion-Curso-2025-2026.pdf\">Programaci\u00f3n \u00c1mbito Ling\u00fc\u00edstico y Social 3\u00ba Diversificaci\u00f3n Curso 2025 2026<\/a><\/p>\n<h4><a href=\"https:\/\/blogsaverroes.juntadeandalucia.es\/iesgamonares\/files\/2024\/03\/Programaci\u00f3n-Did\u00e1ctica-Ingl\u00e9s-2023-2024.pdf\">Programaci\u00f3n Did\u00e1ctica Ingl\u00e9s 2023 2024<\/a><\/h4>\n<div class=\"iDevice_inner\">\n<p align=\"justify\"><strong><a href=\"https:\/\/drive.google.com\/file\/d\/1puFvdCKBuQ-ZCacSsPal7Tb4iJEWsY0I\/view?usp=sharing\">Programaci\u00f3n Did\u00e1ctica Ingl\u00e9s 2024 2025&nbsp;<\/a><\/strong><\/p>\n<\/div>\n","protected":false},"excerpt":{"rendered":"<p>PROGRAMACIONES Ingl\u00e9s Curso 2025_2026 Programaci\u00f3n \u00c1mbito Ling\u00fc\u00edstico y Social 3\u00ba Diversificaci\u00f3n Curso 2025 2026 Programaci\u00f3n Did\u00e1ctica Ingl\u00e9s 2023 2024 Programaci\u00f3n Did\u00e1ctica Ingl\u00e9s 2024 2025&nbsp;<\/p>\n","protected":false},"author":1,"featured_media":0,"parent":164,"menu_order":0,"comment_status":"open","ping_status":"open","template":"page-templates\/child-menu.php","meta":{"ngg_post_thumbnail":0,"footnotes":"","_mc_calendar":[]},"aioseo_notices":[],"_links":{"self":[{"href":"https:\/\/blogsaverroes.juntadeandalucia.es\/iesgamonares\/wp-json\/wp\/v2\/pages\/365"}],"collection":[{"href":"https:\/\/blogsaverroes.juntadeandalucia.es\/iesgamonares\/wp-json\/wp\/v2\/pages"}],"about":[{"href":"https:\/\/blogsaverroes.juntadeandalucia.es\/iesgamonares\/wp-json\/wp\/v2\/types\/page"}],"author":[{"embeddable":true,"href":"https:\/\/blogsaverroes.juntadeandalucia.es\/iesgamonares\/wp-json\/wp\/v2\/users\/1"}],"replies":[{"embeddable":true,"href":"https:\/\/blogsaverroes.juntadeandalucia.es\/iesgamonares\/wp-json\/wp\/v2\/comments?post=365"}],"version-history":[{"count":9,"href":"https:\/\/blogsaverroes.juntadeandalucia.es\/iesgamonares\/wp-json\/wp\/v2\/pages\/365\/revisions"}],"predecessor-version":[{"id":3930,"href":"https:\/\/blogsaverroes.juntadeandalucia.es\/iesgamonares\/wp-json\/wp\/v2\/pages\/365\/revisions\/3930"}],"up":[{"embeddable":true,"href":"https:\/\/blogsaverroes.juntadeandalucia.es\/iesgamonares\/wp-json\/wp\/v2\/pages\/164"}],"wp:attachment":[{"href":"https:\/\/blogsaverroes.juntadeandalucia.es\/iesgamonares\/wp-json\/wp\/v2\/media?parent=365"}],"curies":[{"name":"wp","href":"https:\/\/api.w.org\/{rel}","templated":true}]}}