{"id":369,"date":"2015-03-18T10:25:18","date_gmt":"2015-03-18T10:25:18","guid":{"rendered":"http:\/\/blogsaverroes.juntadeandalucia.es\/pre\/ceip\/?page_id=369"},"modified":"2025-12-05T09:45:35","modified_gmt":"2025-12-05T09:45:35","slug":"materiales-recursos","status":"publish","type":"page","link":"https:\/\/blogsaverroes.juntadeandalucia.es\/iesgamonares\/biologia-y-geologia\/materiales-recursos\/","title":{"rendered":"Materiales, recursos&#8230;"},"content":{"rendered":"<h4>Programaci\u00f3n del curso 2025\/2026:<\/h4>\n<h4><a href=\"https:\/\/blogsaverroes.juntadeandalucia.es\/iesgamonares\/files\/2025\/12\/Programacion1oESO.pdf\">Programacio\u0301n 1\u00ba ESO<\/a><\/h4>\n<h4><a href=\"https:\/\/blogsaverroes.juntadeandalucia.es\/iesgamonares\/files\/2025\/12\/Programacion2ESOo.pdf\">Programacio\u0301n 2\u00ba ESO<\/a><\/h4>\n<h4><a href=\"https:\/\/blogsaverroes.juntadeandalucia.es\/iesgamonares\/files\/2025\/12\/Programacion3ESOo.pdf\">Programacio\u0301n 3\u00ba ESO<\/a><\/h4>\n<h4><a href=\"https:\/\/blogsaverroes.juntadeandalucia.es\/iesgamonares\/files\/2025\/12\/Programacion3oACT.pdf\">Programacio\u0301n 3\u00ba ACT<\/a><\/h4>\n<h4><a href=\"https:\/\/blogsaverroes.juntadeandalucia.es\/iesgamonares\/files\/2025\/12\/ProgramacionMAT.A.pdf\">Programacio\u0301n 4\u00ba Matem\u00e1ticas A<\/a><\/h4>\n<h4><a href=\"https:\/\/blogsaverroes.juntadeandalucia.es\/iesgamonares\/files\/2025\/12\/ProgramacionMAT.B.pdf\">Programacio\u0301n 4\u00ba Matem\u00e1ticas B<\/a><\/h4>\n<h4>&nbsp;<\/h4>\n<h4>Programaci\u00f3n del curso 2024\/2025:<\/h4>\n<p><a href=\"https:\/\/drive.google.com\/file\/d\/1CeUlr8vnzbDumAYak-kjYta0iULmPwaW\/view?usp=sharing\">Programaci\u00f3n 1\u00ba de ESO<\/a><\/p>\n<p><a href=\"https:\/\/drive.google.com\/file\/d\/1RuehAFi51jf7Y82fgQW9FGs-hn39dmf0\/view?usp=sharing\">Programaci\u00f3n 2\u00ba de ESO<\/a><\/p>\n<p><a href=\"https:\/\/drive.google.com\/file\/d\/1vtyYJuCMWBtSvLNgWTwva73JNTuMnuan\/view?usp=sharing\">Programaci\u00f3n 3\u00ba de ESO<\/a><\/p>\n<p><a href=\"https:\/\/drive.google.com\/file\/d\/1bJOpzR3ovzxqfPlSwQwDIFq-Enq7-iWP\/view?usp=sharing\">Programaci\u00f3n 4\u00ba de ESO Matem\u00e1ticas A<\/a><\/p>\n<p><a href=\"https:\/\/drive.google.com\/file\/d\/1UuYTOiE4aaoK3HijRGd0QpuKSyohjecA\/view?usp=sharing\">Programaci\u00f3n 4\u00ba de ESO Matem\u00e1ticas B<\/a><\/p>\n<p><a href=\"https:\/\/drive.google.com\/file\/d\/1QOnlVMPSBbFgB9xaQbSlPo-OqnFm13PR\/view?usp=sharing\">Programaci\u00f3n 4\u00ba de ESO \u00c1mbito Cient\u00edfico &#8211; Tecnol\u00f3gico II<\/a><\/p>\n<p>&nbsp;<\/p>\n<h4><a href=\"http:\/\/agrega.juntadeandalucia.es\/visualizar\/es\/es-an_2010110313_9101154\/true\" target=\"_blank\" rel=\"noopener noreferrer\">Sociedad y medio ambiente. Un<\/a><a href=\"http:\/\/agrega.juntadeandalucia.es\/visualizar\/es\/es-an_2010110313_9101154\/true\" target=\"_blank\" rel=\"noopener noreferrer\"> espacio compartido: Estudio estad\u00edstico<\/a><\/h4>\n<p><a href=\"http:\/\/agrega.juntadeandalucia.es\/visualizar\/es\/es-an_2010110313_9101154\/true\" target=\"_blank\" rel=\"noopener noreferrer\"><img loading=\"lazy\" decoding=\"async\" class=\" size-medium wp-image-2137 alignleft\" src=\"http:\/\/blogsaverroes.juntadeandalucia.es\/temahuemanies\/files\/2015\/03\/matematicas01-300x211.png\" alt=\"matematicas01\" width=\"300\" height=\"211\" srcset=\"https:\/\/blogsaverroes.juntadeandalucia.es\/iesgamonares\/files\/2015\/03\/matematicas01-300x211.png 300w, https:\/\/blogsaverroes.juntadeandalucia.es\/iesgamonares\/files\/2015\/03\/matematicas01.png 525w\" sizes=\"(max-width: 300px) 100vw, 300px\" \/><\/a><\/p>\n<p>Cuando vemos en televisi\u00f3n <b>noticias relacionadas con el medio ambiente<\/b>, o cuando las leemos en los peri\u00f3dicos o en las revistas, casi siempre vienen acompa\u00f1adas de <b>gr\u00e1ficos <\/b>extra\u00f1os&#8230;<strong> De cifras<\/strong><\/p>\n<p>&nbsp;<\/p>\n<p>&nbsp;<\/p>\n<p>&nbsp;<\/p>\n<h4><a href=\"http:\/\/agrega.juntadeandalucia.es\/visualizar\/es\/es-an_2010070613_9112123\/true\" target=\"_blank\" rel=\"noopener noreferrer\">Cifras y letras: H\u00e1gase el n\u00famero<\/a><\/h4>\n<p><a href=\"http:\/\/agrega.juntadeandalucia.es\/visualizar\/es\/es-an_2010070613_9112123\/true\" target=\"_blank\" rel=\"noopener noreferrer\"><img loading=\"lazy\" decoding=\"async\" class=\" size-medium wp-image-2140 alignleft\" src=\"http:\/\/blogsaverroes.juntadeandalucia.es\/temahuemanies\/files\/2015\/03\/matematicas02-241x300.jpg\" alt=\"matematicas02\" width=\"241\" height=\"300\" srcset=\"https:\/\/blogsaverroes.juntadeandalucia.es\/iesgamonares\/files\/2015\/03\/matematicas02-241x300.jpg 241w, https:\/\/blogsaverroes.juntadeandalucia.es\/iesgamonares\/files\/2015\/03\/matematicas02.jpg 361w\" sizes=\"(max-width: 241px) 100vw, 241px\" \/><\/a><\/p>\n<p>La realidad en la que vivimos est\u00e1 regida por n\u00fameros: nos despiertan, nos marcan l\u00edmites, nos indican d\u00f3nde ir, cu\u00e1ndo marcharnos, c\u00f3mo cocinar, nos comparan y valoran,&#8230;<\/p>\n<p>Aunque hoy en d\u00eda esta afirmaci\u00f3n la asumamos sin problemas, la situaci\u00f3n era muy diferente en el mundo antiguo. La noci\u00f3n de n\u00famero nace como una idea casi metaf\u00edsica, y a medida que el hombre va evolucionando los n\u00fameros se van desarrollando para ayudar a responder a los retos de cada momento.<\/p>\n<p>Pit\u00e1goras fue el primer matem\u00e1tico en explorar el mundo de los n\u00fameros. Para \u00e9l, <em>\u00abtodo es n\u00famero\u00bb<\/em>, ya que consideraba que filosof\u00eda, naturaleza y matem\u00e1ticas estaban muy entrelazadas.<\/p>\n<p>Con el transcurso del tiempo, los n\u00fameros naturales se ampliaron con los negativos, con el cero, con los n\u00fameros racionales, los irracionales&#8230; hasta constituir una estructura b\u00e1sica s\u00f3lida en la que se basa la matem\u00e1tica actual.<\/p>\n","protected":false},"excerpt":{"rendered":"<p>Programaci\u00f3n del curso 2025\/2026: Programacio\u0301n 1\u00ba ESO Programacio\u0301n 2\u00ba ESO Programacio\u0301n 3\u00ba ESO Programacio\u0301n 3\u00ba ACT Programacio\u0301n 4\u00ba Matem\u00e1ticas A Programacio\u0301n 4\u00ba Matem\u00e1ticas B &nbsp; Programaci\u00f3n del curso 2024\/2025: Programaci\u00f3n 1\u00ba de ESO Programaci\u00f3n&#46;&#46;&#46;<\/p>\n","protected":false},"author":1,"featured_media":0,"parent":158,"menu_order":0,"comment_status":"open","ping_status":"open","template":"page-templates\/child-menu.php","meta":{"ngg_post_thumbnail":0,"footnotes":"","_mc_calendar":[]},"aioseo_notices":[],"_links":{"self":[{"href":"https:\/\/blogsaverroes.juntadeandalucia.es\/iesgamonares\/wp-json\/wp\/v2\/pages\/369"}],"collection":[{"href":"https:\/\/blogsaverroes.juntadeandalucia.es\/iesgamonares\/wp-json\/wp\/v2\/pages"}],"about":[{"href":"https:\/\/blogsaverroes.juntadeandalucia.es\/iesgamonares\/wp-json\/wp\/v2\/types\/page"}],"author":[{"embeddable":true,"href":"https:\/\/blogsaverroes.juntadeandalucia.es\/iesgamonares\/wp-json\/wp\/v2\/users\/1"}],"replies":[{"embeddable":true,"href":"https:\/\/blogsaverroes.juntadeandalucia.es\/iesgamonares\/wp-json\/wp\/v2\/comments?post=369"}],"version-history":[{"count":8,"href":"https:\/\/blogsaverroes.juntadeandalucia.es\/iesgamonares\/wp-json\/wp\/v2\/pages\/369\/revisions"}],"predecessor-version":[{"id":3907,"href":"https:\/\/blogsaverroes.juntadeandalucia.es\/iesgamonares\/wp-json\/wp\/v2\/pages\/369\/revisions\/3907"}],"up":[{"embeddable":true,"href":"https:\/\/blogsaverroes.juntadeandalucia.es\/iesgamonares\/wp-json\/wp\/v2\/pages\/158"}],"wp:attachment":[{"href":"https:\/\/blogsaverroes.juntadeandalucia.es\/iesgamonares\/wp-json\/wp\/v2\/media?parent=369"}],"curies":[{"name":"wp","href":"https:\/\/api.w.org\/{rel}","templated":true}]}}