{"id":44,"date":"2015-03-13T08:42:15","date_gmt":"2015-03-13T08:42:15","guid":{"rendered":"http:\/\/blogsaverroes.juntadeandalucia.es\/pre\/ceip\/?page_id=44"},"modified":"2020-05-10T15:44:21","modified_gmt":"2020-05-10T15:44:21","slug":"planes-y-proyectos","status":"publish","type":"page","link":"https:\/\/blogsaverroes.juntadeandalucia.es\/iesgamonares\/planes-y-proyectos\/","title":{"rendered":"Planes y Programas"},"content":{"rendered":"<p><img loading=\"lazy\" decoding=\"async\" class=\"alignnone size-medium wp-image-1667\" src=\"http:\/\/blogsaverroes.juntadeandalucia.es\/temahuemanies\/files\/2015\/03\/planes-300x150.png\" alt=\"planes\" width=\"300\" height=\"150\" srcset=\"https:\/\/blogsaverroes.juntadeandalucia.es\/iesgamonares\/files\/2015\/03\/planes-300x150.png 300w, https:\/\/blogsaverroes.juntadeandalucia.es\/iesgamonares\/files\/2015\/03\/planes.png 640w\" sizes=\"(max-width: 300px) 100vw, 300px\" \/><\/p>\n<p><strong>Planes y Programas<\/strong> promovidos desde la Consejer\u00eda de Educaci\u00f3n, Cultura y Deporte.<\/p>\n<ul>\n<li><strong>Plan de Igualdad de G\u00e9nero en Educaci\u00f3n.<\/strong><\/li>\n<li><strong>Prevenci\u00f3n de la Violencia de G\u00e9nero.<\/strong><\/li>\n<li><strong>Plan de Salud Laboral y P.R.L.<\/strong><\/li>\n<li><strong>Pr\u00e1cticum M\u00e1ster Secundaria.<\/strong><\/li>\n<li><strong>Red Andaluza Escuela: \u00abEspacio de paz\u00bb.<\/strong><\/li>\n<li><strong>Escuela TIC 2.0.<\/strong><\/li>\n<li><strong>Proyecto de Innovaci\u00f3n\/Investigaci\u00f3n en colaboraci\u00f3n con Universidades Andaluzas.<\/strong><\/li>\n<li><strong>Forma Joven en el \u00e1mbito educativo.<\/strong><\/li>\n<li><strong>AulaJaque.<\/strong><\/li>\n<li><strong>Aldea, Educaci\u00f3n Ambiental para la Comunidad Educativa-Modalidad B<\/strong><\/li>\n<\/ul>\n<p>&nbsp;<\/p>\n","protected":false},"excerpt":{"rendered":"<p>Planes y Programas promovidos desde la Consejer\u00eda de Educaci\u00f3n, Cultura y Deporte. Plan de Igualdad de G\u00e9nero en Educaci\u00f3n. Prevenci\u00f3n de la Violencia de G\u00e9nero. Plan de Salud Laboral y P.R.L. Pr\u00e1cticum M\u00e1ster Secundaria.&#46;&#46;&#46;<\/p>\n","protected":false},"author":1,"featured_media":0,"parent":0,"menu_order":0,"comment_status":"open","ping_status":"closed","template":"page-templates\/child-menu.php","meta":{"ngg_post_thumbnail":0,"footnotes":"","_mc_calendar":[]},"aioseo_notices":[],"_links":{"self":[{"href":"https:\/\/blogsaverroes.juntadeandalucia.es\/iesgamonares\/wp-json\/wp\/v2\/pages\/44"}],"collection":[{"href":"https:\/\/blogsaverroes.juntadeandalucia.es\/iesgamonares\/wp-json\/wp\/v2\/pages"}],"about":[{"href":"https:\/\/blogsaverroes.juntadeandalucia.es\/iesgamonares\/wp-json\/wp\/v2\/types\/page"}],"author":[{"embeddable":true,"href":"https:\/\/blogsaverroes.juntadeandalucia.es\/iesgamonares\/wp-json\/wp\/v2\/users\/1"}],"replies":[{"embeddable":true,"href":"https:\/\/blogsaverroes.juntadeandalucia.es\/iesgamonares\/wp-json\/wp\/v2\/comments?post=44"}],"version-history":[{"count":7,"href":"https:\/\/blogsaverroes.juntadeandalucia.es\/iesgamonares\/wp-json\/wp\/v2\/pages\/44\/revisions"}],"predecessor-version":[{"id":2601,"href":"https:\/\/blogsaverroes.juntadeandalucia.es\/iesgamonares\/wp-json\/wp\/v2\/pages\/44\/revisions\/2601"}],"wp:attachment":[{"href":"https:\/\/blogsaverroes.juntadeandalucia.es\/iesgamonares\/wp-json\/wp\/v2\/media?parent=44"}],"curies":[{"name":"wp","href":"https:\/\/api.w.org\/{rel}","templated":true}]}}