{"id":80,"date":"2015-03-16T06:57:36","date_gmt":"2015-03-16T06:57:36","guid":{"rendered":"http:\/\/blogsaverroes.juntadeandalucia.es\/pre\/ceip\/?page_id=80"},"modified":"2022-04-20T17:40:46","modified_gmt":"2022-04-20T17:40:46","slug":"curso-escolar","status":"publish","type":"page","link":"https:\/\/blogsaverroes.juntadeandalucia.es\/iesgamonares\/curso-escolar\/","title":{"rendered":"Planes y programas"},"content":{"rendered":"<p><strong>Planes y Programas<\/strong> promovidos desde la Consejer\u00eda de Educaci\u00f3n, Cultura y Deporte llevados a cabo en nuestro centro:<\/p>\n<ul>\n<li><strong>Plan de Igualdad de G\u00e9nero en Educaci\u00f3n.<\/strong><\/li>\n<li><strong>Programa COMUNICA.<\/strong><\/li>\n<li><strong>Proyecto STEAM: \u00abRob\u00f3tica aplicada al aula\u00bb.<\/strong><\/li>\n<li><strong>Red Andaluza Escuela: \u00abEspacio de Paz\u00bb.<\/strong><\/li>\n<li><strong>Plan de Salud Laboral y P.R.L.<\/strong><\/li>\n<li><strong>Programa Aldea, Educaci\u00f3n Ambiental para la Comunidad Educativa &#8211; Modalidad B.<\/strong><\/li>\n<li><strong>Programa AulaDJaque.<\/strong><\/li>\n<li><strong>Programa AulaDCine.<\/strong><\/li>\n<li><strong>Forma Joven en el \u00e1mbito educativo.<\/strong><\/li>\n<li><strong>Plan de Digitalizaci\u00f3n educativa.<\/strong><\/li>\n<\/ul>\n","protected":false},"excerpt":{"rendered":"<p>Planes y Programas promovidos desde la Consejer\u00eda de Educaci\u00f3n, Cultura y Deporte llevados a cabo en nuestro centro: Plan de Igualdad de G\u00e9nero en Educaci\u00f3n. Programa COMUNICA. Proyecto STEAM: \u00abRob\u00f3tica aplicada al aula\u00bb. Red&#46;&#46;&#46;<\/p>\n","protected":false},"author":1,"featured_media":0,"parent":0,"menu_order":0,"comment_status":"open","ping_status":"open","template":"page-templates\/child-menu.php","meta":{"ngg_post_thumbnail":0,"footnotes":"","_mc_calendar":[]},"aioseo_notices":[],"_links":{"self":[{"href":"https:\/\/blogsaverroes.juntadeandalucia.es\/iesgamonares\/wp-json\/wp\/v2\/pages\/80"}],"collection":[{"href":"https:\/\/blogsaverroes.juntadeandalucia.es\/iesgamonares\/wp-json\/wp\/v2\/pages"}],"about":[{"href":"https:\/\/blogsaverroes.juntadeandalucia.es\/iesgamonares\/wp-json\/wp\/v2\/types\/page"}],"author":[{"embeddable":true,"href":"https:\/\/blogsaverroes.juntadeandalucia.es\/iesgamonares\/wp-json\/wp\/v2\/users\/1"}],"replies":[{"embeddable":true,"href":"https:\/\/blogsaverroes.juntadeandalucia.es\/iesgamonares\/wp-json\/wp\/v2\/comments?post=80"}],"version-history":[{"count":3,"href":"https:\/\/blogsaverroes.juntadeandalucia.es\/iesgamonares\/wp-json\/wp\/v2\/pages\/80\/revisions"}],"predecessor-version":[{"id":3027,"href":"https:\/\/blogsaverroes.juntadeandalucia.es\/iesgamonares\/wp-json\/wp\/v2\/pages\/80\/revisions\/3027"}],"wp:attachment":[{"href":"https:\/\/blogsaverroes.juntadeandalucia.es\/iesgamonares\/wp-json\/wp\/v2\/media?parent=80"}],"curies":[{"name":"wp","href":"https:\/\/api.w.org\/{rel}","templated":true}]}}